{"id":172,"date":"2023-10-02T20:45:14","date_gmt":"2023-10-02T18:45:14","guid":{"rendered":"https:\/\/katedra.sk\/folyoirat\/?page_id=172"},"modified":"2025-09-15T07:57:05","modified_gmt":"2025-09-15T05:57:05","slug":"szerzoinknek","status":"publish","type":"page","link":"https:\/\/katedra.sk\/folyoirat\/szerzoinknek\/","title":{"rendered":"Szerz\u0151inknek"},"content":{"rendered":"<p style=\"text-align: justify;\"><strong>A\u00a0k\u00e9zirat formai elv\u00e1r\u00e1sai<\/strong><\/p>\n<p style=\"text-align: justify;\">A\u00a0Katedra foly\u00f3irat \u00e9vente 5\u00a0duplasz\u00e1mot tesz k\u00f6zz\u00e9 a\u00a0<a href=\"https:\/\/katedra.sk\">https:\/\/katedra.sk<\/a>\u00a0oldalon. A\u00a033.\u00a0\u00e9vfolyam lapsz\u00e1mai a\u00a0k\u00f6vetkez\u0151 id\u0151pontokban jelennek meg:<\/p>\n<ul style=\"list-style-type: '\u2013 ' !important; text-align: justify;\">\n<li>szeptember 15.<\/li>\n<li>november 14.<\/li>\n<li>janu\u00e1r\u00a015.<\/li>\n<li>m\u00e1rcius 16.<\/li>\n<li>m\u00e1jus\u00a015.<\/li>\n<\/ul>\n<p style=\"text-align: justify;\">A 33. \u00e9vfolyam lapz\u00e1rt\u00e1i:<\/p>\n<ul style=\"list-style-type: '\u2013 ' !important; text-align: justify;\">\n<li style=\"text-align: justify;\">szeptemberi-okt\u00f3beri duplasz\u00e1m: 2025.\u00a0m\u00e1jus 31.<\/li>\n<li style=\"text-align: justify;\">novemberi-decemberi duplasz\u00e1m: 2025.\u00a0szep\u00adtem\u00adber 5.<\/li>\n<li style=\"text-align: justify;\">janu\u00e1r-febru\u00e1ri duplasz\u00e1m: 2025.\u00a0okt\u00f3ber 10.<\/li>\n<li style=\"text-align: justify;\">m\u00e1rcius-\u00e1prilisi duplasz\u00e1m: 2025.\u00a0december 20.<\/li>\n<li>m\u00e1jus-j\u00faniusi duplasz\u00e1m: 2026.\u00a0febru\u00e1r\u00a020.<\/li>\n<\/ul>\n<p style=\"text-align: justify;\">A\u00a0k\u00e9ziratokat a\u00a0<a href=\"mailto:mailto:katedra.szerkesztoseg@gmail.com\">katedra.\u200aszerkesztoseg@\u200agmail.\u200acom<\/a>\u00a0e-mail-c\u00edmre v\u00e1rjuk.<br \/>\nK\u00e9rj\u00fck a\u00a0szerz\u0151ket, a\u00a0lapba be\u00e9rkez\u0151 k\u00e9ziratokat <strong>MS Word-<\/strong>form\u00e1tumban, <strong>norm\u00e1l marg\u00f3<\/strong>val (als\u00f3, fels\u0151, jobb, bal: 2,5\u00a0cm), <strong>1\u2011es sork\u00f6z<\/strong>zel (0\u00a0pontos t\u00e9rk\u00f6zzel), <strong>sorkiz\u00e1rtan<\/strong>, <strong>Times New Roman<\/strong> bet\u0171t\u00edpussal szedve k\u00fcldj\u00e9k.<br \/>\nA cikk <strong>c\u00edm\u00e9t 14-es<\/strong> bet\u0171m\u00e9rettel, minden egyebet <strong>12\u2011es<\/strong> bet\u0171m\u00e9rettel \u00edrjanak.<br \/>\nA bekezd\u00e9sek jel\u00f6l\u00e9s\u00e9hez <strong>ne haszn\u00e1ljanak tabul\u00e1tort<\/strong>. Minden bekezd\u00e9s el\u0151tt egy\u00a0\u00fcres sort sz\u00farjanak be.<\/p>\n<p style=\"padding-left: 2em; text-align: justify;\"><strong>1.\u2002\u2002A publik\u00e1ci\u00f3k fel\u00e9p\u00edt\u00e9se<\/strong><\/p>\n<ul style=\"text-align: justify;\">\n<li style=\"list-style-type: none;\">\n<ul style=\"margin-top: -1em;\">\n<li>A\u00a0szerz\u0151 teljes neve<\/li>\n<li>A\u00a0publik\u00e1ci\u00f3 c\u00edme<\/li>\n<li>Alc\u00edmekkel tagolt sz\u00f6vegt\u00f6rzs (az\u00a0alc\u00edmeket nem sz\u00e1mozzuk)<\/li>\n<li>A\u00a0felhaszn\u00e1lt irodalom jegyz\u00e9ke<\/li>\n<li>A\u00a0szerz\u0151 affili\u00e1ci\u00f3ja<\/li>\n<li>A\u00a0k\u00e9p- vagy \u00e1bramell\u00e9kletet k\u00fcl\u00f6n csatolm\u00e1nyban k\u00e9rj\u00fck k\u00fcldeni.<\/li>\n<\/ul>\n<\/li>\n<\/ul>\n<p style=\"padding-left: 2em; text-align: justify;\"><strong>2.\u2002\u2002A szerz\u0151 affili\u00e1ci\u00f3ja<\/strong><\/p>\n<p style=\"margin-top: -1em; text-align: justify;\">A\u00a0Katedra a\u00a0k\u00f6vetkez\u0151 adatokat teszi k\u00f6zz\u00e9 a\u00a0szerz\u0151kr\u0151l:<\/p>\n<ol style=\"text-align: justify;\">\n<li style=\"list-style-type: none;\">\n<ul style=\"margin-top: -1em;\">\n<li>N\u00e9v<\/li>\n<li>Munkahely, beoszt\u00e1s<\/li>\n<li>Publikus e-mail-c\u00edm<\/li>\n<\/ul>\n<\/li>\n<\/ol>\n<p style=\"padding-left: 2em; text-align: justify;\"><strong>3.\u2002\u2002Terjedelem<\/strong><\/p>\n<p style=\"margin-top: -1em; text-align: justify;\">A\u00a0Katedra tanulm\u00e1nyokat, szakcikkeket \u00e9s\u00a0tud\u00f3s\u00edt\u00e1sokat tesz k\u00f6zz\u00e9.<br \/>\nA tanulm\u00e1nyok terjedelme 15\u2009000\u00a0\u2013 18\u2009000\u00a0karakter (l\u00e1bjegyzetekkel, sz\u00f3k\u00f6z\u00f6kkel, felhaszn\u00e1lt irodalommal egy\u00fctt).<br \/>\nA szakcikkek terjedelme 8\u2009000\u00a0\u2013 13\u2009000\u00a0karakter (l\u00e1bjegyzetekkel, sz\u00f3k\u00f6z\u00f6kkel, felhaszn\u00e1lt irodalommal egy\u00fctt).<br \/>\nA tud\u00f3s\u00edt\u00e1sok terjedelme 3\u2009000\u00a0\u2013 4\u2009000\u00a0karakter.<br \/>\nKiv\u00e9teles esetben lehet\u0151s\u00e9g ny\u00edlik a\u00a0terjedelmi korl\u00e1tok \u00e1th\u00e1g\u00e1s\u00e1ra, ezt azonban a\u00a0szerkeszt\u0151vel kell egyeztetni.<br \/>\nK\u00e9rj\u00fck a\u00a0szerz\u0151ket, k\u00fcldjenek <strong>szem\u00e9lyesen k\u00e9sz\u00edtett<\/strong> vagy\u00a0enged\u00e9llyel k\u00f6z\u00f6lhet\u0151 fot\u00f3t, illusztr\u00e1ci\u00f3t, \u00e1br\u00e1t, t\u00e1bl\u00e1zatot is az\u00a0\u00edr\u00e1sukhoz.<\/p>\n<p style=\"padding-left: 2em; text-align: justify;\"><strong>4.\u2002\u2002Hivatkoz\u00e1sok<\/strong><\/p>\n<p style=\"margin-top: -1em; text-align: justify;\">A\u00a0foly\u00f3irat\u00a0<strong>sz\u00f6vegbelseji,\u00a0z\u00e1r\u00f3jelben k\u00f6z\u00f6lt<\/strong>\u00a0hivatkoz\u00e1sokat tartalmaz, amely a\u00a0szerz\u0151 csal\u00e1dnev\u00e9t, a\u00a0kiad\u00e1s \u00e9v\u00e9t \u00e9s\u00a0a\u00a0hivatkozott oldalsz\u00e1mo(ka)t jel\u00f6li ki (az\u00a0oldalsz\u00e1mok k\u00f6z\u00f6tt nagyk\u00f6t\u0151jel szerepel). Az\u00a0egyes adatokat vessz\u0151vel v\u00e1lasztjuk el, a\u00a0sz\u00e1mok ut\u00e1n nem szerepel pont: pl. (T\u00f3th, 2021, 15\u201316).<br \/>\nA z\u00e1r\u00f3jeles hivatkoz\u00e1s a\u00a0mondat r\u00e9sz\u00e9t k\u00e9pezi, ez\u00e9rt a\u00a0mondatz\u00e1r\u00f3 pontot a\u00a0z\u00e1r\u00f3jel bez\u00e1r\u00e1sa ut\u00e1n illessz\u00fck be, pl. \u201e\u2013 Menj el a\u00a0kir\u00e1lyhoz, h\u00edvd el eb\u00e9dre, ha m\u00e1r el\u00e9rt\u00fck, hogy minden\u00fcnk van, hisz \u0151 is a\u00a0kom\u00e1m az\u00a0egyik gyerek ut\u00e1n\u201d (S\u00e1f\u00e1r\u2013J\u00e9kely, 1973, 28\u201331).<\/p>\n<p style=\"padding-left: 2em; text-align: justify;\"><strong>5.\u2002\u2002Kiemel\u00e9sek, komment\u00e1rok<\/strong><\/p>\n<p style=\"margin-top: -1em; text-align: justify;\">A\u00a0<strong>c\u00edmet<\/strong> \u00e9s\u00a0alc\u00edmeket <strong>bolddal<\/strong> szedj\u00e9k, \u00e9s\u00a0hagyjanak ki ut\u00e1nuk egy\u00a0\u00fcres sort.<br \/>\nA t\u00f6rzssz\u00f6vegen bel\u00fcl kurziv\u00e1lt bet\u0171t\u00edpussal v\u00e9gezhetnek kiemel\u00e9seket. Az\u00a0al\u00e1h\u00faz\u00e1s funkci\u00f3t ne haszn\u00e1lj\u00e1k.<br \/>\nA komment\u00e1rok, megjegyz\u00e9sek <strong>v\u00e9gjegyzetek<\/strong> form\u00e1j\u00e1ban ker\u00fcljenek a\u00a0sz\u00f6vegbe, ne lapalji megjegyz\u00e9sk\u00e9nt.<\/p>\n<p style=\"padding-left: 2em; text-align: justify;\"><strong>6.\u2002\u2002Felhaszn\u00e1lt irodalom jegyz\u00e9ke<\/strong><\/p>\n<p style=\"margin-top: -1em; text-align: justify;\">A\u00a0felhaszn\u00e1lt irodalmat bet\u0171rendben, sorsz\u00e1m vagy egy\u00e9b jel\u00f6l\u00e9s n\u00e9lk\u00fcl, egym\u00e1s alatti t\u00e9telekk\u00e9nt t\u00fcntetj\u00fck fel, a\u00a0k\u00f6vetkez\u0151 m\u00f3don:<\/p>\n<ol style=\"text-align: justify;\">\n<li style=\"list-style-type: none;\">\n<ul style=\"margin-top: -1em;\">\n<li>A\u00a0szerz\u0151 teljes neve: csal\u00e1dn\u00e9v, ut\u00f3n\u00e9v (nem magyar n\u00e9v eset\u00e9n vessz\u0151vel jel\u00f6lj\u00fck a\u00a0felcser\u00e9lt n\u00e9vsorrendet: pl. Lejeune, Philippe)<\/li>\n<li>A\u00a0kiadv\u00e1ny megjelen\u00e9s\u00e9nek az\u00a0\u00e9ve (z\u00e1r\u00f3jelben, ezut\u00e1n kett\u0151spont)<\/li>\n<li>A\u00a0kiadv\u00e1ny c\u00edme\u00a0\u2013\u00a0d\u0151lt bet\u0171vel (ut\u00e1na pont)<\/li>\n<li>Monogr\u00e1fi\u00e1k, tanulm\u00e1nyk\u00f6tetek eset\u00e9ben (vessz\u0151vel elv\u00e1lasztva az\u00a0egyes t\u00e9telek):\n<ul style=\"margin-bottom: -1em;\">\n<li>A\u00a0kiad\u00e1s helye<\/li>\n<li>A\u00a0kiad\u00f3 neve<\/li>\n<li>Tanulm\u00e1nyk\u00f6tetekn\u00e9l: a\u00a0hivatkozott oldalsz\u00e1mok<\/li>\n<\/ul>\n<\/li>\n<li>Foly\u00f3iratcikkek eset\u00e9ben (vessz\u0151vel elv\u00e1lasztva az\u00a0egyes t\u00e9telek):\n<ul style=\"margin-bottom: -1em;\">\n<li>A\u00a0foly\u00f3irat neve<\/li>\n<li>\u00c9vfolyam<\/li>\n<li>Lapsz\u00e1m<\/li>\n<li>Oldalsz\u00e1m(ok)\u00a0\u2013\u00a0\u00fcgyeljenek r\u00e1, hogy nagyk\u00f6t\u0151jelet haszn\u00e1ljanak a\u00a0megadott oldalsz\u00e1mok k\u00f6z\u00f6tt, pl. 56\u201378.<\/li>\n<\/ul>\n<\/li>\n<li>ISBN- vagy ISSN-sz\u00e1m (ut\u00e1na pont)<\/li>\n<\/ul>\n<\/li>\n<\/ol>\n<p style=\"text-align: justify;\"><strong>MONOGR\u00c1FI\u00c1K:<br \/>\n<\/strong>Kiss Judit (2008):\u00a0<em>Bevezet\u00e9s a\u00a0gyermekirodalomba<\/em>. Kolozsv\u00e1r, \u00c1bel Kiad\u00f3, ISBN:\u00a0978-973-1140-766.<br \/>\nM\u00e9rei Ferenc\u00a0\u2013\u00a0V. Bin\u00e9t \u00c1gnes (2016):\u00a0<em>Gyermekl\u00e9lektan<\/em>. Budapest, Libri Kiad\u00f3, ISBN:\u00a0978-963-4430-35-6.<\/p>\n<p style=\"text-align: justify;\"><strong>TANULM\u00c1NYK\u00d6TETBEN MEGJELENT TANULM\u00c1NYOK:<\/strong><\/p>\n<ol style=\"text-align: justify;\">\n<li style=\"list-style-type: none;\">\n<ul style=\"margin-top: -1em;\">\n<li style=\"text-align: justify;\">EGY SZERZ\u0150S K\u00d6TET ESET\u00c9BEN: Kom\u00e1romi Gabriella (1999): Mes\u00e9k, mesereg\u00e9nyek, gyerekt\u00f6rt\u00e9netek. In:\u00a0U\u0151 (szerk.):\u00a0<em>Gyermekirodalom<\/em>. Budapest, Helikon Kiad\u00f3, 207\u2013231., ISBN:\u00a0978-963-2086-10-1.<br \/>\nLejeune, Philippe (2003): Az \u00f6n\u00e9let\u00edr\u00f3i paktum (ford. Varga R\u00f3bert). In:\u00a0U\u0151:\u00a0<em>\u00d6n\u00e9let\u00edr\u00e1s, \u00e9lett\u00f6rt\u00e9net, napl\u00f3. V\u00e1logatott tanulm\u00e1nyok Philippe Lejeune \u00edr\u00e1saib\u00f3l<\/em>\u00a0(szerk. Z. Varga Zolt\u00e1n). Budapest, L\u2019Harmattan Kiad\u00f3, 17\u201346., ISBN:\u00a0978-963-945-725-6.<\/li>\n<li style=\"text-align: justify;\">T\u00d6BBSZERZ\u0150S K\u00d6TET ESET\u00c9BEN: Nagy Gabriella \u00c1gnes (2017): Hagyom\u00e1nyos (n\u00e9p)mesemond\u00e1s. In:\u00a0Hans\u00e1gi \u00c1gnes\u00a0\u2013\u00a0Hermann Zolt\u00e1n\u00a0\u2013\u00a0M\u00e9sz\u00e1ros M\u00e1rton\u00a0\u2013\u00a0Szekeres Nikoletta (szerk.):\u00a0<em>Mesebesz\u00e9d. A\u00a0gyerek- \u00e9s\u00a0ifj\u00fas\u00e1gi irodalom k\u00e9zik\u00f6nyve<\/em>. Budapest, Fiatal \u00cdr\u00f3k Sz\u00f6vets\u00e9ge, 169\u2013222., ISBN: 978-615-572-905-8.<br \/>\n(A szerz\u0151k neve k\u00f6z\u00f6tt nagyk\u00f6t\u0151jelek szerepeljenek, melyek el\u0151tt \u00e9s\u00a0ut\u00e1n helyk\u00f6z legyen.)<\/li>\n<\/ul>\n<\/li>\n<\/ol>\n<p style=\"text-align: justify;\"><strong>PERIODIK\u00c1BAN K\u00d6Z\u00d6LT TANULM\u00c1NYOK:<br \/>\n<\/strong>N\u00e9meth Zolt\u00e1n (2004):\u00a0<em>A\u00a0nyitott m\u0171 mint sikerk\u00f6nyv<\/em>. In:\u00a0B\u00e1rka, 12.\u00a0\u00e9vf., 2.\u00a0sz., 103\u2013107., ISSN:\u00a01217-3053.<\/p>\n<p style=\"text-align: justify;\"><strong>INTERNETES HIVAKOZ\u00c1SOK:<br \/>\n<\/strong>A\u00a0hivatkozott adatok (szerz\u0151, tanulm\u00e1ny c\u00edme, megjelen\u00e9s adatai) felt\u00fcntet\u00e9se ut\u00e1n megadjuk a\u00a0linket, v\u00e9g\u00fcl z\u00e1r\u00f3jelben az\u00a0utols\u00f3 let\u00f6lt\u00e9s idej\u00e9t, ebben a\u00a0form\u00e1ban:<br \/>\nS\u00e1ndor Katalin (2006):\u00a0<em>K\u00f6zel\u00edt\u00e9sek a\u00a0m\u00e9diumk\u00f6zis\u00e9g k\u00e9rd\u00e9seihez I.<\/em>. In:\u00a0Iskolakult\u00fara, 16.\u00a0\u00e9vf., 1.\u00a0sz., 17\u201336., url:\u00a0<a href=\"http:\/\/real.mtak.hu\/57782\/1\/EPA00011_iskolakultura_2006_%2001_017-036.pdf\" target=\"_blank\" rel=\"noopener\">http:\/\/\u200breal\u200b.\u200amtak\u200b.\u200ahu\u200b\/\u200a57782\u200b\/\u200a1\u200b\/\u200aEPA00011\u200b_iskolakultura_\u200b\u200a2006\u200b_\u200a01\u200b_\u200a\u200b017\u200b-036.pdf<\/a>\u00a0(Let\u00f6lt\u00e9s ideje: 2021.\u00a0m\u00e1rcius\u00a020.)<br \/>\nHa nincsenek bibliogr\u00e1fiai adatai a\u00a0hivatkozott oldalnak (pl. egy\u00a0vide\u00f3t szeretn\u00e9nk mell\u00e9kelni), akkor web 1, web 2\u00a0stb. form\u00e1ban nevezz\u00fck el a\u00a0linket, majd a\u00a0felhaszn\u00e1lt irodalom v\u00e9g\u00e9re soroljuk ezeket, pl. web 1\u00a0= <a href=\"https:\/\/pompasnapok.hu\/\" target=\"_blank\" rel=\"noopener\">https:\/\/\u200bpompasnapok\u200b.hu\/<\/a><\/p>\n<p style=\"padding-left: 2em; text-align: justify;\"><strong>7.\u2002\u2002B\u00edr\u00e1lt tanulm\u00e1nyok<\/strong><\/p>\n<p style=\"margin-top: -1em; text-align: justify;\">2022\u00a0szeptember\u00e9t\u0151l lapsz\u00e1monk\u00e9nt 2-3\u00a0tanulm\u00e1ny anonim b\u00edr\u00e1lat\u00e1t is biztos\u00edtjuk. A\u00a0be\u00e9rkezett tanulm\u00e1nyok k\u00f6z\u00fcl a\u00a0szerkeszt\u0151s\u00e9g v\u00e1lasztja ki, melyik \u00edr\u00e1st helyezi b\u00edr\u00e1lati folyamat al\u00e1, azonban a\u00a0szerz\u0151k maguk is k\u00e9rhetik a\u00a0recenze\u00e1l\u00e1s elind\u00edt\u00e1s\u00e1t. A\u00a0b\u00edr\u00e1lati folyamatr\u00f3l a\u00a0tanulm\u00e1ny v\u00e9g\u00e9n egy\u00a0megjegyz\u00e9st ad h\u00edrt. Mivel a\u00a0recenze\u00e1l\u00e1s hosszabb szerkeszt\u00e9si id\u0151t vesz ig\u00e9nybe, legal\u00e1bb 1\u00a0h\u00f3nappal a\u00a0 megjelen\u00e9s el\u0151tt k\u00e9rj\u00fck ezeket a\u00a0 k\u00e9ziratokat a\u00a0 szerkeszt\u0151s\u00e9gbe juttatni.<br \/>\nA b\u00edr\u00e1lati folyamat \u00e1llom\u00e1sai:<\/p>\n<ul style=\"text-align: justify;\">\n<li style=\"list-style-type: none;\">\n<ul style=\"margin-top: -1em;\">\n<li>a\u00a0k\u00e9zirat bek\u00fcld\u00e9se a\u00a0szerkeszt\u0151s\u00e9gbe (a\u00a0<a href=\"mailto:katedra.szerkesztoseg@gmail.com\">katedra\u200b.szerkesztoseg\u200b@gmail\u200b.com<\/a>\u00a0c\u00edmre), esetlegesen kieg\u00e9sz\u00edtve a\u00a0b\u00edr\u00e1lat ig\u00e9nyl\u00e9s\u00e9vel<\/li>\n<li>a\u00a0szerkeszt\u0151s\u00e9g 2\u00a0anonim b\u00edr\u00e1l\u00f3t k\u00e9r fel a\u00a0tanulm\u00e1ny \u00e9rt\u00e9kel\u00e9s\u00e9re<\/li>\n<li>a\u00a0b\u00edr\u00e1latok eljuttat\u00e1sa a\u00a0szerz\u0151h\u00f6z<\/li>\n<li>a\u00a0b\u00edr\u00e1l\u00f3i \u00e9szrev\u00e9telek bedolgoz\u00e1sa, a\u00a0tanulm\u00e1ny jav\u00edtott v\u00e1ltozat\u00e1nak a\u00a0szerkeszt\u0151s\u00e9gbe juttat\u00e1sa<\/li>\n<li>a\u00a0tanulm\u00e1ny szerkeszt\u00e9se, korrekt\u00far\u00e1ja<\/li>\n<li>a\u00a0tanulm\u00e1ny k\u00f6zz\u00e9t\u00e9tele az\u00a0aktu\u00e1lis lapsz\u00e1mban<\/li>\n<\/ul>\n<\/li>\n<\/ul>\n<p style=\"padding-left: 2em; text-align: justify;\"><strong>8.\u2002\u2002Illusztr\u00e1ci\u00f3k, \u00e1br\u00e1k, fot\u00f3k<\/strong><\/p>\n<p style=\"text-align: justify; margin-top: -1em;\">Az\u00a0\u00edr\u00e1shoz tartoz\u00f3 vizu\u00e1lis elemeket <strong>mell\u00e9kletk\u00e9nt<\/strong> (pl. jpg-form\u00e1tumban) <strong>\u00e9s<\/strong>\u00a0<strong>Wordbe illesztetten<\/strong> <strong>IS<\/strong> k\u00e9rj\u00fck elk\u00fcldeni.<br \/>\nSzem\u00e9lyalakos fot\u00f3t csak abban az\u00a0esetben fogadunk el, ha a\u00a0fot\u00f3n szerepl\u0151 szem\u00e9ly vagy annak t\u00f6rv\u00e9nyes k\u00e9pvisel\u0151je \u00edr\u00e1sos beleegyez\u00e9s\u00e9t adta a\u00a0k\u00f6zz\u00e9t\u00e9telre. Az\u00a0\u00edr\u00e1sos beleegyez\u00e9s nyomtatv\u00e1nya\u00a0<a href=\"https:\/\/katedra.sk\/folyoirat\/wp-content\/uploads\/2023\/10\/Hozzajarulo_nyilatkozat_fenykep_kozlesere_a_Katedraban.docx\">ITT<\/a>\u00a0\u00e9rhet\u0151 el.<br \/>\nAz illusztr\u00e1ci\u00f3k, \u00e1br\u00e1k, fot\u00f3k al\u00e1 \u00edrja fel a\u00a0szerz\u0151 a\u00a0<strong>k\u00e9pal\u00e1\u00edr\u00e1st<\/strong> \u00e9s\u00a0a\u00a0forr\u00e1st. Ezeket <strong>bolddal<\/strong> szedje a\u00a0szerz\u0151, \u00e9s\u00a0igaz\u00edtsa <strong>k\u00f6z\u00e9pre<\/strong>.<br \/>\nA k\u00e9pal\u00e1\u00edr\u00e1s tartalmazza a\u00a0k\u00e9p t\u00edpus\u00e1t \u00e9s\u00a0sorsz\u00e1m\u00e1t (pl. 1.\u00a0\u00e1bra, 1.\u00a0t\u00e1bl\u00e1zat, 1.\u00a0k\u00e9p), valamint a\u00a0megnevez\u00e9s\u00e9t is. A\u00a0<strong>forr\u00e1s<\/strong> felt\u00fcntet\u00e9sekor: ha saj\u00e1t szerkeszt\u00e9s\u0171 \u00e1br\u00e1r\u00f3l van sz\u00f3, akkor ezt \u00edrj\u00e1k: A\u00a0szerz\u0151 szerkeszt\u00e9se\/alkot\u00e1sa. Ha szakirodalomb\u00f3l mer\u00edtett, akkor a\u00a0hivatkozott szerz\u0151 csal\u00e1dnev\u00e9t, a\u00a0hivatkozott forr\u00e1s kiad\u00e1s\u00e1nak \u00e9v\u00e9t \u00e9s\u00a0a\u00a0hivatkozott oldalsz\u00e1mot t\u00fcntesse fel, vessz\u0151kkel ell\u00e1tva, pl.: Nagy, 2024, 56<\/p>\n<table style=\"width: auto; margin-left: auto; margin-right: auto; border-collapse: collapse;\">\n<caption style=\"caption-side: bottom;\">\n<div><span style=\"color: white;\">a<\/span><\/div>\n<div style=\"text-align: center;\"><strong>2.\u00a0t\u00e1bl\u00e1zat: Az <em>Iszonytat\u00f3 n\u0151iess\u00e9g<\/em> c\u00edm\u0171 gyakorlat egy\u00a0lehets\u00e9ges megold\u00e1sa<br \/>\nForr\u00e1s: A\u00a0szerz\u0151 szerkeszt\u00e9se\/ T\u00e1rk\u00e1nyi, 2024, 5<\/strong><\/div>\n<\/caption>\n<tbody>\n<tr>\n<td style=\"border: 1px solid black;\" colspan=\"2\"><strong>Catherine Moreau<\/strong><\/td>\n<\/tr>\n<tr>\n<td style=\"border-left: 1px solid black; border-right: 1px solid black; border-bottom: 1px solid black;\"><strong>Megfelel<\/strong> a\u00a019.\u00a0sz\u00e1zadi t\u00e1rsadalmi elv\u00e1r\u00e1soknak:<br \/>\nT\u00e1rsas\u00e1gi \u00e9letet folytat<br \/>\nVend\u00e9gek fogad\u00e1sakor sztereotip n\u0151i szerep<br \/>\nEllen\u0151rzi a\u00a0fiatalabb, Diana \u201eh\u00e1zi feladat\u00e1t\u201d<br \/>\n<span style=\"color: #fff;\">\u00a0<\/span><\/td>\n<td style=\"border-right: 1px solid black; border-bottom: 1px solid black;\" valign=\"top\"><strong>Nem felel meg<\/strong> a\u00a019.\u00a0sz\u00e1zadi t\u00e1rsadalmi elv\u00e1r\u00e1soknak:<br \/>\nF\u00e9rfik\u00e9nt \u00f6lt\u00f6zk\u00f6dik<br \/>\nIszik a\u00a0Duna viz\u00e9b\u0151l<\/td>\n<\/tr>\n<\/tbody>\n<\/table>\n","protected":false},"excerpt":{"rendered":"<p>A\u00a0k\u00e9zirat formai elv\u00e1r\u00e1sai A\u00a0Katedra foly\u00f3irat \u00e9vente 5\u00a0duplasz\u00e1mot tesz k\u00f6zz\u00e9 a\u00a0https:\/\/katedra.sk\u00a0oldalon. A\u00a033.\u00a0\u00e9vfolyam lapsz\u00e1mai a\u00a0k\u00f6vetkez\u0151 id\u0151pontokban jelennek meg: szeptember 15. november 14. janu\u00e1r\u00a015. m\u00e1rcius 16. m\u00e1jus\u00a015. A 33. \u00e9vfolyam lapz\u00e1rt\u00e1i: szeptemberi-okt\u00f3beri duplasz\u00e1m: 2025.\u00a0m\u00e1jus 31. novemberi-decemberi duplasz\u00e1m: 2025.\u00a0szep\u00adtem\u00adber 5. janu\u00e1r-febru\u00e1ri duplasz\u00e1m: 2025.\u00a0okt\u00f3ber 10. m\u00e1rcius-\u00e1prilisi duplasz\u00e1m: 2025.\u00a0december 20. m\u00e1jus-j\u00faniusi duplasz\u00e1m: 2026.\u00a0febru\u00e1r\u00a020. A\u00a0k\u00e9ziratokat a\u00a0katedra.\u200aszerkesztoseg@\u200agmail.\u200acom\u00a0e-mail-c\u00edmre v\u00e1rjuk. K\u00e9rj\u00fck a\u00a0szerz\u0151ket, a\u00a0lapba be\u00e9rkez\u0151 k\u00e9ziratokat [&hellip;]<\/p>\n","protected":false},"author":1,"featured_media":0,"parent":0,"menu_order":0,"comment_status":"closed","ping_status":"closed","template":"","meta":{"_acf_changed":false,"_lmt_disableupdate":"no","_lmt_disable":"","footnotes":""},"class_list":["post-172","page","type-page","status-publish","hentry"],"acf":[],"_links":{"self":[{"href":"https:\/\/katedra.sk\/folyoirat\/wp-json\/wp\/v2\/pages\/172","targetHints":{"allow":["GET"]}}],"collection":[{"href":"https:\/\/katedra.sk\/folyoirat\/wp-json\/wp\/v2\/pages"}],"about":[{"href":"https:\/\/katedra.sk\/folyoirat\/wp-json\/wp\/v2\/types\/page"}],"author":[{"embeddable":true,"href":"https:\/\/katedra.sk\/folyoirat\/wp-json\/wp\/v2\/users\/1"}],"replies":[{"embeddable":true,"href":"https:\/\/katedra.sk\/folyoirat\/wp-json\/wp\/v2\/comments?post=172"}],"version-history":[{"count":11,"href":"https:\/\/katedra.sk\/folyoirat\/wp-json\/wp\/v2\/pages\/172\/revisions"}],"predecessor-version":[{"id":28264,"href":"https:\/\/katedra.sk\/folyoirat\/wp-json\/wp\/v2\/pages\/172\/revisions\/28264"}],"wp:attachment":[{"href":"https:\/\/katedra.sk\/folyoirat\/wp-json\/wp\/v2\/media?parent=172"}],"curies":[{"name":"wp","href":"https:\/\/api.w.org\/{rel}","templated":true}]}}