{"id":201,"date":"2023-10-03T06:22:18","date_gmt":"2023-10-03T04:22:18","guid":{"rendered":"https:\/\/katedra.sk\/folyoirat\/?page_id=201"},"modified":"2023-10-03T06:22:26","modified_gmt":"2023-10-03T04:22:26","slug":"szerzoi-jogi-es-adatvedelmi-nyilatkozat","status":"publish","type":"page","link":"https:\/\/katedra.sk\/folyoirat\/szerzoi-jogi-es-adatvedelmi-nyilatkozat\/","title":{"rendered":"Szerz\u0151i jogi- \u00e9s adatv\u00e9delmi nyilatkozat"},"content":{"rendered":"<div lang=\"hu\">A\u00a0Katedra foly\u00f3irat a\u00a0k\u00f6z- \u00e9s\u00a0fels\u0151oktat\u00e1sban r\u00e9szt vev\u0151 pedag\u00f3gusok sz\u00e1m\u00e1ra sz\u00f3l\u00f3 foly\u00f3irat, amely tudom\u00e1nyos, ismeretterjeszt\u0151 \u00e9s\u00a0m\u00f3dszertani jelleg\u0171 szak\u00edr\u00e1sokat tartalmaz. A\u00a0publik\u00e1ci\u00f3k megjelen\u00e9s\u00e9t szerkeszt\u00e9si folyamat el\u0151zi meg, amely szakmai \u00e9s\u00a0nyelvi-stilisztikai korrekt\u00far\u00e1t foglal mag\u00e1ba. A\u00a0f\u0151szerkeszt\u0151 \u00e9s a\u00a0szerkeszt\u0151 biztos\u00edtj\u00e1k a\u00a0k\u00e9ziratok publik\u00e1l\u00e1s el\u0151tti bizalmas meg\u0151rz\u00e9s\u00e9t. Jogukban \u00e1ll eld\u00f6nteni, hogy a\u00a0szerkeszt\u0151s\u00e9gbe k\u00fcld\u00f6tt sz\u00f6vegek k\u00f6z\u00fcl melyeket teszik k\u00f6zz\u00e9 \u2013 err\u0151l kiz\u00e1r\u00f3lag az\u00a0adott \u00edr\u00e1s szakmai sz\u00ednvonala alapj\u00e1n d\u00f6ntenek. Sz\u00fcks\u00e9g eset\u00e9n a\u00a0szerz\u0151t\u0151l m\u00f3dos\u00edt\u00e1sokat k\u00e9rhetnek a\u00a0sz\u00f6vegen. A\u00a0k\u00e9ziratokat nem \u0151rzik meg, a\u00a0nem publik\u00e1lt \u00edr\u00e1sokat nem k\u00fcldik vissza.<\/div>\n<div lang=\"hu\"><\/div>\n<div lang=\"hu\">A\u00a0Katedra foly\u00f3iratban eredeti, kor\u00e1bban nem k\u00f6z\u00f6lt, eredeti, szakmai szempontb\u00f3l relev\u00e1ns, hivatkoz\u00e1sokkal ell\u00e1tott publik\u00e1ci\u00f3k jelennek meg, amely\u00e9rt a\u00a0szerz\u0151k v\u00e1llalnak felel\u0151ss\u00e9get. Amennyiben a\u00a0szerz\u0151 pontatlans\u00e1got fedez fel sz\u00f6veg\u00e9ben, az\u00a0\u0151 felel\u0151ss\u00e9ge \u00e9rtes\u00edteni a\u00a0szerkeszt\u0151t \u00e9s\u00a0egy\u00fctt\u00adm\u0171k\u00f6dni vele a\u00a0publik\u00e1ci\u00f3 jav\u00edt\u00e1s\u00e1r\u00f3l.<\/div>\n","protected":false},"excerpt":{"rendered":"<p>A\u00a0Katedra foly\u00f3irat a\u00a0k\u00f6z- \u00e9s\u00a0fels\u0151oktat\u00e1sban r\u00e9szt vev\u0151 pedag\u00f3gusok sz\u00e1m\u00e1ra sz\u00f3l\u00f3 foly\u00f3irat, amely tudom\u00e1nyos, ismeretterjeszt\u0151 \u00e9s\u00a0m\u00f3dszertani jelleg\u0171 szak\u00edr\u00e1sokat tartalmaz. A\u00a0publik\u00e1ci\u00f3k megjelen\u00e9s\u00e9t szerkeszt\u00e9si folyamat el\u0151zi meg, amely szakmai \u00e9s\u00a0nyelvi-stilisztikai korrekt\u00far\u00e1t foglal mag\u00e1ba. A\u00a0f\u0151szerkeszt\u0151 \u00e9s a\u00a0szerkeszt\u0151 biztos\u00edtj\u00e1k a\u00a0k\u00e9ziratok publik\u00e1l\u00e1s el\u0151tti bizalmas meg\u0151rz\u00e9s\u00e9t. Jogukban \u00e1ll eld\u00f6nteni, hogy a\u00a0szerkeszt\u0151s\u00e9gbe k\u00fcld\u00f6tt sz\u00f6vegek k\u00f6z\u00fcl melyeket teszik k\u00f6zz\u00e9 \u2013 err\u0151l kiz\u00e1r\u00f3lag az\u00a0adott \u00edr\u00e1s szakmai [&hellip;]<\/p>\n","protected":false},"author":1,"featured_media":0,"parent":0,"menu_order":0,"comment_status":"closed","ping_status":"closed","template":"","meta":{"_acf_changed":false,"_lmt_disableupdate":"","_lmt_disable":"","footnotes":""},"class_list":["post-201","page","type-page","status-publish","hentry"],"acf":[],"_links":{"self":[{"href":"https:\/\/katedra.sk\/folyoirat\/wp-json\/wp\/v2\/pages\/201","targetHints":{"allow":["GET"]}}],"collection":[{"href":"https:\/\/katedra.sk\/folyoirat\/wp-json\/wp\/v2\/pages"}],"about":[{"href":"https:\/\/katedra.sk\/folyoirat\/wp-json\/wp\/v2\/types\/page"}],"author":[{"embeddable":true,"href":"https:\/\/katedra.sk\/folyoirat\/wp-json\/wp\/v2\/users\/1"}],"replies":[{"embeddable":true,"href":"https:\/\/katedra.sk\/folyoirat\/wp-json\/wp\/v2\/comments?post=201"}],"version-history":[{"count":0,"href":"https:\/\/katedra.sk\/folyoirat\/wp-json\/wp\/v2\/pages\/201\/revisions"}],"wp:attachment":[{"href":"https:\/\/katedra.sk\/folyoirat\/wp-json\/wp\/v2\/media?parent=201"}],"curies":[{"name":"wp","href":"https:\/\/api.w.org\/{rel}","templated":true}]}}