{"id":205,"date":"2023-10-03T06:23:41","date_gmt":"2023-10-03T04:23:41","guid":{"rendered":"https:\/\/katedra.sk\/folyoirat\/?page_id=205"},"modified":"2024-08-29T01:29:37","modified_gmt":"2024-08-28T23:29:37","slug":"szerkesztoseg","status":"publish","type":"page","link":"https:\/\/katedra.sk\/folyoirat\/szerkesztoseg\/","title":{"rendered":"Szerkeszt\u0151s\u00e9g"},"content":{"rendered":"\t\t<div data-elementor-type=\"wp-page\" data-elementor-id=\"205\" class=\"elementor elementor-205\" data-elementor-post-type=\"page\">\n\t\t\t\t<div class=\"elementor-element elementor-element-38d31fd e-con-full e-flex e-con e-parent\" data-id=\"38d31fd\" data-element_type=\"container\" data-e-type=\"container\">\n\t\t<div class=\"elementor-element elementor-element-70cb2c9 e-flex e-con-boxed e-con e-child\" data-id=\"70cb2c9\" data-element_type=\"container\" data-e-type=\"container\">\n\t\t\t\t\t<div class=\"e-con-inner\">\n\t\t\t\t<div class=\"elementor-element elementor-element-9a3b582 elementor-widget elementor-widget-heading\" data-id=\"9a3b582\" data-element_type=\"widget\" data-e-type=\"widget\" data-widget_type=\"heading.default\">\n\t\t\t\t<div class=\"elementor-widget-container\">\n\t\t\t\t\t<h3 class=\"elementor-heading-title elementor-size-default\">F\u0151szerkeszt\u0151:<\/h3>\t\t\t\t<\/div>\n\t\t\t\t<\/div>\n\t\t<div class=\"elementor-element elementor-element-e744f80 e-con-full e-flex e-con e-child\" data-id=\"e744f80\" data-element_type=\"container\" data-e-type=\"container\">\n\t\t\t\t<div class=\"elementor-element elementor-element-8e3ab0b elementor-widget elementor-widget-image\" data-id=\"8e3ab0b\" data-element_type=\"widget\" data-e-type=\"widget\" data-widget_type=\"image.default\">\n\t\t\t\t<div class=\"elementor-widget-container\">\n\t\t\t\t\t\t\t\t\t\t\t\t\t\t\t<img decoding=\"async\" width=\"150\" height=\"150\" src=\"https:\/\/katedra.sk\/folyoirat\/wp-content\/uploads\/2023\/10\/Petres-Csizmadia-Gabriella.jpg\" class=\"attachment-thumbnail size-thumbnail wp-image-293\" alt=\"\" \/>\t\t\t\t\t\t\t\t\t\t\t\t\t\t\t<\/div>\n\t\t\t\t<\/div>\n\t\t<div class=\"elementor-element elementor-element-d4097d7 e-con-full e-flex e-con e-child\" data-id=\"d4097d7\" data-element_type=\"container\" data-e-type=\"container\">\n\t\t\t\t<div class=\"elementor-element elementor-element-87547db elementor-widget elementor-widget-heading\" data-id=\"87547db\" data-element_type=\"widget\" data-e-type=\"widget\" data-widget_type=\"heading.default\">\n\t\t\t\t<div class=\"elementor-widget-container\">\n\t\t\t\t\t<h4 class=\"elementor-heading-title elementor-size-default\"><a href=\"https:\/\/katedra.sk\/polgari-tarsulas\/kapcsolat\/\">doc. Mgr. Petres Csizmadia Gabriella, PhD.<\/a><\/h4>\t\t\t\t<\/div>\n\t\t\t\t<\/div>\n\t\t\t\t<div class=\"elementor-element elementor-element-c02e292 elementor-widget elementor-widget-text-editor\" data-id=\"c02e292\" data-element_type=\"widget\" data-e-type=\"widget\" data-widget_type=\"text-editor.default\">\n\t\t\t\t<div class=\"elementor-widget-container\">\n\t\t\t\t\t\t\t\t\t<p>f\u0151szerkeszt\u0151, a Katedra-versenyek koordin\u00e1tora, egyetemi docens<\/p>\t\t\t\t\t\t\t\t<\/div>\n\t\t\t\t<\/div>\n\t\t\t\t<div class=\"elementor-element elementor-element-513b50e elementor-icon-list--layout-traditional elementor-list-item-link-full_width elementor-widget elementor-widget-icon-list\" data-id=\"513b50e\" data-element_type=\"widget\" data-e-type=\"widget\" data-widget_type=\"icon-list.default\">\n\t\t\t\t<div class=\"elementor-widget-container\">\n\t\t\t\t\t\t\t<ul class=\"elementor-icon-list-items\">\n\t\t\t\t\t\t\t<li class=\"elementor-icon-list-item\">\n\t\t\t\t\t\t\t\t\t\t\t<a href=\"mailto:katedra\u200b.szerkesztoseg@\u200bgmail.\u200bcom\">\n\n\t\t\t\t\t\t\t\t\t\t\t\t<span class=\"elementor-icon-list-icon\">\n\t\t\t\t\t\t\t<i aria-hidden=\"true\" class=\"far fa-envelope\"><\/i>\t\t\t\t\t\t<\/span>\n\t\t\t\t\t\t\t\t\t\t<span class=\"elementor-icon-list-text\">katedra\u200b.szerkesztoseg@\u200bgmail.\u200bcom<\/span>\n\t\t\t\t\t\t\t\t\t\t\t<\/a>\n\t\t\t\t\t\t\t\t\t<\/li>\n\t\t\t\t\t\t<\/ul>\n\t\t\t\t\t\t<\/div>\n\t\t\t\t<\/div>\n\t\t\t\t<\/div>\n\t\t\t\t<\/div>\n\t\t\t\t<div class=\"elementor-element elementor-element-4181935 elementor-widget elementor-widget-heading\" data-id=\"4181935\" data-element_type=\"widget\" data-e-type=\"widget\" data-widget_type=\"heading.default\">\n\t\t\t\t<div class=\"elementor-widget-container\">\n\t\t\t\t\t<h3 class=\"elementor-heading-title elementor-size-default\">F\u0151szerkeszt\u0151-helyettes:<\/h3>\t\t\t\t<\/div>\n\t\t\t\t<\/div>\n\t\t<div class=\"elementor-element elementor-element-36c84c4 e-con-full e-flex e-con e-child\" data-id=\"36c84c4\" data-element_type=\"container\" data-e-type=\"container\">\n\t\t\t\t<div class=\"elementor-element elementor-element-d02356c elementor-widget elementor-widget-image\" data-id=\"d02356c\" data-element_type=\"widget\" data-e-type=\"widget\" data-widget_type=\"image.default\">\n\t\t\t\t<div class=\"elementor-widget-container\">\n\t\t\t\t\t\t\t\t\t\t\t\t\t\t\t<img decoding=\"async\" width=\"150\" height=\"150\" src=\"https:\/\/katedra.sk\/folyoirat\/wp-content\/uploads\/2023\/10\/Brutovszky-Gabriella.jpg\" class=\"attachment-thumbnail size-thumbnail wp-image-294\" alt=\"\" \/>\t\t\t\t\t\t\t\t\t\t\t\t\t\t\t<\/div>\n\t\t\t\t<\/div>\n\t\t<div class=\"elementor-element elementor-element-d9c1287 e-con-full e-flex e-con e-child\" data-id=\"d9c1287\" data-element_type=\"container\" data-e-type=\"container\">\n\t\t\t\t<div class=\"elementor-element elementor-element-8817c70 elementor-widget elementor-widget-heading\" data-id=\"8817c70\" data-element_type=\"widget\" data-e-type=\"widget\" data-widget_type=\"heading.default\">\n\t\t\t\t<div class=\"elementor-widget-container\">\n\t\t\t\t\t<h4 class=\"elementor-heading-title elementor-size-default\">Dr. Brutovszky Gabriella,<\/h4>\t\t\t\t<\/div>\n\t\t\t\t<\/div>\n\t\t\t\t<div class=\"elementor-element elementor-element-05b3eea elementor-widget elementor-widget-text-editor\" data-id=\"05b3eea\" data-element_type=\"widget\" data-e-type=\"widget\" data-widget_type=\"text-editor.default\">\n\t\t\t\t<div class=\"elementor-widget-container\">\n\t\t\t\t\t\t\t\t\t<p>szerkeszt\u0151, gimn\u00e1ziumi tan\u00e1r<\/p>\t\t\t\t\t\t\t\t<\/div>\n\t\t\t\t<\/div>\n\t\t\t\t<div class=\"elementor-element elementor-element-d84f7a6 elementor-icon-list--layout-traditional elementor-list-item-link-full_width elementor-widget elementor-widget-icon-list\" data-id=\"d84f7a6\" data-element_type=\"widget\" data-e-type=\"widget\" data-widget_type=\"icon-list.default\">\n\t\t\t\t<div class=\"elementor-widget-container\">\n\t\t\t\t\t\t\t<ul class=\"elementor-icon-list-items\">\n\t\t\t\t\t\t\t<li class=\"elementor-icon-list-item\">\n\t\t\t\t\t\t\t\t\t\t\t<a href=\"mailto:katedra\u200b.szerkesztoseg@\u200bgmail.\u200bcom\">\n\n\t\t\t\t\t\t\t\t\t\t\t\t<span class=\"elementor-icon-list-icon\">\n\t\t\t\t\t\t\t<i aria-hidden=\"true\" class=\"far fa-envelope\"><\/i>\t\t\t\t\t\t<\/span>\n\t\t\t\t\t\t\t\t\t\t<span class=\"elementor-icon-list-text\">katedra\u200b.szerkesztoseg@\u200bgmail.\u200bcom<\/span>\n\t\t\t\t\t\t\t\t\t\t\t<\/a>\n\t\t\t\t\t\t\t\t\t<\/li>\n\t\t\t\t\t\t<\/ul>\n\t\t\t\t\t\t<\/div>\n\t\t\t\t<\/div>\n\t\t\t\t<\/div>\n\t\t\t\t<\/div>\n\t\t\t\t<div class=\"elementor-element elementor-element-d0a4dd1 elementor-widget elementor-widget-heading\" data-id=\"d0a4dd1\" data-element_type=\"widget\" data-e-type=\"widget\" data-widget_type=\"heading.default\">\n\t\t\t\t<div class=\"elementor-widget-container\">\n\t\t\t\t\t<h3 class=\"elementor-heading-title elementor-size-default\">Vezet\u0151 szerkeszt\u0151:<\/h3>\t\t\t\t<\/div>\n\t\t\t\t<\/div>\n\t\t<div class=\"elementor-element elementor-element-6864edb e-con-full e-flex e-con e-child\" data-id=\"6864edb\" data-element_type=\"container\" data-e-type=\"container\">\n\t\t\t\t<div class=\"elementor-element elementor-element-cdb2375 elementor-widget elementor-widget-image\" data-id=\"cdb2375\" data-element_type=\"widget\" data-e-type=\"widget\" data-widget_type=\"image.default\">\n\t\t\t\t<div class=\"elementor-widget-container\">\n\t\t\t\t\t\t\t\t\t\t\t\t\t\t\t<img decoding=\"async\" width=\"150\" height=\"150\" src=\"https:\/\/katedra.sk\/folyoirat\/wp-content\/uploads\/2024\/08\/Kralina_Hoboth_Katalin-150x150.jpg\" class=\"attachment-thumbnail size-thumbnail wp-image-9743\" alt=\"\" srcset=\"https:\/\/katedra.sk\/folyoirat\/wp-content\/uploads\/2024\/08\/Kralina_Hoboth_Katalin-150x150.jpg 150w, https:\/\/katedra.sk\/folyoirat\/wp-content\/uploads\/2024\/08\/Kralina_Hoboth_Katalin-300x300.jpg 300w, https:\/\/katedra.sk\/folyoirat\/wp-content\/uploads\/2024\/08\/Kralina_Hoboth_Katalin-768x768.jpg 768w, https:\/\/katedra.sk\/folyoirat\/wp-content\/uploads\/2024\/08\/Kralina_Hoboth_Katalin.jpg 963w\" sizes=\"(max-width: 150px) 100vw, 150px\" \/>\t\t\t\t\t\t\t\t\t\t\t\t\t\t\t<\/div>\n\t\t\t\t<\/div>\n\t\t<div class=\"elementor-element elementor-element-ae3a0a1 e-con-full e-flex e-con e-child\" data-id=\"ae3a0a1\" data-element_type=\"container\" data-e-type=\"container\">\n\t\t\t\t<div class=\"elementor-element elementor-element-7b332c3 elementor-widget elementor-widget-heading\" data-id=\"7b332c3\" data-element_type=\"widget\" data-e-type=\"widget\" data-widget_type=\"heading.default\">\n\t\t\t\t<div class=\"elementor-widget-container\">\n\t\t\t\t\t<h4 class=\"elementor-heading-title elementor-size-default\">PaedDr. Kralina Hoboth Katalin, PhD.,<\/h4>\t\t\t\t<\/div>\n\t\t\t\t<\/div>\n\t\t\t\t<div class=\"elementor-element elementor-element-885ea4b elementor-widget elementor-widget-text-editor\" data-id=\"885ea4b\" data-element_type=\"widget\" data-e-type=\"widget\" data-widget_type=\"text-editor.default\">\n\t\t\t\t<div class=\"elementor-widget-container\">\n\t\t\t\t\t\t\t\t\t<p>szerkeszt\u0151, egyetemi oktat\u00f3, tansz\u00e9kvezet\u0151<\/p>\t\t\t\t\t\t\t\t<\/div>\n\t\t\t\t<\/div>\n\t\t\t\t<div class=\"elementor-element elementor-element-9aaeead elementor-icon-list--layout-traditional elementor-list-item-link-full_width elementor-widget elementor-widget-icon-list\" data-id=\"9aaeead\" data-element_type=\"widget\" data-e-type=\"widget\" data-widget_type=\"icon-list.default\">\n\t\t\t\t<div class=\"elementor-widget-container\">\n\t\t\t\t\t\t\t<ul class=\"elementor-icon-list-items\">\n\t\t\t\t\t\t\t<li class=\"elementor-icon-list-item\">\n\t\t\t\t\t\t\t\t\t\t\t<a href=\"mailto:katedra\u200b.szerkesztoseg@\u200bgmail.\u200bcom\">\n\n\t\t\t\t\t\t\t\t\t\t\t\t<span class=\"elementor-icon-list-icon\">\n\t\t\t\t\t\t\t<i aria-hidden=\"true\" class=\"far fa-envelope\"><\/i>\t\t\t\t\t\t<\/span>\n\t\t\t\t\t\t\t\t\t\t<span class=\"elementor-icon-list-text\">katedra\u200b.szerkesztoseg@\u200bgmail.\u200bcom<\/span>\n\t\t\t\t\t\t\t\t\t\t\t<\/a>\n\t\t\t\t\t\t\t\t\t<\/li>\n\t\t\t\t\t\t<\/ul>\n\t\t\t\t\t\t<\/div>\n\t\t\t\t<\/div>\n\t\t\t\t<\/div>\n\t\t\t\t<\/div>\n\t\t\t\t\t<\/div>\n\t\t\t\t<\/div>\n\t\t<div class=\"elementor-element elementor-element-e1e3516 elementor-hidden-tablet elementor-hidden-mobile e-flex e-con-boxed e-con e-child\" data-id=\"e1e3516\" data-element_type=\"container\" data-e-type=\"container\">\n\t\t\t\t\t<div class=\"e-con-inner\">\n\t\t\t\t<div class=\"elementor-element elementor-element-ce19639 elementor-widget elementor-widget-image\" data-id=\"ce19639\" data-element_type=\"widget\" data-e-type=\"widget\" data-widget_type=\"image.default\">\n\t\t\t\t<div class=\"elementor-widget-container\">\n\t\t\t\t\t\t\t\t\t\t\t\t\t\t\t<img loading=\"lazy\" decoding=\"async\" width=\"800\" height=\"534\" src=\"https:\/\/katedra.sk\/folyoirat\/wp-content\/uploads\/2023\/10\/pexels-startup-stock-photos-7096-1024x683-1.jpg\" class=\"attachment-large size-large wp-image-206\" alt=\"\" \/>\t\t\t\t\t\t\t\t\t\t\t\t\t\t\t<\/div>\n\t\t\t\t<\/div>\n\t\t\t\t\t<\/div>\n\t\t\t\t<\/div>\n\t\t\t\t<\/div>\n\t\t<div class=\"elementor-element elementor-element-b36dd1d e-flex e-con-boxed e-con e-parent\" data-id=\"b36dd1d\" data-element_type=\"container\" data-e-type=\"container\">\n\t\t\t\t\t<div class=\"e-con-inner\">\n\t\t\t\t<div class=\"elementor-element elementor-element-401482b elementor-widget elementor-widget-spacer\" data-id=\"401482b\" data-element_type=\"widget\" data-e-type=\"widget\" data-widget_type=\"spacer.default\">\n\t\t\t\t<div class=\"elementor-widget-container\">\n\t\t\t\t\t\t\t<div class=\"elementor-spacer\">\n\t\t\t<div class=\"elementor-spacer-inner\"><\/div>\n\t\t<\/div>\n\t\t\t\t\t\t<\/div>\n\t\t\t\t<\/div>\n\t\t\t\t<div class=\"elementor-element elementor-element-d284745 elementor-widget elementor-widget-text-editor\" data-id=\"d284745\" data-element_type=\"widget\" data-e-type=\"widget\" data-widget_type=\"text-editor.default\">\n\t\t\t\t<div class=\"elementor-widget-container\">\n\t\t\t\t\t\t\t\t\t<p><strong>Korrektor:<\/strong><br \/>G\u00e1l Andrea<\/p><p><strong>\u00d6r\u00f6k\u00f6s munkat\u00e1rs:<\/strong><br \/>Turczel Lajos<\/p><p><strong>Tiszteletbeli munkat\u00e1rs:<\/strong><br \/>Fibi S\u00e1ndor<\/p><p><strong>A szerkeszt\u0151bizotts\u00e1g eln\u00f6ke:<\/strong><br \/><a href=\"https:\/\/katedra.sk\/polgari-tarsulas\/kapcsolat\/\">Pintes G\u00e1bor<\/a><\/p><p><strong>Szerkeszt\u0151bizotts\u00e1gi tagok:<\/strong><br \/>Bolemant Lilla<br \/>Elek J\u00f3zsef<br \/>Feh\u00e9r \u00c1gota<br \/>Herdics Kalocs\u00e1nyi M\u00f3nika<br \/>Horv\u00e1th G\u00e9za<br \/>Kralina Hoboth Katalin<br \/>Pusk\u00e1s Andrea<br \/>Szab\u00f3 Tibor<br \/>T\u00f3th Katalin<br \/>T\u00f3th M\u00f3nika<br \/>T\u00f3th Tibor<br \/>Van\u010do Ildik\u00f3<\/p><p><strong>T\u00f6rdel\u0151szerkeszt\u0151:<\/strong><br \/>R\u00e1cz \u00c9va<\/p><p><strong>Fot\u00f3s:<\/strong><br \/>Nagy Fanni<\/p><p><strong>Webadminisztr\u00e1tor:<\/strong><br \/>Decsi Zolt\u00e1n<\/p><p><strong>Kiadja:<\/strong><br \/>a\u00a0Katedra Polg\u00e1ri T\u00e1rsul\u00e1s<\/p><p><strong>ISSN 2729-9066<\/strong><\/p>\t\t\t\t\t\t\t\t<\/div>\n\t\t\t\t<\/div>\n\t\t\t\t\t<\/div>\n\t\t\t\t<\/div>\n\t\t\t\t<\/div>\n\t\t","protected":false},"excerpt":{"rendered":"<p>F\u0151szerkeszt\u0151: doc. Mgr. Petres Csizmadia Gabriella, PhD. f\u0151szerkeszt\u0151, a Katedra-versenyek koordin\u00e1tora, egyetemi docens katedra\u200b.szerkesztoseg@\u200bgmail.\u200bcom F\u0151szerkeszt\u0151-helyettes: Dr. Brutovszky Gabriella, szerkeszt\u0151, gimn\u00e1ziumi tan\u00e1r katedra\u200b.szerkesztoseg@\u200bgmail.\u200bcom Vezet\u0151 szerkeszt\u0151: PaedDr. Kralina Hoboth Katalin, PhD., szerkeszt\u0151, egyetemi oktat\u00f3, tansz\u00e9kvezet\u0151 katedra\u200b.szerkesztoseg@\u200bgmail.\u200bcom Korrektor:G\u00e1l Andrea \u00d6r\u00f6k\u00f6s munkat\u00e1rs:Turczel Lajos Tiszteletbeli munkat\u00e1rs:Fibi S\u00e1ndor A szerkeszt\u0151bizotts\u00e1g eln\u00f6ke:Pintes G\u00e1bor Szerkeszt\u0151bizotts\u00e1gi tagok:Bolemant LillaElek J\u00f3zsefFeh\u00e9r \u00c1gotaHerdics Kalocs\u00e1nyi M\u00f3nikaHorv\u00e1th G\u00e9zaKralina Hoboth [&hellip;]<\/p>\n","protected":false},"author":1,"featured_media":0,"parent":0,"menu_order":0,"comment_status":"closed","ping_status":"closed","template":"","meta":{"_acf_changed":false,"_lmt_disableupdate":"","_lmt_disable":"","footnotes":""},"class_list":["post-205","page","type-page","status-publish","hentry"],"acf":[],"_links":{"self":[{"href":"https:\/\/katedra.sk\/folyoirat\/wp-json\/wp\/v2\/pages\/205","targetHints":{"allow":["GET"]}}],"collection":[{"href":"https:\/\/katedra.sk\/folyoirat\/wp-json\/wp\/v2\/pages"}],"about":[{"href":"https:\/\/katedra.sk\/folyoirat\/wp-json\/wp\/v2\/types\/page"}],"author":[{"embeddable":true,"href":"https:\/\/katedra.sk\/folyoirat\/wp-json\/wp\/v2\/users\/1"}],"replies":[{"embeddable":true,"href":"https:\/\/katedra.sk\/folyoirat\/wp-json\/wp\/v2\/comments?post=205"}],"version-history":[{"count":19,"href":"https:\/\/katedra.sk\/folyoirat\/wp-json\/wp\/v2\/pages\/205\/revisions"}],"predecessor-version":[{"id":9751,"href":"https:\/\/katedra.sk\/folyoirat\/wp-json\/wp\/v2\/pages\/205\/revisions\/9751"}],"wp:attachment":[{"href":"https:\/\/katedra.sk\/folyoirat\/wp-json\/wp\/v2\/media?parent=205"}],"curies":[{"name":"wp","href":"https:\/\/api.w.org\/{rel}","templated":true}]}}