{"id":133,"date":"2023-11-06T19:21:51","date_gmt":"2023-11-06T18:21:51","guid":{"rendered":"https:\/\/katedra.sk\/tarsasag\/?page_id=133"},"modified":"2023-11-06T19:22:04","modified_gmt":"2023-11-06T18:22:04","slug":"katedra-dij","status":"publish","type":"page","link":"https:\/\/katedra.sk\/polgari-tarsulas\/katedra-dij\/","title":{"rendered":"Katedra-d\u00edj"},"content":{"rendered":"<div lang=\"hu\">A\u00a0Katedra T\u00e1rsas\u00e1g megalakul\u00e1sa \u00f3ta minden \u00e9vben Katedra-d\u00edjjal t\u00fcnteti ki a\u00a0szlov\u00e1kiai magyar pedag\u00f3gusk\u00f6z\u00f6ss\u00e9g egy-egy elismert szakember\u00e9t. A\u00a0d\u00edjat a\u00a0Katedra Napokon bel\u00fcl adja \u00e1t a\u00a0Katedra T\u00e1rsas\u00e1g eln\u00f6ke. A\u00a0k\u00f6vetkez\u0151 szem\u00e9lyek r\u00e9szes\u00fcltek eddig d\u00edjaz\u00e1sban:<\/div>\n<table border=\"1\">\n<tbody>\n<tr>\n<td><strong>\u00c9v<\/strong><\/td>\n<td><strong>A d\u00edjazott neve<\/strong><\/td>\n<td><strong>Indokl\u00e1s<\/strong><\/td>\n<\/tr>\n<tr>\n<td>1997<\/td>\n<td>Turczel Lajos<\/td>\n<td>\n<div lang=\"hu\">A\u00a0szlov\u00e1kiai magyar oktat\u00e1s\u00fcgy \u00e9s\u00a0fels\u0151oktat\u00e1s \u00e9rdek\u00e9ben v\u00e9gzett sok\u00e9ves munk\u00e1\u00e9rt<\/div>\n<\/td>\n<\/tr>\n<tr>\n<td>1997<\/td>\n<td>Horv\u00e1th G\u00e9za<\/td>\n<td>\n<div lang=\"hu\">A\u00a0Katedra foly\u00f3iratban kifejtett kiemelked\u0151 publicisztikai tev\u00e9kenys\u00e9g\u00e9\u00e9rt<\/div>\n<\/td>\n<\/tr>\n<tr>\n<td>1998<\/td>\n<td>Szeber\u00e9nyi Zolt\u00e1n<\/td>\n<td>\n<div lang=\"hu\">A szlov\u00e1kiai magyar oktat\u00e1s\u00fcgy\u00e9rt kifejezett \u00e1ldozatos munk\u00e1j\u00e1\u00e9rt<\/div>\n<\/td>\n<\/tr>\n<tr>\n<td>1998<\/td>\n<td>Cs\u00e1ky K\u00e1roly<\/td>\n<td>\n<div lang=\"hu\">Az\u00a0ipolys\u00e1gi Fegyverneki Ferenc Egyh\u00e1zi Alapiskola alap\u00edt\u00e1s\u00e1\u00e9rt<\/div>\n<\/td>\n<\/tr>\n<tr>\n<td>1999<\/td>\n<td>Kulacs Dezs\u0151<\/td>\n<td>\n<div lang=\"hu\">Az\u00a0oktat\u00e1s\u00fcgyben kifejtett reformtev\u00e9kenys\u00e9g\u00e9\u00e9rt<\/div>\n<\/td>\n<\/tr>\n<tr>\n<td>1999<\/td>\n<td>Cservenka J\u00e1nos<\/td>\n<td>\n<div lang=\"hu\">A\u00a0hidask\u00fcrti mag\u00e1n-szakk\u00f6z\u00e9piskola alap\u00edt\u00e1s\u00e1\u00e9rt<\/div>\n<\/td>\n<\/tr>\n<tr>\n<td>1999<\/td>\n<td>B\u00e1rczi Zs\u00f3fia<\/td>\n<td>\n<div lang=\"hu\">A\u00a0Katedra foly\u00f3iratban kifejtett munk\u00e1ss\u00e1g\u00e1\u00e9rt<\/div>\n<\/td>\n<\/tr>\n<tr>\n<td>1999<\/td>\n<td>Kulcs\u00e1r Ferenc<\/td>\n<td>\n<div lang=\"hu\">A\u00a0Katedra foly\u00f3iratban kifejtett kiemelked\u0151 tev\u00e9kenys\u00e9g\u00e9\u00e9rt<\/div>\n<\/td>\n<\/tr>\n<tr>\n<td>2000<\/td>\n<td>Vas Ott\u00f3<\/td>\n<td>\n<div lang=\"hu\">\u00c9letm\u0171d\u00edj<\/div>\n<\/td>\n<\/tr>\n<tr>\n<td>2000<\/td>\n<td>\u00c1d\u00e1m Zita<\/td>\n<td>\n<div lang=\"hu\">Kiemelked\u0151 m\u00f3dszertani munk\u00e1j\u00e1\u00e9rt<\/div>\n<\/td>\n<\/tr>\n<tr>\n<td>2000<\/td>\n<td>Albert S\u00e1ndor<\/td>\n<td>\n<div lang=\"hu\">A\u00a0nemzetk\u00f6zi kapcsolatok \u00e1pol\u00e1s\u00e1ban szerzett \u00e9rdemei\u00e9rt<\/div>\n<\/td>\n<\/tr>\n<tr>\n<td>2000<\/td>\n<td>Cornides Istv\u00e1n<\/td>\n<td>\n<div lang=\"hu\">In memoriam-d\u00edj<\/div>\n<\/td>\n<\/tr>\n<tr>\n<td>2000<\/td>\n<td>Simon Attila<\/td>\n<td>\n<div lang=\"hu\">A\u00a0szlov\u00e1kiai magyar tank\u00f6nyv\u00edr\u00e1sban bet\u00f6lt\u00f6tt szerep\u00e9\u00e9rt<\/div>\n<\/td>\n<\/tr>\n<tr>\n<td>2000<\/td>\n<td>T\u00f3th Lajos<\/td>\n<td>\n<div lang=\"hu\">A\u00a0Gal\u00e1ntai Nyolc\u00e9ves Mag\u00e1ngimn\u00e1zium alap\u00edt\u00e1s\u00e1\u00e9rt<\/div>\n<\/td>\n<\/tr>\n<tr>\n<td>2000<\/td>\n<td>Str\u00e9dl Ter\u00e9zia<\/td>\n<td>\n<div lang=\"hu\">A\u00a0Katedra foly\u00f3iratban kifejtett munk\u00e1j\u00e1\u00e9rt<\/div>\n<\/td>\n<\/tr>\n<tr>\n<td>2000<\/td>\n<td>Vajda Barnab\u00e1s<\/td>\n<td>\n<div lang=\"hu\">A\u00a0Katedra foly\u00f3iratban kifejtett munk\u00e1j\u00e1\u00e9rt<\/div>\n<\/td>\n<\/tr>\n<tr>\n<td>2001<\/td>\n<td>Janda Iv\u00e1n<\/td>\n<td>\n<div lang=\"hu\">\u00c9letm\u0171d\u00edj<\/div>\n<\/td>\n<\/tr>\n<tr>\n<td>2001<\/td>\n<td>\u00d6ll\u0151s L\u00e1szl\u00f3<\/td>\n<td>\n<div lang=\"hu\">Az\u00a0oktat\u00e1s\u00fcgyben kifejtett reformtev\u00e9kenys\u00e9g\u00e9\u00e9rt<\/div>\n<\/td>\n<\/tr>\n<tr>\n<td>2001<\/td>\n<td>T\u00f3th Erzs\u00e9bet<\/td>\n<td>\n<div lang=\"hu\">A\u00a0szlov\u00e1kiai magyar tank\u00f6nyvkiad\u00e1sban bet\u00f6lt\u00f6tt szerep\u00e9\u00e9rt<\/div>\n<\/td>\n<\/tr>\n<tr>\n<td>2002<\/td>\n<td>Csicsay Alajos<\/td>\n<td>\n<div lang=\"hu\">A\u00a0Katedra foly\u00f3irat keletkez\u00e9se \u00e9s gazdag\u00edt\u00e1sa \u00e9rdek\u00e9ben v\u00e9gzett \u00e1ldozatos munk\u00e1j\u00e1\u00e9rt, valamint a\u00a0Katedra T\u00e1rsas\u00e1gban kifejtett eg\u00e9sz \u00e9vi tev\u00e9kenys\u00e9g\u00e9\u00e9rt<\/div>\n<\/td>\n<\/tr>\n<tr>\n<td>2003<\/td>\n<td>Pozbai Magyar Tannyelv\u0171 Alapiskola<\/td>\n<td>\n<div lang=\"hu\">A\u00a0magyar iskola megtart\u00e1s\u00e1\u00e9rt<\/div>\n<\/td>\n<\/tr>\n<tr>\n<td>2003<\/td>\n<td>T\u00f3th Erika<\/td>\n<td>\n<div lang=\"hu\">A\u00a0saj\u00e1t\u00f3 oktat\u00e1s\u00fcgyi ter\u00fclet\u00e9n kifejtett eg\u00e9sz \u00e9vi munk\u00e1ss\u00e1g\u00e1\u00e9rt<\/div>\n<\/td>\n<\/tr>\n<tr>\n<td>2003<\/td>\n<td>Laczk\u00f3n\u00e9 dr.\u00a0Erd\u00e9lyi Margit<\/td>\n<td>\n<div lang=\"hu\">A\u00a0Katedra foly\u00f3iratban kifejtett munk\u00e1ss\u00e1g\u00e1\u00e9rt<\/div>\n<\/td>\n<\/tr>\n<tr>\n<td>2004<\/td>\n<td>Balogh Csaba<\/td>\n<td>\n<div lang=\"hu\">\u00c9letm\u0171d\u00edj<\/div>\n<\/td>\n<\/tr>\n<tr>\n<td>2004<\/td>\n<td>Szokol Dezs\u0151<\/td>\n<td>\n<div lang=\"hu\">Iskolaalap\u00edt\u00e1s\u00e9rt, illetve a\u00a0mag\u00e1niskol\u00e1k h\u00e1l\u00f3zat\u00e1nak fejleszt\u00e9s\u00e9\u00e9rt<\/div>\n<\/td>\n<\/tr>\n<tr>\n<td>2004<\/td>\n<td>B\u00f3na K\u00e1roly<\/td>\n<td>\n<div lang=\"hu\">Kiemelked\u0151 pedag\u00f3gusi \u00e9s szervez\u0151munk\u00e1j\u00e1\u00e9rt<\/div>\n<\/td>\n<\/tr>\n<tr>\n<td>2004<\/td>\n<td>P\u00e9nzes Istv\u00e1n<\/td>\n<td>A\u00a0Katedra foly\u00f3iratban kifejtett munk\u00e1j\u00e1\u00e9rt<\/td>\n<\/tr>\n<tr>\n<td>2005<\/td>\n<td>Stirber Lajos<\/td>\n<td>\n<div lang=\"hu\">\u00c9letm\u0171d\u00edj<\/div>\n<\/td>\n<\/tr>\n<tr>\n<td>2005<\/td>\n<td>Jakab Istv\u00e1n<\/td>\n<td>\n<div lang=\"hu\">A\u00a0Katedra foly\u00f3iratban kifejtett tev\u00e9kenys\u00e9g\u00e9\u00e9rt<\/div>\n<\/td>\n<\/tr>\n<tr>\n<td>2006<\/td>\n<td>Bern\u00e1th Erzs\u00e9bet<\/td>\n<td>\n<div lang=\"hu\">\u00c9letm\u0171d\u00edj<\/div>\n<\/td>\n<\/tr>\n<tr>\n<td>2006<\/td>\n<td>Kov\u00e1cs L\u00e1szl\u00f3<\/td>\n<td>\n<div lang=\"hu\">Tank\u00f6nyvek sz\u00ednvonalas meg\u00edr\u00e1s\u00e1\u00e9rt, valamint kiemelked\u0151 tank\u00f6nyvford\u00edt\u00e1sok\u00e9rt<\/div>\n<\/td>\n<\/tr>\n<tr>\n<td>2006<\/td>\n<td>\u00c1g Tibor<\/td>\n<td>\n<div lang=\"hu\">M\u00f3dszertani tev\u00e9kenys\u00e9g\u00e9\u00e9rt<\/div>\n<\/td>\n<\/tr>\n<tr>\n<td>2007<\/td>\n<td>Kal\u00e1cska J\u00f3zsef<\/td>\n<td>\n<div lang=\"hu\">A\u00a0nemzeti kapcsolatok fejleszt\u00e9s\u00e9\u00e9rt<\/div>\n<\/td>\n<\/tr>\n<tr>\n<td>2007<\/td>\n<td>Liszka \u00c9va<\/td>\n<td>\n<div lang=\"hu\">M\u00f3dszertani tev\u00e9kenys\u00e9g\u00e9\u00e9rt<\/div>\n<\/td>\n<\/tr>\n<tr>\n<td>2008<\/td>\n<td>Dulovics Viola<\/td>\n<td>\n<div lang=\"hu\">\u00c9letm\u0171d\u00edj<\/div>\n<\/td>\n<\/tr>\n<tr>\n<td>2008<\/td>\n<td>L\u00e1szl\u00f3 B\u00e9la<\/td>\n<td>\n<div lang=\"hu\">A\u00a0Katedra T\u00e1rsas\u00e1g \u00e9rdek\u00e9ben v\u00e9gzett \u00e1ldozatos munk\u00e1j\u00e1\u00e9rt, valamint az\u00a0oktat\u00e1sban v\u00e9gzett kiemelked\u0151 szakmai \u00e9s szervez\u0151munk\u00e1j\u00e1\u00e9rt<\/div>\n<\/td>\n<\/tr>\n<tr>\n<td>2009<\/td>\n<td>Szab\u00f3 Endre<\/td>\n<td>\n<div lang=\"hu\">\u00c9letm\u0171d\u00edj<\/div>\n<\/td>\n<\/tr>\n<tr>\n<td>2010<\/td>\n<td>Bodn\u00e1r Gyula<\/td>\n<td>\n<div lang=\"hu\">\u00c9letm\u0171d\u00edj<\/div>\n<\/td>\n<\/tr>\n<tr>\n<td>2010<\/td>\n<td>G\u00f6rcs Lajos<\/td>\n<td>\n<div lang=\"hu\">\u00c9letm\u0171d\u00edj<\/div>\n<\/td>\n<\/tr>\n<tr>\n<td>2010<\/td>\n<td>M\u00e9sz\u00e1ros Lajos<\/td>\n<td>\n<div lang=\"hu\">A\u00a0szlov\u00e1kiai magyar oktat\u00e1s\u00fcgy \u00e9s iskol\u00e1k jogi v\u00e9delm\u00e9\u00e9rt<\/div>\n<\/td>\n<\/tr>\n<tr>\n<td>2011<\/td>\n<td>Pol\u00e1k Margit<\/td>\n<td>\n<div lang=\"hu\">\u00c9letm\u0171d\u00edj<\/div>\n<\/td>\n<\/tr>\n<tr>\n<td>2012<\/td>\n<td>Tes\u00e1nszky Judit<\/td>\n<td>\n<div lang=\"hu\">Pedag\u00f3giai-m\u00f3dszertani munk\u00e1\u00e9rt<\/div>\n<\/td>\n<\/tr>\n<tr>\n<td>2012<\/td>\n<td>Skabela R\u00f3zsa<\/td>\n<td>\n<div lang=\"hu\">Kiv\u00e1l\u00f3 m\u00f3dszertani \u00e9s tank\u00f6nyv\u00edr\u00f3i munk\u00e1ss\u00e1g\u00e1\u00e9rt<\/div>\n<\/td>\n<\/tr>\n<tr>\n<td>2012<\/td>\n<td>B\u00f3na Ir\u00e9n<\/td>\n<td>\n<div lang=\"hu\">Kiv\u00e1l\u00f3 m\u00f3dszertani \u00e9s tank\u00f6nyv\u00edr\u00f3i munk\u00e1ss\u00e1g\u00e1\u00e9rt<\/div>\n<\/td>\n<\/tr>\n<tr>\n<td>2013<\/td>\n<td>N. T\u00f3th Anik\u00f3<\/td>\n<td>\n<div lang=\"hu\">Pedag\u00f3giai-m\u00f3dszertani munk\u00e1ss\u00e1g\u00e1\u00e9rt<\/div>\n<\/td>\n<\/tr>\n<tr>\n<td>2014<\/td>\n<td>Pr\u00e9kop M\u00e1ria<\/td>\n<td>\n<div lang=\"hu\">A\u00a0szlov\u00e1kiai magyar iskola\u00fcgy\u00e9rt val\u00f3 tev\u00e9kenys\u00e9g\u00e9\u00e9rt<\/div>\n<\/td>\n<\/tr>\n<tr>\n<td>2014<\/td>\n<td>Kelemen Julianna<\/td>\n<td>\n<div lang=\"hu\">Pedag\u00f3giai-m\u00f3dszertani munk\u00e1ss\u00e1g\u00e1\u00e9rt<\/div>\n<\/td>\n<\/tr>\n<tr>\n<td>2015<\/td>\n<td>Zahor\u00e1n Judit<\/td>\n<td>\n<div lang=\"hu\">Pedag\u00f3giai-m\u00f3dszertani munk\u00e1ss\u00e1g\u00e1\u00e9rt<\/div>\n<\/td>\n<\/tr>\n<tr>\n<td>2015<\/td>\n<td>P\u00e1ko M\u00e1ria<\/td>\n<td>\n<div lang=\"hu\">Pedag\u00f3giai-m\u00f3dszertani munk\u00e1ss\u00e1g\u00e1\u00e9rt<\/div>\n<\/td>\n<\/tr>\n<tr>\n<td>2016<\/td>\n<td>S\u00e1ndor Anna<\/td>\n<td>\n<div lang=\"hu\">A\u00a0magyar pedag\u00f3gusk\u00e9pz\u00e9s\u00e9rt kifejtett \u00e1ldozatos tev\u00e9kenys\u00e9g\u00e9\u00e9rt, valamint az\u00a0egyetemes \u00e9s kisebbs\u00e9gi magyar tudom\u00e1nyban, kult\u00far\u00e1ban v\u00e9gzett munk\u00e1ss\u00e1g\u00e1\u00e9rt<\/div>\n<\/td>\n<\/tr>\n<tr>\n<td>2016<\/td>\n<td>Lancz Istv\u00e1n<\/td>\n<td>\n<div lang=\"hu\">A\u00a0Katedra Matematikaversenyben kifejtett szervez\u0151i \u00e9s \u00e9rt\u00e9kel\u0151-alkot\u00f3 tev\u00e9kenys\u00e9g\u00e9\u00e9rt<\/div>\n<\/td>\n<\/tr>\n<tr>\n<td>2017<\/td>\n<td>Cs\u00f6lle Ilona<\/td>\n<td>\n<div lang=\"hu\">Pedag\u00f3giai-m\u00f3dszertani munk\u00e1ss\u00e1g\u00e1r\u00e9t<\/div>\n<\/td>\n<\/tr>\n<tr>\n<td>2018<\/td>\n<td>Simon Attila<\/td>\n<td>\n<div lang=\"hu\">A\u00a0magyar pedag\u00f3gusk\u00e9pz\u00e9s\u00e9rt kifejtett \u00e1ldozatos tev\u00e9kenys\u00e9g\u00e9\u00e9rt, valamint az\u00a0egyetemes \u00e9s kisebbs\u00e9gi magyar tudom\u00e1nyban v\u00e9gzett munk\u00e1ss\u00e1g\u00e1\u00e9rt<\/div>\n<\/td>\n<\/tr>\n<tr>\n<td>2019<\/td>\n<td>Klemen Ter\u00e9zia<\/td>\n<td>\n<div lang=\"hu\">Publik\u00e1ci\u00f3s munk\u00e1j\u00e1\u00e9rt, a\u00a0magyar zenei kult\u00fara n\u00e9pszer\u0171s\u00edt\u00e9se ter\u00e9n kifejtett \u00f6nzetlen, sikeres, elismer\u00e9sre m\u00e9lt\u00f3 tev\u00e9kenys\u00e9g\u00e9\u00e9rt<\/div>\n<\/td>\n<\/tr>\n<\/tbody>\n<\/table>\n","protected":false},"excerpt":{"rendered":"<p>A\u00a0Katedra T\u00e1rsas\u00e1g megalakul\u00e1sa \u00f3ta minden \u00e9vben Katedra-d\u00edjjal t\u00fcnteti ki a\u00a0szlov\u00e1kiai magyar pedag\u00f3gusk\u00f6z\u00f6ss\u00e9g egy-egy elismert szakember\u00e9t. A\u00a0d\u00edjat a\u00a0Katedra Napokon bel\u00fcl adja \u00e1t a\u00a0Katedra T\u00e1rsas\u00e1g eln\u00f6ke. A\u00a0k\u00f6vetkez\u0151 szem\u00e9lyek r\u00e9szes\u00fcltek eddig d\u00edjaz\u00e1sban: \u00c9v A d\u00edjazott neve Indokl\u00e1s 1997 Turczel Lajos A\u00a0szlov\u00e1kiai magyar oktat\u00e1s\u00fcgy \u00e9s\u00a0fels\u0151oktat\u00e1s \u00e9rdek\u00e9ben v\u00e9gzett sok\u00e9ves munk\u00e1\u00e9rt 1997 Horv\u00e1th G\u00e9za A\u00a0Katedra foly\u00f3iratban kifejtett kiemelked\u0151 publicisztikai tev\u00e9kenys\u00e9g\u00e9\u00e9rt 1998 [&hellip;]<\/p>\n","protected":false},"author":1,"featured_media":0,"parent":0,"menu_order":0,"comment_status":"closed","ping_status":"closed","template":"","meta":{"_acf_changed":false,"footnotes":""},"class_list":["post-133","page","type-page","status-publish","hentry"],"acf":[],"_links":{"self":[{"href":"https:\/\/katedra.sk\/polgari-tarsulas\/wp-json\/wp\/v2\/pages\/133","targetHints":{"allow":["GET"]}}],"collection":[{"href":"https:\/\/katedra.sk\/polgari-tarsulas\/wp-json\/wp\/v2\/pages"}],"about":[{"href":"https:\/\/katedra.sk\/polgari-tarsulas\/wp-json\/wp\/v2\/types\/page"}],"author":[{"embeddable":true,"href":"https:\/\/katedra.sk\/polgari-tarsulas\/wp-json\/wp\/v2\/users\/1"}],"replies":[{"embeddable":true,"href":"https:\/\/katedra.sk\/polgari-tarsulas\/wp-json\/wp\/v2\/comments?post=133"}],"version-history":[{"count":2,"href":"https:\/\/katedra.sk\/polgari-tarsulas\/wp-json\/wp\/v2\/pages\/133\/revisions"}],"predecessor-version":[{"id":135,"href":"https:\/\/katedra.sk\/polgari-tarsulas\/wp-json\/wp\/v2\/pages\/133\/revisions\/135"}],"wp:attachment":[{"href":"https:\/\/katedra.sk\/polgari-tarsulas\/wp-json\/wp\/v2\/media?parent=133"}],"curies":[{"name":"wp","href":"https:\/\/api.w.org\/{rel}","templated":true}]}}