{"id":64,"date":"2023-11-06T18:20:18","date_gmt":"2023-11-06T17:20:18","guid":{"rendered":"http:\/\/oggy"},"modified":"2025-04-28T15:20:16","modified_gmt":"2025-04-28T13:20:16","slug":"a-katedra-folyoirat-profilja","status":"publish","type":"page","link":"https:\/\/katedra.sk\/polgari-tarsulas\/","title":{"rendered":"Katedra Polg\u00e1ri T\u00e1rsul\u00e1s"},"content":{"rendered":"\t\t<div data-elementor-type=\"wp-page\" data-elementor-id=\"64\" class=\"elementor elementor-64\" data-elementor-post-type=\"page\">\n\t\t\t\t<div class=\"elementor-element elementor-element-76cbcad5 e-flex e-con-boxed e-con e-parent\" data-id=\"76cbcad5\" data-element_type=\"container\" data-e-type=\"container\">\n\t\t\t\t\t<div class=\"e-con-inner\">\n\t\t\t\t<div class=\"elementor-element elementor-element-23d6bddb elementor-widget elementor-widget-text-editor\" data-id=\"23d6bddb\" data-element_type=\"widget\" data-e-type=\"widget\" data-widget_type=\"text-editor.default\">\n\t\t\t\t<div class=\"elementor-widget-container\">\n\t\t\t\t\t\t\t\t\t<p>A Katedra Polg\u00e1ri T\u00e1rsul\u00e1s 2021-t\u0151l m\u0171k\u00f6d\u0151 civil szervezet, amely a Katedra Alap\u00edtv\u00e1ny t\u00f6bb \u00e9vtizedes akt\u00edv munk\u00e1j\u00e1t k\u00edv\u00e1nja folytatni \u00e9s tov\u00e1bbgondolni. Ezt a sz\u00e1nd\u00e9kot a Katedra Alap\u00edtv\u00e1ny \u00e9s a Katedra Polg\u00e1ri T\u00e1rsul\u00e1s k\u00f6z\u00f6tt l\u00e9trej\u00f6tt, jogok \u00e9s k\u00f6telezetts\u00e9gek \u00e1truh\u00e1z\u00e1s\u00e1r\u00f3l sz\u00f3l\u00f3 meg\u00e1llapod\u00e1s r\u00f6gz\u00edti. A szerz\u0151d\u00e9s \u00e9rtelm\u00e9ben a Katedra Polg\u00e1ri T\u00e1rsul\u00e1s tev\u00e9kenys\u00e9ge els\u0151sorban a Katedra csoport feladatainak ell\u00e1t\u00e1s\u00e1ra \u00f6sszpontosul, amely az elektronikusan megjelen\u0151 <strong>Katedra foly\u00f3irat<\/strong> kiad\u00e1s\u00e1b\u00f3l, az oktat\u00e1s\u00fcgyi miniszt\u00e9rium \u00e1ltal bejegyzett, orsz\u00e1gos <strong>Katedra-versenyek<\/strong> szervez\u00e9s\u00e9b\u0151l \u00e9s a <strong>Katedra T\u00e1rsas\u00e1g<\/strong> m\u0171k\u00f6dtet\u00e9s\u00e9b\u0151l \u00e1ll. A Katedra csoport mindh\u00e1rom \u00f6sszetev\u0151je a szlov\u00e1kiai magyar \u00e1ltal\u00e1nos \u00e9s k\u00f6z\u00e9piskol\u00e1s gyermekek \u00e9s fiatalok oktat\u00e1s\u00e1nak, m\u0171vel\u0151d\u00e9s\u00e9nek fejleszt\u00e9s\u00e9re, a kisebbs\u00e9gi magyar k\u00f6zoktat\u00e1s \u00e9s pedag\u00f3gusk\u00e9pz\u00e9s min\u0151s\u00e9g\u00e9nek folyamatos el\u0151mozd\u00edt\u00e1s\u00e1ra, valamint a helyi \u00e9s region\u00e1lis szint\u0171 civil pedag\u00f3giai-kultur\u00e1lis tev\u00e9kenys\u00e9gek ell\u00e1t\u00e1s\u00e1ra \u00f6sszpontos\u00edt.<\/p><p>Jelentkez\u00e9s a Katedra Polg\u00e1ri T\u00e1rsul\u00e1sba: a <a href=\"https:\/\/katedra.sk\/tarsasag\/wp-content\/uploads\/2024\/01\/Jelentkezesi_lap_KPT.docx\"><strong>Jelentkez\u00e9si lap<\/strong><\/a> kit\u00f6lt\u00e9s\u00e9vel. A jelentkez\u00e9st a vezet\u0151s\u00e9g hagyja j\u00f3v\u00e1, a jel\u00f6ltet e-mail-ben \u00e9rtes\u00edti a d\u00f6nt\u00e9sr\u0151l. Ezen az e-mail-c\u00edmen kereszt\u00fcl lehet jelentkezni: katedrapolgaritarsulas@gmail.com<\/p><h3>Vezet\u0151s\u00e9g<\/h3><p>Eln\u00f6k: <a href=\"\/polgari-tarsulas\/kapcsolat\/\">Pintes G\u00e1bor<\/a><br \/>Koordin\u00e1tor: <a href=\"\/polgari-tarsulas\/kapcsolat\/\">Petres Csizmadia Gabriella<\/a><br \/>\u00dcgyint\u00e9z\u0151: <a href=\"\/polgari-tarsulas\/kapcsolat\/\">G\u00e1l Andrea<\/a><\/p><h2>A Katedra T\u00e1rsas\u00e1g<\/h2><p>A Katedra T\u00e1rsas\u00e1g a <strong>Katedra csoport<\/strong> r\u00e9sz\u00e9t k\u00e9pezi, amely m\u00e1s-m\u00e1s tev\u00e9kenys\u00e9get megval\u00f3s\u00edt\u00f3, m\u00e9gis k\u00f6z\u00f6s c\u00e9lokat k\u00f6vet\u0151 h\u00e1rom egys\u00e9gb\u0151l \u00e1ll: a Katedra T\u00e1rsas\u00e1gb\u00f3l, a Katedra foly\u00f3iratb\u00f3l \u00e9s a Katedra-versenyekb\u0151l. Minden egys\u00e9g a maga eszk\u00f6zeivel, lehet\u0151s\u00e9geivel t\u00f6rekszik a felvid\u00e9ki nevel\u0151-oktat\u00f3 munka, a k\u00f6zoktat\u00e1s, \u00e9s a pedag\u00f3gusk\u00e9pz\u00e9s folyamatos min\u0151s\u00e9g\u00e9nek el\u0151mozd\u00edt\u00e1s\u00e1ra, emel\u00e9s\u00e9re. A Katedra csoportot a Katedra Alap\u00edtv\u00e1ny ind\u00edtotta el, 2022-t\u0151l pedig a Katedra Polg\u00e1ri T\u00e1rsul\u00e1s vette \u00e1t a m\u0171k\u00f6dtet\u00e9s\u00e9t.<\/p><p>A Katedra T\u00e1rsas\u00e1g olyan szakmai f\u00f3rum, mely a k\u00f6znevel\u00e9s \u00e9s k\u00f6zoktat\u00e1s k\u00fcl\u00f6nb\u00f6z\u0151 ter\u00fcletein tev\u00e9kenyked\u0151 szaktekint\u00e9lyekb\u0151l \u00e1ll \u00f6ssze. C\u00e9lkit\u0171z\u00e9se \u00e9s egyben k\u00fcldet\u00e9se a felvid\u00e9ki magyar k\u00f6znevel\u00e9s \u00e9s k\u00f6zoktat\u00e1s folyamatos fejleszt\u00e9se, min\u0151s\u00e9g\u00e9nek emel\u00e9se. A Katedra T\u00e1rsas\u00e1g \u00f6tv\u00f6zi a (legink\u00e1bb) fels\u0151oktat\u00e1sb\u00f3l t\u00e1pl\u00e1lkoz\u00f3 tudom\u00e1nyos-kutat\u00f3 tev\u00e9kenys\u00e9get, annak gyakorlati \u00e9s pragmatikus felhaszn\u00e1l\u00e1si lehet\u0151s\u00e9geit.<\/p><h3>Kiindul\u00f3 \u00e1llapot<\/h3><p>A hazai k\u00f6zoktat\u00e1s ir\u00e1ny\u00edt\u00e1s\u00e1\u00e9rt felel\u0151s szervek \u00e9s int\u00e9zm\u00e9nyek hosszantart\u00f3 ag\u00f3ni\u00e1ja miatt a felvid\u00e9ki magyar (de ezzel egy\u00fctt a szlov\u00e1k) iskol\u00e1kra \u00e9s az azokban megval\u00f3sul\u00f3 nevel\u0151-oktat\u00f3 munk\u00e1ra a stagn\u00e1l\u00e1s \u00e9s az ebb\u0151l k\u00f6vetkez\u0151 folyamatos lemarad\u00e1s jellemz\u0151. Az innov\u00e1ci\u00f3 \u00e9s a n\u00e9lk\u00fcl\u00f6zhetetlen korszer\u0171s\u00edt\u00e9s hi\u00e1nya egyre szembet\u0171n\u0151bb a nemzetk\u00f6zi m\u00e9r\u00e9sek \u00e9s \u00f6sszehasonl\u00edt\u00f3 elemz\u00e9sek t\u00fckr\u00e9ben.<\/p><h3>Strat\u00e9giai c\u00e9lok<\/h3><p>A Katedra T\u00e1rsas\u00e1g szeretne kialak\u00edtani \u00e9s hat\u00e9konyan m\u0171k\u00f6dtetni egy olyan szakmai t\u00e1rsul\u00e1st, k\u00f6z\u00f6ss\u00e9get, h\u00e1l\u00f3zatot, amely folyamatos t\u00e1mogat\u00e1s k\u00e9pes ny\u00fajtani a n\u00e9lk\u00fcl\u00f6zhetetlen \u00e9s elker\u00fclhetetlen v\u00e1ltoztat\u00e1sok, innovat\u00edv folyamatok gyakorlati implement\u00e1ci\u00f3j\u00e1hoz.<\/p><p>A Katedra T\u00e1rsas\u00e1g \u00e1ltal megval\u00f3s\u00edtand\u00f3 tev\u00e9kenys\u00e9gek k\u00f6re:<\/p><ul><li>az empirikus tapasztalatszerz\u00e9st \u00e9s elemz\u0151-\u00f6sszegz\u0151 munkafeladatok elv\u00e9gz\u00e9se,<\/li><li>implement\u00e1ci\u00f3s elemz\u0151 \u00e9s \u00f6sszegz\u0151 munkafeldatok,<\/li><li>b\u00edr\u00e1lati \u00e9s konzult\u00e1ci\u00f3s tev\u00e9kenys\u00e9g (pl. t\u00f6rv\u00e9nyalkot\u00f3i \u00e9s el\u0151k\u00e9sz\u00edt\u0151 munk\u00e1ban),<\/li><li>szakmai kollokviumok, szemin\u00e1riumok \u00e9s multiplik\u00e1ci\u00f3s \u00e9rtekezletek szervez\u00e9se \u00e9s lebonyol\u00edt\u00e1sa,<\/li><li>p\u00e1ly\u00e1zati-, ill. projekttev\u00e9kenys\u00e9get el\u0151k\u00e9sz\u00edt\u0151 \u00e9s lebonyol\u00edt\u00f3 feladatok megval\u00f3s\u00edt\u00e1sa<\/li><\/ul>\t\t\t\t\t\t\t\t<\/div>\n\t\t\t\t<\/div>\n\t\t\t\t<div class=\"elementor-element elementor-element-9fc0286 elementor-widget elementor-widget-text-editor\" data-id=\"9fc0286\" data-element_type=\"widget\" data-e-type=\"widget\" data-widget_type=\"text-editor.default\">\n\t\t\t\t<div class=\"elementor-widget-container\">\n\t\t\t\t\t\t\t\t\t<h3>A Katedra Polg\u00e1ri T\u00e1rsul\u00e1s k\u00fcldet\u00e9snyilatkozata \u2013 Stanovy Ob\u010dianskeho zdru\u017eenia KATEDRA POLG\u00c1RI T\u00c1RSUL\u00c1S<\/h3>\t\t\t\t\t\t\t\t<\/div>\n\t\t\t\t<\/div>\n\t\t\t\t\t<\/div>\n\t\t\t\t<\/div>\n\t\t<div class=\"elementor-element elementor-element-0a9e6b4 e-flex e-con-boxed e-con e-parent\" data-id=\"0a9e6b4\" data-element_type=\"container\" data-e-type=\"container\">\n\t\t\t\t\t<div class=\"e-con-inner\">\n\t\t\t\t<div class=\"elementor-element elementor-element-8c347d4 elementor-widget elementor-widget-embedpress_pdf\" data-id=\"8c347d4\" data-element_type=\"widget\" data-e-type=\"widget\" data-widget_type=\"embedpress_pdf.default\">\n\t\t\t\t<div class=\"elementor-widget-container\">\n\t\t\t\t\t    <div class=\"embedpress-document-embed ep-doc-8dca3e331aac8c1cf8427e8f052264ef ose-document emebedpress-unit-percent \" data-thememode=\"default\" data-customcolor=\"\" data-toolbar=\"yes\" data-toolbar-position=\"top\" data-open=\"no\" data-presentation-mode=\"yes\" data-download=\"yes\" data-copy=\"yes\" data-add-image=\"yes\" data-rotate=\"yes\" data-details=\"yes\" data-id=\"embedpress-pdf-8c347d4\" data-selection-tool=\"0\" data-scrolling=\"0\" data-spreads=\"-1\" style=\" max-width:100%; display: inline-block\">\n\n        \n                <div >\n\n                    <div id=\"ep-elementor-content-8c347d4\" class=\"ep-elementor-content   ep-percentage-width   ep-content-protection-disabled\">\n                        <div id=\"8c347d4\" class=\"ep-embed-content-wraper\">\n                            <div><iframe title=\"Stanovy\" class=\"embedpress-embed-document-pdf embedpress-pdf-8c347d4\" style=\"width: 100%!important;height: 720px;; max-width:100%; display: inline-block\" src=\"https:\/\/katedra.sk\/polgari-tarsulas\/wp-admin\/admin-ajax.php?action=get_viewer&#038;file=https%3A%2F%2Fkatedra.sk%2Fpolgari-tarsulas%2Fwp-content%2Fuploads%2F2025%2F02%2FStanovy.pdf&#038;scrolling=0&#038;selection_tool=0&#038;spreads=-1#key=dGhlbWVNb2RlPWRlZmF1bHQmdG9vbGJhcj10cnVlJnBvc2l0aW9uPXRvcCZwcmVzZW50YXRpb249dHJ1ZSZsYXp5TG9hZD1mYWxzZSZkb3dubG9hZD10cnVlJmNvcHlfdGV4dD10cnVlJmFkZF90ZXh0PXRydWUmZHJhdz10cnVlJmFkZF9pbWFnZT10cnVlJnBkZl9yb3RhdGlvbj10cnVlJnBkZl9kZXRhaWxzPXRydWUmem9vbV9pbj10cnVlJnpvb21fb3V0PXRydWUmZml0X3ZpZXc9dHJ1ZSZib29rbWFyaz10cnVlJnNvdW5kPXRydWUmZmxpcGJvb2tfdG9vbGJhcl9wb3NpdGlvbj1ib3R0b20mc2VsZWN0aW9uX3Rvb2w9MCZzY3JvbGxpbmc9MCZzcHJlYWRzPS0xJmlzX3Byb19hY3RpdmU9MCZwYWdlTnVtYmVyPTEmd2F0ZXJtYXJrX3RleHQ9JndhdGVybWFya19mb250X3NpemU9NDgmd2F0ZXJtYXJrX2NvbG9yPSUyMzAwMDAwMCZ3YXRlcm1hcmtfb3BhY2l0eT0xNSZ3YXRlcm1hcmtfc3R5bGU9Y2VudGVy&#038;zoom=auto\" class=\"embedpress-embed-document-pdf embedpress-pdf-8c347d4\" data-emid=\"embedpress-pdf-8c347d4\" data-embed-type=\"PDF\" frameborder=\"0\"><\/iframe><\/div>                        <\/div>\n\n                    <\/div>\n\n\n                   \n                <\/div>\n            \n    <\/div>\n\n\t\t\t\t<\/div>\n\t\t\t\t<\/div>\n\t\t\t\t<div class=\"elementor-element elementor-element-127b8e2 elementor-hidden-desktop elementor-hidden-laptop elementor-hidden-tablet elementor-hidden-mobile elementor-widget elementor-widget-image\" data-id=\"127b8e2\" data-element_type=\"widget\" data-e-type=\"widget\" data-widget_type=\"image.default\">\n\t\t\t\t<div class=\"elementor-widget-container\">\n\t\t\t\t\t\t\t\t\t\t\t\t\t\t\t<img fetchpriority=\"high\" decoding=\"async\" width=\"800\" height=\"177\" src=\"https:\/\/katedra.sk\/polgari-tarsulas\/wp-content\/uploads\/2025\/04\/magyar-kormany-1024x227.jpg\" class=\"attachment-large size-large wp-image-398\" alt=\"\" srcset=\"https:\/\/katedra.sk\/polgari-tarsulas\/wp-content\/uploads\/2025\/04\/magyar-kormany-1024x227.jpg 1024w, https:\/\/katedra.sk\/polgari-tarsulas\/wp-content\/uploads\/2025\/04\/magyar-kormany-300x67.jpg 300w, https:\/\/katedra.sk\/polgari-tarsulas\/wp-content\/uploads\/2025\/04\/magyar-kormany-768x170.jpg 768w, https:\/\/katedra.sk\/polgari-tarsulas\/wp-content\/uploads\/2025\/04\/magyar-kormany-1536x341.jpg 1536w, https:\/\/katedra.sk\/polgari-tarsulas\/wp-content\/uploads\/2025\/04\/magyar-kormany-2048x454.jpg 2048w\" sizes=\"(max-width: 800px) 100vw, 800px\" \/>\t\t\t\t\t\t\t\t\t\t\t\t\t\t\t<\/div>\n\t\t\t\t<\/div>\n\t\t\t\t\t<\/div>\n\t\t\t\t<\/div>\n\t\t\t\t<\/div>\n\t\t","protected":false},"excerpt":{"rendered":"<p>A Katedra Polg\u00e1ri T\u00e1rsul\u00e1s 2021-t\u0151l m\u0171k\u00f6d\u0151 civil szervezet, amely a Katedra Alap\u00edtv\u00e1ny t\u00f6bb \u00e9vtizedes akt\u00edv munk\u00e1j\u00e1t k\u00edv\u00e1nja folytatni \u00e9s tov\u00e1bbgondolni. Ezt a sz\u00e1nd\u00e9kot a Katedra Alap\u00edtv\u00e1ny \u00e9s a Katedra Polg\u00e1ri T\u00e1rsul\u00e1s k\u00f6z\u00f6tt l\u00e9trej\u00f6tt, jogok \u00e9s k\u00f6telezetts\u00e9gek \u00e1truh\u00e1z\u00e1s\u00e1r\u00f3l sz\u00f3l\u00f3 meg\u00e1llapod\u00e1s r\u00f6gz\u00edti. A szerz\u0151d\u00e9s \u00e9rtelm\u00e9ben a Katedra Polg\u00e1ri T\u00e1rsul\u00e1s tev\u00e9kenys\u00e9ge els\u0151sorban a Katedra csoport feladatainak ell\u00e1t\u00e1s\u00e1ra \u00f6sszpontosul, [&hellip;]<\/p>\n","protected":false},"author":1,"featured_media":0,"parent":0,"menu_order":0,"comment_status":"closed","ping_status":"closed","template":"","meta":{"_acf_changed":false,"footnotes":""},"class_list":["post-64","page","type-page","status-publish","hentry"],"acf":[],"_links":{"self":[{"href":"https:\/\/katedra.sk\/polgari-tarsulas\/wp-json\/wp\/v2\/pages\/64","targetHints":{"allow":["GET"]}}],"collection":[{"href":"https:\/\/katedra.sk\/polgari-tarsulas\/wp-json\/wp\/v2\/pages"}],"about":[{"href":"https:\/\/katedra.sk\/polgari-tarsulas\/wp-json\/wp\/v2\/types\/page"}],"author":[{"embeddable":true,"href":"https:\/\/katedra.sk\/polgari-tarsulas\/wp-json\/wp\/v2\/users\/1"}],"replies":[{"embeddable":true,"href":"https:\/\/katedra.sk\/polgari-tarsulas\/wp-json\/wp\/v2\/comments?post=64"}],"version-history":[{"count":21,"href":"https:\/\/katedra.sk\/polgari-tarsulas\/wp-json\/wp\/v2\/pages\/64\/revisions"}],"predecessor-version":[{"id":407,"href":"https:\/\/katedra.sk\/polgari-tarsulas\/wp-json\/wp\/v2\/pages\/64\/revisions\/407"}],"wp:attachment":[{"href":"https:\/\/katedra.sk\/polgari-tarsulas\/wp-json\/wp\/v2\/media?parent=64"}],"curies":[{"name":"wp","href":"https:\/\/api.w.org\/{rel}","templated":true}]}}