{"id":65,"date":"2023-11-06T18:20:18","date_gmt":"2023-11-06T17:20:18","guid":{"rendered":"http:\/\/oggy"},"modified":"2025-04-14T10:14:20","modified_gmt":"2025-04-14T08:14:20","slug":"eves-terv","status":"publish","type":"page","link":"https:\/\/katedra.sk\/polgari-tarsulas\/eves-terv\/","title":{"rendered":"\u00c9ves terv"},"content":{"rendered":"<h2>A Katedra Polg\u00e1ri T\u00e1rsul\u00e1s \u00e9ves terve \u2013 2025<\/h2>\n<h3>Janu\u00e1r:<\/h3>\n<ul>\n<li>A 2025-\u00f6s \u00e9v szervez\u00e9si feladatainak el\u0151k\u00e9sz\u00edt\u00e9se az els\u0151 f\u00e9l\u00e9vre (f\u00e9l\u00e9ves terv), annak k\u00f6zz\u00e9t\u00e9tele a <a href=\"https:\/\/katedra.sk\/polgari-tarsulas\/\">https:\/\/katedra.sk\/polgari-tarsulas\/<\/a> oldalon<\/li>\n<li>A Katedra foly\u00f3irat 2. f\u00e9l\u00e9vre sz\u00f3l\u00f3 harmonogramj\u00e1nak pontos\u00edt\u00e1sa (febru\u00e1r\u2013j\u00fanius), a tematikus blokkok fix\u00e1l\u00e1sa<\/li>\n<li>A Katedra foly\u00f3irat janu\u00e1ri lapsz\u00e1m\u00e1nak k\u00f6zz\u00e9t\u00e9tele a <a href=\"https:\/\/katedra.sk\/folyoirat\/\">https:\/\/katedra.sk\/folyoirat\/<\/a> oldalon<\/li>\n<li>A Katedra foly\u00f3irat janu\u00e1ri cikkeinek 2-3 naponk\u00e9nti posztol\u00e1sai a lap k\u00f6z\u00f6ss\u00e9gi oldal\u00e1n:https:\/\/www.facebook.com\/katedra.folyoirat\/<\/li>\n<li>A febru\u00e1ri Katedra szerkeszt\u00e9se<\/li>\n<li>Szerkeszt\u0151s\u00e9gi gy\u0171l\u00e9s: a m\u00e1rciusi Katedra el\u0151k\u00e9sz\u00edt\u00e9se, a b\u00edr\u00e1lt tanulm\u00e1nyok recenzi\u00f3inak megszervez\u00e9se<\/li>\n<li>A Katedra-versenyek 1. \u00e9s 2. megold\u00f3kulcsainak k\u00f6zz\u00e9t\u00e9tele a <a href=\"https:\/\/katedra.sk\/versenyek\/\">https:\/\/katedra.sk\/versenyek\/<\/a> oldalon<\/li>\n<li>A 2024-ben lebonyol\u00edtott p\u00e1ly\u00e1zatok elsz\u00e1mol\u00e1sa<\/li>\n<li>A 2025-ben beadand\u00f3 p\u00e1ly\u00e1zatok el\u0151k\u00e9sz\u00edt\u00e9se<\/li>\n<\/ul>\n<h3>Febru\u00e1r:<\/h3>\n<ul>\n<li>A Katedra foly\u00f3irat febru\u00e1ri lapsz\u00e1m\u00e1nak k\u00f6zz\u00e9t\u00e9tele a <a href=\"https:\/\/katedra.sk\/folyoirat\/\">https:\/\/katedra.sk\/folyoirat\/<\/a> oldalon<\/li>\n<li>A Katedra foly\u00f3irat febru\u00e1ri cikkeinek 2-3 naponk\u00e9nti posztol\u00e1sai a lap k\u00f6z\u00f6ss\u00e9gi oldal\u00e1n:https:\/\/www.facebook.com\/katedra.folyoirat\/<\/li>\n<li>A m\u00e1rciusi Katedra szerkeszt\u00e9se<\/li>\n<li>Szerkeszt\u0151s\u00e9gi gy\u0171l\u00e9s: az \u00e1prilisi Katedra el\u0151k\u00e9sz\u00edt\u00e9se, a b\u00edr\u00e1lt tanulm\u00e1nyok recenzi\u00f3inak megszervez\u00e9se<\/li>\n<li>A Katedra-versenyek 3. \u00e9s 4. megold\u00f3kulcsainak k\u00f6zz\u00e9t\u00e9tele a <a href=\"https:\/\/katedra.sk\/versenyek\/\">https:\/\/katedra.sk\/versenyek\/<\/a> oldalon<\/li>\n<li>Versenyszervez\u0151i megbesz\u00e9l\u00e9s a V\u00e1mb\u00e9ry \u00c1rmin F\u00f6ldrajzverseny orsz\u00e1gos d\u00f6nt\u0151j\u00e9vel kapcsolatban, szervez\u00e9si feladatok tiszt\u00e1z\u00e1sa<\/li>\n<\/ul>\n<h3>M\u00e1rcius:<\/h3>\n<ul>\n<li>A Katedra foly\u00f3irat m\u00e1rciusi lapsz\u00e1m\u00e1nak k\u00f6zz\u00e9t\u00e9tele a <a href=\"https:\/\/katedra.sk\/folyoirat\/\">https:\/\/katedra.sk\/folyoirat\/<\/a> oldalon<\/li>\n<li>A Katedra foly\u00f3irat m\u00e1rciusi cikkeinek 2-3 naponk\u00e9nti posztol\u00e1sai a lap k\u00f6z\u00f6ss\u00e9gi oldal\u00e1n:https:\/\/www.facebook.com\/katedra.folyoirat\/<\/li>\n<li>Az \u00e1prilisi Katedra szerkeszt\u00e9se<\/li>\n<li>Szerkeszt\u0151s\u00e9gi gy\u0171l\u00e9s: a m\u00e1jusi Katedra el\u0151k\u00e9sz\u00edt\u00e9se, a b\u00edr\u00e1lt tanulm\u00e1nyok recenzi\u00f3inak megszervez\u00e9se<\/li>\n<li>A V\u00e1mb\u00e9ry \u00c1rmin F\u00f6ldrajzverseny orsz\u00e1gos d\u00f6nt\u0151je<\/li>\n<li>Versenyszervez\u0151i megbesz\u00e9l\u00e9s a Katedra Matematikaverseny, Katedra T\u00f6rt\u00e9nelemverseny, Katedra Irodalomverseny, Katedra Als\u00f3 Tagozatos Verseny \u00e9s P\u00e9nzes Istv\u00e1n Anyanyelvi Vet\u00e9lked\u0151 orsz\u00e1gos d\u00f6nt\u0151j\u00e9vel kapcsolatban, szervez\u00e9si feladatok tiszt\u00e1z\u00e1sa<\/li>\n<li>A Katedra-versenyek levelez\u0151s fordul\u00f3inak a lez\u00e1r\u00e1sa, az eredm\u00e9nyek k\u00f6zz\u00e9t\u00e9tele a <a href=\"https:\/\/katedra.sk\/versenyek\/\">https:\/\/katedra.sk\/versenyek\/<\/a> oldalon<\/li>\n<\/ul>\n<h3>\u00c1prilis:<\/h3>\n<ul>\n<li>A Katedra foly\u00f3irat \u00e1prilisi lapsz\u00e1m\u00e1nak k\u00f6zz\u00e9t\u00e9tele a <a href=\"https:\/\/katedra.sk\/folyoirat\/\">https:\/\/katedra.sk\/folyoirat\/<\/a> oldalon<\/li>\n<li>A Katedra foly\u00f3irat \u00e1prilisi cikkeinek 2-3 naponk\u00e9nti posztol\u00e1sai a lap k\u00f6z\u00f6ss\u00e9gi oldal\u00e1n:https:\/\/www.facebook.com\/katedra.folyoirat\/<\/li>\n<li>A m\u00e1jusi Katedra szerkeszt\u00e9se<\/li>\n<li>Megh\u00edv\u00f3k k\u00fcld\u00e9se \u00e9s a <a href=\"https:\/\/katedra.sk\/versenyek\/\">https:\/\/katedra.sk\/versenyek\/<\/a> oldalon t\u00f6rt\u00e9n\u0151 k\u00f6zz\u00e9t\u00e9tele a Katedra Matematikaverseny, Katedra T\u00f6rt\u00e9nelemverseny, Katedra Irodalomverseny, Katedra Als\u00f3 Tagozatos Verseny \u00e9s P\u00e9nzes Istv\u00e1n Anyanyelvi Vet\u00e9lked\u0151 orsz\u00e1gos d\u00f6nt\u0151j\u00e9re<\/li>\n<li>A Katedra-versenyek d\u00f6nt\u0151inek szervez\u00e9si feladatai<\/li>\n<li>Az SZMPSZ rozsny\u00f3i konferenci\u00e1j\u00e1n val\u00f3 r\u00e9szv\u00e9tel<\/li>\n<\/ul>\n<h3>M\u00e1jus:<\/h3>\n<ul>\n<li>A Katedra foly\u00f3irat m\u00e1jusi lapsz\u00e1m\u00e1nak k\u00f6zz\u00e9t\u00e9tele a <a href=\"https:\/\/katedra.sk\/folyoirat\/\">https:\/\/katedra.sk\/folyoirat\/<\/a> oldalon<\/li>\n<li>A Katedra foly\u00f3irat m\u00e1jusi cikkeinek 2-3 naponk\u00e9nti posztol\u00e1sai a lap k\u00f6z\u00f6ss\u00e9gi oldal\u00e1n:https:\/\/www.facebook.com\/katedra.folyoirat\/<\/li>\n<li>A j\u00faniusi Katedra szerkeszt\u00e9se<\/li>\n<li>A Katedra Matematikaverseny d\u00f6nt\u0151je<\/li>\n<li>A Katedra-versenyek tov\u00e1bbi d\u00f6nt\u0151inek el\u0151k\u00e9sz\u00edt\u00e9se, szervez\u00e9si feladatok<\/li>\n<\/ul>\n<h3>J\u00fanius:<\/h3>\n<ul>\n<li>A Katedra foly\u00f3irat j\u00faniusi lapsz\u00e1m\u00e1nak k\u00f6zz\u00e9t\u00e9tele a <a href=\"https:\/\/katedra.sk\/folyoirat\/\">https:\/\/katedra.sk\/folyoirat\/<\/a> oldalon<\/li>\n<li>A Katedra foly\u00f3irat j\u00faniusi cikkeinek 2-3 naponk\u00e9nti posztol\u00e1sai a lap k\u00f6z\u00f6ss\u00e9gi oldal\u00e1n:https:\/\/www.facebook.com\/katedra.folyoirat\/<\/li>\n<li>Szerkeszt\u0151s\u00e9gi gy\u0171l\u00e9s: a szeptemberi Katedra el\u0151k\u00e9sz\u00edt\u00e9se, a b\u00edr\u00e1lt tanulm\u00e1nyok recenzi\u00f3inak megszervez\u00e9se<\/li>\n<li>A Katedra T\u00f6rt\u00e9nelemverseny, Katedra Irodalomverseny, Katedra Als\u00f3 Tagozatos Verseny \u00e9s P\u00e9nzes Istv\u00e1n Anyanyelvi Vet\u00e9lked\u0151 orsz\u00e1gos d\u00f6nt\u0151je<\/li>\n<\/ul>\n<h3>J\u00falius:<\/h3>\n<ul>\n<li>Szerkeszt\u0151s\u00e9gi gy\u0171l\u00e9s: a janu\u00e1r-j\u00fanius k\u00f6z\u00f6tt megjelent Katedra lapsz\u00e1mainak \u00e9rt\u00e9kel\u00e9se, a k\u00f6vetkez\u0151 f\u00e9l\u00e9v lapsz\u00e1mainak megtervez\u00e9se, szervez\u00e9si forgat\u00f3k\u00f6nyv k\u00e9sz\u00edt\u00e9se, hat\u00e1rid\u0151k fix\u00e1l\u00e1sa<\/li>\n<li>Versenyszervez\u0151i megbesz\u00e9l\u00e9s a V\u00e1mb\u00e9ry \u00c1rmin F\u00f6ldrajzverseny, Katedra Matematikaverseny, Katedra T\u00f6rt\u00e9nelemverseny, Katedra Irodalomverseny, Katedra Als\u00f3 Tagozatos Verseny \u00e9s P\u00e9nzes Istv\u00e1n Anyanyelvi Vet\u00e9lked\u0151 rovatvezet\u0151ivel: a d\u00f6nt\u0151k \u00e9rt\u00e9kel\u00e9se, a k\u00f6vetkez\u0151 verseny\u00e9vfolyam tervez\u00e9se, szervez\u00e9si forgat\u00f3k\u00f6nyv k\u00e9sz\u00edt\u00e9se, hat\u00e1rid\u0151k fix\u00e1l\u00e1sa<\/li>\n<\/ul>\n<h3>Augusztus:<\/h3>\n<ul>\n<li>A szeptemberi-okt\u00f3beri Katedra szerkeszt\u00e9se<\/li>\n<li>Szerkeszt\u0151s\u00e9gi gy\u0171l\u00e9s: a november-decemberi Katedra el\u0151k\u00e9sz\u00edt\u00e9se, a b\u00edr\u00e1lt tanulm\u00e1nyok recenzi\u00f3inak megszervez\u00e9se<\/li>\n<\/ul>\n<h3>Szeptember:<\/h3>\n<ul>\n<li>A Katedra foly\u00f3irat szeptember-okt\u00f3beri duplalapsz\u00e1m\u00e1nak k\u00f6zz\u00e9t\u00e9tele a <a href=\"https:\/\/katedra.sk\/folyoirat\/\">https:\/\/katedra.sk\/folyoirat\/<\/a> oldalon<\/li>\n<li>Az aktu\u00e1lis sz\u00e1m cikkeinek 2-3 naponk\u00e9nti posztol\u00e1sai a lap k\u00f6z\u00f6ss\u00e9gi oldal\u00e1n:https:\/\/www.facebook.com\/katedra.folyoirat\/<\/li>\n<li>Az november-decemberi Katedra szerkeszt\u00e9se<\/li>\n<li>A Katedra-versenyek 1. feladatsorainak k\u00f6zz\u00e9t\u00e9tele a <a href=\"https:\/\/katedra.sk\/versenyek\/\">https:\/\/katedra.sk\/versenyek\/<\/a> oldalon<\/li>\n<li>Online regisztr\u00e1ci\u00f3s folyamat ind\u00edt\u00e1sa a Katedra-versenyekre<\/li>\n<li>Az SZMPSZ \u00e1ltal szervezett Orsz\u00e1gos Tan\u00e9vnyit\u00f3n val\u00f3 r\u00e9szv\u00e9tel<\/li>\n<\/ul>\n<h3>Okt\u00f3ber:<\/h3>\n<ul>\n<li>Az aktu\u00e1lis sz\u00e1m cikkeinek 2-3 naponk\u00e9nti posztol\u00e1sai a lap k\u00f6z\u00f6ss\u00e9gi oldal\u00e1n:https:\/\/www.facebook.com\/katedra.folyoirat\/<\/li>\n<li>A november-decemberi Katedra szerkeszt\u00e9se<\/li>\n<li>Szerkeszt\u0151s\u00e9gi gy\u0171l\u00e9s: a janu\u00e1r-febru\u00e1ri Katedra el\u0151k\u00e9sz\u00edt\u00e9se, a b\u00edr\u00e1lt tanulm\u00e1nyok recenzi\u00f3inak megszervez\u00e9se<\/li>\n<li>A Katedra-versenyek 2. feladatsorainak k\u00f6zz\u00e9t\u00e9tele a <a href=\"https:\/\/katedra.sk\/versenyek\/\">https:\/\/katedra.sk\/versenyek\/<\/a> oldalon<\/li>\n<li>A Katedra-versenyekre t\u00f6rt\u00e9n\u0151 regisztr\u00e1ci\u00f3 lez\u00e1r\u00e1sa<\/li>\n<\/ul>\n<h3>November:<\/h3>\n<ul>\n<li>A Katedra foly\u00f3irat november-decemberi lapsz\u00e1m\u00e1nak k\u00f6zz\u00e9t\u00e9tele a <a href=\"https:\/\/katedra.sk\/folyoirat\/\">https:\/\/katedra.sk\/folyoirat\/<\/a> oldalon<\/li>\n<li>Az aktu\u00e1lis sz\u00e1m cikkeinek 2-3 naponk\u00e9nti posztol\u00e1sai a lap k\u00f6z\u00f6ss\u00e9gi oldal\u00e1n:https:\/\/www.facebook.com\/katedra.folyoirat\/<\/li>\n<li>A Katedra-versenyek 3. feladatsorainak k\u00f6zz\u00e9t\u00e9tele a <a href=\"https:\/\/katedra.sk\/versenyek\/\">https:\/\/katedra.sk\/versenyek\/<\/a> oldalon<\/li>\n<\/ul>\n<h3>December:<\/h3>\n<ul>\n<li>Az aktu\u00e1lis sz\u00e1m cikkeinek 2-3 naponk\u00e9nti posztol\u00e1sai a lap k\u00f6z\u00f6ss\u00e9gi oldal\u00e1n:https:\/\/www.facebook.com\/katedra.folyoirat\/<\/li>\n<li>A janu\u00e1r-febru\u00e1ri Katedra szerkeszt\u00e9se<\/li>\n<li>Szerkeszt\u0151s\u00e9gi gy\u0171l\u00e9s: a febru\u00e1ri Katedra el\u0151k\u00e9sz\u00edt\u00e9se, a b\u00edr\u00e1lt tanulm\u00e1nyok recenzi\u00f3inak megszervez\u00e9se<\/li>\n<li>A Katedra-versenyek 4. feladatsorainak k\u00f6zz\u00e9t\u00e9tele a <a href=\"https:\/\/katedra.sk\/versenyek\/\">https:\/\/katedra.sk\/versenyek\/<\/a> oldalon<\/li>\n<li>A SzK oktat\u00e1s\u00fcgyi Miniszt\u00e9riuma \u00e1ltal szervezett, a nemzetis\u00e9gi nevel\u00e9st\/oktat\u00e1st \u00e9rint\u0151 konferenci\u00e1n val\u00f3 r\u00e9szv\u00e9tel<\/li>\n<li>A 2025-ben lebonyol\u00edtott p\u00e1ly\u00e1zatok elsz\u00e1mol\u00e1sa<\/li>\n<li>A 2026-ban beadand\u00f3 p\u00e1ly\u00e1zatok el\u0151k\u00e9sz\u00edt\u00e9se<\/li>\n<li>A 2025-\u00f6s \u00e9v z\u00e1r\u00e1sa, \u00e9rt\u00e9kel\u00e9se<\/li>\n<\/ul>\n","protected":false},"excerpt":{"rendered":"<p>A Katedra Polg\u00e1ri T\u00e1rsul\u00e1s \u00e9ves terve \u2013 2025 Janu\u00e1r: A 2025-\u00f6s \u00e9v szervez\u00e9si feladatainak el\u0151k\u00e9sz\u00edt\u00e9se az els\u0151 f\u00e9l\u00e9vre (f\u00e9l\u00e9ves terv), annak k\u00f6zz\u00e9t\u00e9tele a https:\/\/katedra.sk\/polgari-tarsulas\/ oldalon A Katedra foly\u00f3irat 2. f\u00e9l\u00e9vre sz\u00f3l\u00f3 harmonogramj\u00e1nak pontos\u00edt\u00e1sa (febru\u00e1r\u2013j\u00fanius), a tematikus blokkok fix\u00e1l\u00e1sa A Katedra foly\u00f3irat janu\u00e1ri lapsz\u00e1m\u00e1nak k\u00f6zz\u00e9t\u00e9tele a https:\/\/katedra.sk\/folyoirat\/ oldalon A Katedra foly\u00f3irat janu\u00e1ri cikkeinek 2-3 naponk\u00e9nti posztol\u00e1sai [&hellip;]<\/p>\n","protected":false},"author":1,"featured_media":0,"parent":0,"menu_order":0,"comment_status":"closed","ping_status":"closed","template":"","meta":{"_acf_changed":false,"footnotes":""},"class_list":["post-65","page","type-page","status-publish","hentry"],"acf":[],"_links":{"self":[{"href":"https:\/\/katedra.sk\/polgari-tarsulas\/wp-json\/wp\/v2\/pages\/65","targetHints":{"allow":["GET"]}}],"collection":[{"href":"https:\/\/katedra.sk\/polgari-tarsulas\/wp-json\/wp\/v2\/pages"}],"about":[{"href":"https:\/\/katedra.sk\/polgari-tarsulas\/wp-json\/wp\/v2\/types\/page"}],"author":[{"embeddable":true,"href":"https:\/\/katedra.sk\/polgari-tarsulas\/wp-json\/wp\/v2\/users\/1"}],"replies":[{"embeddable":true,"href":"https:\/\/katedra.sk\/polgari-tarsulas\/wp-json\/wp\/v2\/comments?post=65"}],"version-history":[{"count":21,"href":"https:\/\/katedra.sk\/polgari-tarsulas\/wp-json\/wp\/v2\/pages\/65\/revisions"}],"predecessor-version":[{"id":392,"href":"https:\/\/katedra.sk\/polgari-tarsulas\/wp-json\/wp\/v2\/pages\/65\/revisions\/392"}],"wp:attachment":[{"href":"https:\/\/katedra.sk\/polgari-tarsulas\/wp-json\/wp\/v2\/media?parent=65"}],"curies":[{"name":"wp","href":"https:\/\/api.w.org\/{rel}","templated":true}]}}