{"id":3192,"date":"2024-03-25T14:45:21","date_gmt":"2024-03-25T13:45:21","guid":{"rendered":"https:\/\/katedra.sk\/versenyek\/?page_id=3192"},"modified":"2024-03-25T14:45:46","modified_gmt":"2024-03-25T13:45:46","slug":"archivum-2020-2021","status":"publish","type":"page","link":"https:\/\/katedra.sk\/versenyek\/archivum-2020-2021\/","title":{"rendered":"Arch\u00edvum \u2013 2020 &#8211; 2021"},"content":{"rendered":"\t\t<div data-elementor-type=\"wp-page\" data-elementor-id=\"3192\" class=\"elementor elementor-3192\" data-elementor-post-type=\"page\">\n\t\t\t\t<div class=\"elementor-element elementor-element-4270d068 e-flex e-con-boxed e-con e-child\" data-id=\"4270d068\" data-element_type=\"container\" data-e-type=\"container\">\n\t\t\t\t\t<div class=\"e-con-inner\">\n\t\t\t\t<div class=\"elementor-element elementor-element-636d92a4 e-n-tabs-mobile elementor-widget elementor-widget-n-tabs\" data-id=\"636d92a4\" data-element_type=\"widget\" data-e-type=\"widget\" data-settings=\"{&quot;tabs_justify_horizontal&quot;:&quot;start&quot;,&quot;horizontal_scroll&quot;:&quot;disable&quot;}\" data-widget_type=\"nested-tabs.default\">\n\t\t\t\t<div class=\"elementor-widget-container\">\n\t\t\t\t\t\t\t<div class=\"e-n-tabs\" data-widget-number=\"1668125348\" aria-label=\"Tabs. Open items with Enter or Space, close with Escape and navigate using the Arrow keys.\">\n\t\t\t<div class=\"e-n-tabs-heading\" role=\"tablist\">\n\t\t\t\t\t<button id=\"2020\" data-tab-title-id=\"e-n-tab-title-16681253481\" class=\"e-n-tab-title\" aria-selected=\"true\" data-tab-index=\"1\" role=\"tab\" tabindex=\"0\" aria-controls=\"e-n-tab-content-16681253481\" style=\"--n-tabs-title-order: 1;\">\n\t\t\t\t\t\t<span class=\"e-n-tab-title-text\">\n\t\t\t\t2020 - 2021\t\t\t<\/span>\n\t\t<\/button>\n\t\t\t\t\t<\/div>\n\t\t\t<div class=\"e-n-tabs-content\">\n\t\t\t\t<div id=\"e-n-tab-content-16681253481\" role=\"tabpanel\" aria-labelledby=\"2020\" data-tab-index=\"1\" style=\"--n-tabs-title-order: 1;\" class=\"e-active elementor-element elementor-element-75b5d644 e-con-full e-flex e-con e-child\" data-id=\"75b5d644\" data-element_type=\"container\" data-e-type=\"container\">\n\t\t<div class=\"elementor-element elementor-element-6b285165 e-con-full e-flex e-con e-child\" data-id=\"6b285165\" data-element_type=\"container\" data-e-type=\"container\">\n\t\t\t\t<div class=\"elementor-element elementor-element-128b3988 elementor-widget elementor-widget-heading\" data-id=\"128b3988\" data-element_type=\"widget\" data-e-type=\"widget\" data-widget_type=\"heading.default\">\n\t\t\t\t<div class=\"elementor-widget-container\">\n\t\t\t\t\t<span class=\"elementor-heading-title elementor-size-default\"><a href=\"https:\/\/katedra.sk\/versenyek\/wp-content\/uploads\/archivum\/2020-2021\/Versenyek-2021-06.pdf\" target=\"_blank\">Versenyek-2021-06 (let\u00f6lt\u00e9s)<\/a><\/span>\t\t\t\t<\/div>\n\t\t\t\t<\/div>\n\t\t\t\t<div class=\"elementor-element elementor-element-1a985949 elementor-widget elementor-widget-image\" data-id=\"1a985949\" data-element_type=\"widget\" data-e-type=\"widget\" data-widget_type=\"image.default\">\n\t\t\t\t<div class=\"elementor-widget-container\">\n\t\t\t\t\t\t\t\t\t\t\t\t\t\t\t\t<a href=\"https:\/\/katedra.sk\/versenyek\/wp-content\/uploads\/archivum\/2020-2021\/Versenyek-2021-06.pdf\">\n\t\t\t\t\t\t\t<img fetchpriority=\"high\" decoding=\"async\" width=\"252\" height=\"350\" src=\"https:\/\/katedra.sk\/versenyek\/wp-content\/uploads\/2023\/11\/Versenyek-archiv-belyeg.jpg\" class=\"attachment-medium_large size-medium_large wp-image-1934\" alt=\"\" \/>\t\t\t\t\t\t\t\t<\/a>\n\t\t\t\t\t\t\t\t\t\t\t\t\t\t\t<\/div>\n\t\t\t\t<\/div>\n\t\t\t\t<\/div>\n\t\t<div class=\"elementor-element elementor-element-5abd3c91 e-con-full e-flex e-con e-child\" data-id=\"5abd3c91\" data-element_type=\"container\" data-e-type=\"container\">\n\t\t\t\t<div class=\"elementor-element elementor-element-45d73697 elementor-widget elementor-widget-heading\" data-id=\"45d73697\" data-element_type=\"widget\" data-e-type=\"widget\" data-widget_type=\"heading.default\">\n\t\t\t\t<div class=\"elementor-widget-container\">\n\t\t\t\t\t<span class=\"elementor-heading-title elementor-size-default\"><a href=\"https:\/\/katedra.sk\/versenyek\/wp-content\/uploads\/archivum\/2020-2021\/Versenyek-2021-04.pdf\" target=\"_blank\">Versenyek-2021-04 (let\u00f6lt\u00e9s)<\/a><\/span>\t\t\t\t<\/div>\n\t\t\t\t<\/div>\n\t\t\t\t<div class=\"elementor-element elementor-element-181fcb98 elementor-widget elementor-widget-image\" data-id=\"181fcb98\" data-element_type=\"widget\" data-e-type=\"widget\" data-widget_type=\"image.default\">\n\t\t\t\t<div class=\"elementor-widget-container\">\n\t\t\t\t\t\t\t\t\t\t\t\t\t\t\t\t<a href=\"https:\/\/katedra.sk\/versenyek\/wp-content\/uploads\/archivum\/2020-2021\/Versenyek-2021-04.pdf\">\n\t\t\t\t\t\t\t<img fetchpriority=\"high\" decoding=\"async\" width=\"252\" height=\"350\" src=\"https:\/\/katedra.sk\/versenyek\/wp-content\/uploads\/2023\/11\/Versenyek-archiv-belyeg.jpg\" class=\"attachment-medium_large size-medium_large wp-image-1934\" alt=\"\" \/>\t\t\t\t\t\t\t\t<\/a>\n\t\t\t\t\t\t\t\t\t\t\t\t\t\t\t<\/div>\n\t\t\t\t<\/div>\n\t\t\t\t<\/div>\n\t\t<div class=\"elementor-element elementor-element-2eb4fcd e-con-full e-flex e-con e-child\" data-id=\"2eb4fcd\" data-element_type=\"container\" data-e-type=\"container\">\n\t\t\t\t<div class=\"elementor-element elementor-element-27f9d481 elementor-widget elementor-widget-heading\" data-id=\"27f9d481\" data-element_type=\"widget\" data-e-type=\"widget\" data-widget_type=\"heading.default\">\n\t\t\t\t<div class=\"elementor-widget-container\">\n\t\t\t\t\t<span class=\"elementor-heading-title elementor-size-default\"><a href=\"https:\/\/katedra.sk\/versenyek\/wp-content\/uploads\/archivum\/2020-2021\/Versenyek-2021-03.pdf\" target=\"_blank\">Versenyek-2021-03 (let\u00f6lt\u00e9s)<\/a><\/span>\t\t\t\t<\/div>\n\t\t\t\t<\/div>\n\t\t\t\t<div class=\"elementor-element elementor-element-25dc08b2 elementor-widget elementor-widget-image\" data-id=\"25dc08b2\" data-element_type=\"widget\" data-e-type=\"widget\" data-widget_type=\"image.default\">\n\t\t\t\t<div class=\"elementor-widget-container\">\n\t\t\t\t\t\t\t\t\t\t\t\t\t\t\t\t<a href=\"https:\/\/katedra.sk\/versenyek\/wp-content\/uploads\/archivum\/2020-2021\/Versenyek-2021-03.pdf\">\n\t\t\t\t\t\t\t<img fetchpriority=\"high\" decoding=\"async\" width=\"252\" height=\"350\" src=\"https:\/\/katedra.sk\/versenyek\/wp-content\/uploads\/2023\/11\/Versenyek-archiv-belyeg.jpg\" class=\"attachment-medium_large size-medium_large wp-image-1934\" alt=\"\" \/>\t\t\t\t\t\t\t\t<\/a>\n\t\t\t\t\t\t\t\t\t\t\t\t\t\t\t<\/div>\n\t\t\t\t<\/div>\n\t\t\t\t<\/div>\n\t\t<div class=\"elementor-element elementor-element-759a7620 e-con-full e-flex e-con e-child\" data-id=\"759a7620\" data-element_type=\"container\" data-e-type=\"container\">\n\t\t\t\t<div class=\"elementor-element elementor-element-6fcfa078 elementor-widget elementor-widget-heading\" data-id=\"6fcfa078\" data-element_type=\"widget\" data-e-type=\"widget\" data-widget_type=\"heading.default\">\n\t\t\t\t<div class=\"elementor-widget-container\">\n\t\t\t\t\t<span class=\"elementor-heading-title elementor-size-default\"><a href=\"https:\/\/katedra.sk\/versenyek\/wp-content\/uploads\/archivum\/2020-2021\/Versenyek-2021-02.pdf\" target=\"_blank\">Versenyek-2021-02 (let\u00f6lt\u00e9s)<\/a><\/span>\t\t\t\t<\/div>\n\t\t\t\t<\/div>\n\t\t\t\t<div class=\"elementor-element elementor-element-15f7abbb elementor-widget elementor-widget-image\" data-id=\"15f7abbb\" data-element_type=\"widget\" data-e-type=\"widget\" data-widget_type=\"image.default\">\n\t\t\t\t<div class=\"elementor-widget-container\">\n\t\t\t\t\t\t\t\t\t\t\t\t\t\t\t\t<a href=\"https:\/\/katedra.sk\/versenyek\/wp-content\/uploads\/archivum\/2020-2021\/Versenyek-2021-02.pdf\">\n\t\t\t\t\t\t\t<img fetchpriority=\"high\" decoding=\"async\" width=\"252\" height=\"350\" src=\"https:\/\/katedra.sk\/versenyek\/wp-content\/uploads\/2023\/11\/Versenyek-archiv-belyeg.jpg\" class=\"attachment-medium_large size-medium_large wp-image-1934\" alt=\"\" \/>\t\t\t\t\t\t\t\t<\/a>\n\t\t\t\t\t\t\t\t\t\t\t\t\t\t\t<\/div>\n\t\t\t\t<\/div>\n\t\t\t\t<\/div>\n\t\t<div class=\"elementor-element elementor-element-7adfb83c e-con-full e-flex e-con e-child\" data-id=\"7adfb83c\" data-element_type=\"container\" data-e-type=\"container\">\n\t\t\t\t<div class=\"elementor-element elementor-element-53d5e72e elementor-widget elementor-widget-heading\" data-id=\"53d5e72e\" data-element_type=\"widget\" data-e-type=\"widget\" data-widget_type=\"heading.default\">\n\t\t\t\t<div class=\"elementor-widget-container\">\n\t\t\t\t\t<span class=\"elementor-heading-title elementor-size-default\"><a href=\"https:\/\/katedra.sk\/versenyek\/wp-content\/uploads\/archivum\/2020-2021\/Versenyek-2021-01.pdf\" target=\"_blank\">Versenyek-2021-01 (let\u00f6lt\u00e9s)<\/a><\/span>\t\t\t\t<\/div>\n\t\t\t\t<\/div>\n\t\t\t\t<div class=\"elementor-element elementor-element-19d04778 elementor-widget elementor-widget-image\" data-id=\"19d04778\" data-element_type=\"widget\" data-e-type=\"widget\" data-widget_type=\"image.default\">\n\t\t\t\t<div class=\"elementor-widget-container\">\n\t\t\t\t\t\t\t\t\t\t\t\t\t\t\t\t<a href=\"https:\/\/katedra.sk\/versenyek\/wp-content\/uploads\/archivum\/2020-2021\/Versenyek-2021-01.pdf\">\n\t\t\t\t\t\t\t<img fetchpriority=\"high\" decoding=\"async\" width=\"252\" height=\"350\" src=\"https:\/\/katedra.sk\/versenyek\/wp-content\/uploads\/2023\/11\/Versenyek-archiv-belyeg.jpg\" class=\"attachment-medium_large size-medium_large wp-image-1934\" alt=\"\" \/>\t\t\t\t\t\t\t\t<\/a>\n\t\t\t\t\t\t\t\t\t\t\t\t\t\t\t<\/div>\n\t\t\t\t<\/div>\n\t\t\t\t<\/div>\n\t\t<div class=\"elementor-element elementor-element-2b94003 e-con-full e-flex e-con e-child\" data-id=\"2b94003\" data-element_type=\"container\" data-e-type=\"container\">\n\t\t\t\t<div class=\"elementor-element elementor-element-5988a6cc elementor-widget elementor-widget-heading\" data-id=\"5988a6cc\" data-element_type=\"widget\" data-e-type=\"widget\" data-widget_type=\"heading.default\">\n\t\t\t\t<div class=\"elementor-widget-container\">\n\t\t\t\t\t<span class=\"elementor-heading-title elementor-size-default\"><a href=\"https:\/\/katedra.sk\/versenyek\/wp-content\/uploads\/archivum\/2020-2021\/Versenyek-2020-12.pdf\" target=\"_blank\">Versenyek-2020-12 (let\u00f6lt\u00e9s)<\/a><\/span>\t\t\t\t<\/div>\n\t\t\t\t<\/div>\n\t\t\t\t<div class=\"elementor-element elementor-element-68baeb02 elementor-widget elementor-widget-image\" data-id=\"68baeb02\" data-element_type=\"widget\" data-e-type=\"widget\" data-widget_type=\"image.default\">\n\t\t\t\t<div class=\"elementor-widget-container\">\n\t\t\t\t\t\t\t\t\t\t\t\t\t\t\t\t<a href=\"https:\/\/katedra.sk\/versenyek\/wp-content\/uploads\/archivum\/2020-2021\/Versenyek-2020-12.pdf\">\n\t\t\t\t\t\t\t<img fetchpriority=\"high\" decoding=\"async\" width=\"252\" height=\"350\" src=\"https:\/\/katedra.sk\/versenyek\/wp-content\/uploads\/2023\/11\/Versenyek-archiv-belyeg.jpg\" class=\"attachment-medium_large size-medium_large wp-image-1934\" alt=\"\" \/>\t\t\t\t\t\t\t\t<\/a>\n\t\t\t\t\t\t\t\t\t\t\t\t\t\t\t<\/div>\n\t\t\t\t<\/div>\n\t\t\t\t<\/div>\n\t\t<div class=\"elementor-element elementor-element-4f565b40 e-con-full e-flex e-con e-child\" data-id=\"4f565b40\" data-element_type=\"container\" data-e-type=\"container\">\n\t\t\t\t<div class=\"elementor-element elementor-element-6aeb1d20 elementor-widget elementor-widget-heading\" data-id=\"6aeb1d20\" data-element_type=\"widget\" data-e-type=\"widget\" data-widget_type=\"heading.default\">\n\t\t\t\t<div class=\"elementor-widget-container\">\n\t\t\t\t\t<span class=\"elementor-heading-title elementor-size-default\"><a href=\"https:\/\/katedra.sk\/versenyek\/wp-content\/uploads\/archivum\/2020-2021\/Versenyek-2020-11.pdf\" target=\"_blank\">Versenyek-2020-11 (let\u00f6lt\u00e9s)<\/a><\/span>\t\t\t\t<\/div>\n\t\t\t\t<\/div>\n\t\t\t\t<div class=\"elementor-element elementor-element-3b0f7615 elementor-widget elementor-widget-image\" data-id=\"3b0f7615\" data-element_type=\"widget\" data-e-type=\"widget\" data-widget_type=\"image.default\">\n\t\t\t\t<div class=\"elementor-widget-container\">\n\t\t\t\t\t\t\t\t\t\t\t\t\t\t\t\t<a href=\"https:\/\/katedra.sk\/versenyek\/wp-content\/uploads\/archivum\/2020-2021\/Versenyek-2020-11.pdf\">\n\t\t\t\t\t\t\t<img fetchpriority=\"high\" decoding=\"async\" width=\"252\" height=\"350\" src=\"https:\/\/katedra.sk\/versenyek\/wp-content\/uploads\/2023\/11\/Versenyek-archiv-belyeg.jpg\" class=\"attachment-medium_large size-medium_large wp-image-1934\" alt=\"\" \/>\t\t\t\t\t\t\t\t<\/a>\n\t\t\t\t\t\t\t\t\t\t\t\t\t\t\t<\/div>\n\t\t\t\t<\/div>\n\t\t\t\t<\/div>\n\t\t<div class=\"elementor-element elementor-element-186d98e1 e-con-full e-flex e-con e-child\" data-id=\"186d98e1\" data-element_type=\"container\" data-e-type=\"container\">\n\t\t\t\t<div class=\"elementor-element elementor-element-6d970905 elementor-widget elementor-widget-heading\" data-id=\"6d970905\" data-element_type=\"widget\" data-e-type=\"widget\" data-widget_type=\"heading.default\">\n\t\t\t\t<div class=\"elementor-widget-container\">\n\t\t\t\t\t<span class=\"elementor-heading-title elementor-size-default\"><a href=\"https:\/\/katedra.sk\/versenyek\/wp-content\/uploads\/archivum\/2020-2021\/Versenyek-2020-10.pdf\" target=\"_blank\">Versenyek-2020-10 (let\u00f6lt\u00e9s)<\/a><\/span>\t\t\t\t<\/div>\n\t\t\t\t<\/div>\n\t\t\t\t<div class=\"elementor-element elementor-element-60665b87 elementor-widget elementor-widget-image\" data-id=\"60665b87\" data-element_type=\"widget\" data-e-type=\"widget\" data-widget_type=\"image.default\">\n\t\t\t\t<div class=\"elementor-widget-container\">\n\t\t\t\t\t\t\t\t\t\t\t\t\t\t\t\t<a href=\"https:\/\/katedra.sk\/versenyek\/wp-content\/uploads\/archivum\/2020-2021\/Versenyek-2020-10.pdf\">\n\t\t\t\t\t\t\t<img fetchpriority=\"high\" decoding=\"async\" width=\"252\" height=\"350\" src=\"https:\/\/katedra.sk\/versenyek\/wp-content\/uploads\/2023\/11\/Versenyek-archiv-belyeg.jpg\" class=\"attachment-medium_large size-medium_large wp-image-1934\" alt=\"\" \/>\t\t\t\t\t\t\t\t<\/a>\n\t\t\t\t\t\t\t\t\t\t\t\t\t\t\t<\/div>\n\t\t\t\t<\/div>\n\t\t\t\t<\/div>\n\t\t<div class=\"elementor-element elementor-element-3c24738e e-con-full e-flex e-con e-child\" data-id=\"3c24738e\" data-element_type=\"container\" data-e-type=\"container\">\n\t\t\t\t<div class=\"elementor-element elementor-element-54d84954 elementor-widget elementor-widget-heading\" data-id=\"54d84954\" data-element_type=\"widget\" data-e-type=\"widget\" data-widget_type=\"heading.default\">\n\t\t\t\t<div class=\"elementor-widget-container\">\n\t\t\t\t\t<span class=\"elementor-heading-title elementor-size-default\"><a href=\"https:\/\/katedra.sk\/versenyek\/wp-content\/uploads\/archivum\/2020-2021\/Versenyek-2020-09.pdf\" target=\"_blank\">Versenyek-2020-09 (let\u00f6lt\u00e9s)<\/a><\/span>\t\t\t\t<\/div>\n\t\t\t\t<\/div>\n\t\t\t\t<div class=\"elementor-element elementor-element-4035ffe1 elementor-widget elementor-widget-image\" data-id=\"4035ffe1\" data-element_type=\"widget\" data-e-type=\"widget\" data-widget_type=\"image.default\">\n\t\t\t\t<div class=\"elementor-widget-container\">\n\t\t\t\t\t\t\t\t\t\t\t\t\t\t\t\t<a href=\"https:\/\/katedra.sk\/versenyek\/wp-content\/uploads\/archivum\/2020-2021\/Versenyek-2020-09.pdf\">\n\t\t\t\t\t\t\t<img fetchpriority=\"high\" decoding=\"async\" width=\"252\" height=\"350\" src=\"https:\/\/katedra.sk\/versenyek\/wp-content\/uploads\/2023\/11\/Versenyek-archiv-belyeg.jpg\" class=\"attachment-medium_large size-medium_large wp-image-1934\" alt=\"\" \/>\t\t\t\t\t\t\t\t<\/a>\n\t\t\t\t\t\t\t\t\t\t\t\t\t\t\t<\/div>\n\t\t\t\t<\/div>\n\t\t\t\t<\/div>\n\t\t\t\t<\/div>\n\t\t\t\t\t<\/div>\n\t\t<\/div>\n\t\t\t\t\t\t<\/div>\n\t\t\t\t<\/div>\n\t\t\t\t\t<\/div>\n\t\t\t\t<\/div>\n\t\t\t\t<\/div>\n\t\t","protected":false},"excerpt":{"rendered":"<p>2020 &#8211; 2021 Versenyek-2021-06 (let\u00f6lt\u00e9s) Versenyek-2021-04 (let\u00f6lt\u00e9s) Versenyek-2021-03 (let\u00f6lt\u00e9s) Versenyek-2021-02 (let\u00f6lt\u00e9s) Versenyek-2021-01 (let\u00f6lt\u00e9s) Versenyek-2020-12 (let\u00f6lt\u00e9s) Versenyek-2020-11 (let\u00f6lt\u00e9s) Versenyek-2020-10 (let\u00f6lt\u00e9s) Versenyek-2020-09 (let\u00f6lt\u00e9s) Versenyek-2021-06 (let\u00f6lt\u00e9s) Versenyek-2021-04 (let\u00f6lt\u00e9s) Versenyek-2021-03 (let\u00f6lt\u00e9s) Versenyek-2021-02 (let\u00f6lt\u00e9s) Versenyek-2021-01 (let\u00f6lt\u00e9s) Versenyek-2020-12 (let\u00f6lt\u00e9s) Versenyek-2020-11 (let\u00f6lt\u00e9s) Versenyek-2020-10 (let\u00f6lt\u00e9s) Versenyek-2020-09 (let\u00f6lt\u00e9s)<\/p>\n","protected":false},"author":2,"featured_media":0,"parent":0,"menu_order":0,"comment_status":"closed","ping_status":"closed","template":"","meta":{"_acf_changed":false,"footnotes":""},"class_list":["post-3192","page","type-page","status-publish","hentry"],"acf":[],"_links":{"self":[{"href":"https:\/\/katedra.sk\/versenyek\/wp-json\/wp\/v2\/pages\/3192","targetHints":{"allow":["GET"]}}],"collection":[{"href":"https:\/\/katedra.sk\/versenyek\/wp-json\/wp\/v2\/pages"}],"about":[{"href":"https:\/\/katedra.sk\/versenyek\/wp-json\/wp\/v2\/types\/page"}],"author":[{"embeddable":true,"href":"https:\/\/katedra.sk\/versenyek\/wp-json\/wp\/v2\/users\/2"}],"replies":[{"embeddable":true,"href":"https:\/\/katedra.sk\/versenyek\/wp-json\/wp\/v2\/comments?post=3192"}],"version-history":[{"count":4,"href":"https:\/\/katedra.sk\/versenyek\/wp-json\/wp\/v2\/pages\/3192\/revisions"}],"predecessor-version":[{"id":3196,"href":"https:\/\/katedra.sk\/versenyek\/wp-json\/wp\/v2\/pages\/3192\/revisions\/3196"}],"wp:attachment":[{"href":"https:\/\/katedra.sk\/versenyek\/wp-json\/wp\/v2\/media?parent=3192"}],"curies":[{"name":"wp","href":"https:\/\/api.w.org\/{rel}","templated":true}]}}