{"id":3199,"date":"2024-03-25T14:53:04","date_gmt":"2024-03-25T13:53:04","guid":{"rendered":"https:\/\/katedra.sk\/versenyek\/?page_id=3199"},"modified":"2024-03-25T14:53:36","modified_gmt":"2024-03-25T13:53:36","slug":"archivum-2018-2019","status":"publish","type":"page","link":"https:\/\/katedra.sk\/versenyek\/archivum-2018-2019\/","title":{"rendered":"Arch\u00edvum \u2013 2018 &#8211; 2019"},"content":{"rendered":"\t\t<div data-elementor-type=\"wp-page\" data-elementor-id=\"3199\" class=\"elementor elementor-3199\" data-elementor-post-type=\"page\">\n\t\t\t\t<div class=\"elementor-element elementor-element-4270d068 e-flex e-con-boxed e-con e-child\" data-id=\"4270d068\" data-element_type=\"container\" data-e-type=\"container\">\n\t\t\t\t\t<div class=\"e-con-inner\">\n\t\t\t\t<div class=\"elementor-element elementor-element-c7828e1 elementor-widget elementor-widget-html\" data-id=\"c7828e1\" data-element_type=\"widget\" data-e-type=\"widget\" data-widget_type=\"html.default\">\n\t\t\t\t<div class=\"elementor-widget-container\">\n\t\t\t\t\t<script>\r\n\/* Control the Elementor Tabs from the URL\r\n* Code from https:\/\/element.how\/elementor-open-specific-tab-toggle-accordion\/\r\n* Copyright 2023 Element.how\r\n* Updated 2023\/12\/05\r\n*\/\r\nwindow.addEventListener('load', () => {\r\nsetTimeout(function () {\r\n\r\nlet scrollOffset = 100; \/* scroll offset from the top of title *\/\r\n\r\nconst tabsAccordionToggleTitles = document.querySelectorAll('.e-n-accordion-item-title, .e-n-tab-title, .elementor-tab-title');\r\n\r\nconst clickTitleWithAnchor = (anchor) => {\r\ntabsAccordionToggleTitles.forEach(title => {\r\nif (title.querySelector(`#${anchor}`) != null || title.id === anchor || (title.closest('details') && title.closest('details').id === anchor)) {\r\nif (title.getAttribute('aria-expanded') !== 'true' && !title.classList.contains('elementor-active')) title.click();\r\nlet timing = 0;\r\nlet scrollTarget = title;\r\nif (getComputedStyle(title.closest('.elementor-element')).getPropertyValue('--n-tabs-direction') == 'row') scrollTarget = title.closest('.elementor-element');\r\nif (title.closest('.e-n-accordion, .elementor-accordion-item, .elementor-toggle-item')) {\r\ntiming = 400;\r\n}\r\nsetTimeout(function () {\r\njQuery('html, body').animate({\r\nscrollTop: jQuery(scrollTarget).offset().top - scrollOffset,\r\n}, 'slow');\r\n}, timing);\r\n}\r\n});\r\n};\r\n\r\ndocument.addEventListener('click', (event) => {\r\nif (event.target.closest('a') && event.target.closest('a').href.includes('#')) {\r\nconst anchor = extractAnchor(event.target.closest('a').href);\r\nif (anchor && isAnchorInTitles(anchor, tabsAccordionToggleTitles)) {\r\nevent.preventDefault();\r\nclickTitleWithAnchor(anchor);\r\n}\r\n}\r\n});\r\n\r\nconst currentAnchor = extractAnchor(window.location.href);\r\nif (currentAnchor) {\r\nclickTitleWithAnchor(currentAnchor);\r\n}\r\n\r\nfunction extractAnchor(url) {\r\nconst match = url.match(\/#([^?]+)\/);\r\nreturn match ? match[1] : null;\r\n};\r\n\r\nfunction isAnchorInTitles(anchor, titles) {\r\nreturn Array.from(titles).some(title => {\r\nreturn title.querySelector(`#${anchor}`) !== null || title.id === anchor || (title.closest('details') && title.closest('details').id === anchor);\r\n});\r\n};\r\n\r\n}, 300);\r\n});\r\n<\/script>\t\t\t\t<\/div>\n\t\t\t\t<\/div>\n\t\t\t\t<div class=\"elementor-element elementor-element-636d92a4 e-n-tabs-mobile elementor-widget elementor-widget-n-tabs\" data-id=\"636d92a4\" data-element_type=\"widget\" data-e-type=\"widget\" data-settings=\"{&quot;tabs_justify_horizontal&quot;:&quot;start&quot;,&quot;horizontal_scroll&quot;:&quot;disable&quot;}\" data-widget_type=\"nested-tabs.default\">\n\t\t\t\t<div class=\"elementor-widget-container\">\n\t\t\t\t\t\t\t<div class=\"e-n-tabs\" data-widget-number=\"1668125348\" aria-label=\"Tabs. Open items with Enter or Space, close with Escape and navigate using the Arrow keys.\">\n\t\t\t<div class=\"e-n-tabs-heading\" role=\"tablist\">\n\t\t\t\t\t<button id=\"2018\" data-tab-title-id=\"e-n-tab-title-16681253481\" class=\"e-n-tab-title\" aria-selected=\"true\" data-tab-index=\"1\" role=\"tab\" tabindex=\"0\" aria-controls=\"e-n-tab-content-16681253481\" style=\"--n-tabs-title-order: 1;\">\n\t\t\t\t\t\t<span class=\"e-n-tab-title-text\">\n\t\t\t\t2018 - 2019\t\t\t<\/span>\n\t\t<\/button>\n\t\t\t\t\t<\/div>\n\t\t\t<div class=\"e-n-tabs-content\">\n\t\t\t\t<div id=\"e-n-tab-content-16681253481\" role=\"tabpanel\" aria-labelledby=\"2018\" data-tab-index=\"1\" style=\"--n-tabs-title-order: 1;\" class=\"e-active elementor-element elementor-element-10d468dd e-con-full e-flex e-con e-child\" data-id=\"10d468dd\" data-element_type=\"container\" data-e-type=\"container\">\n\t\t<div class=\"elementor-element elementor-element-1842dac e-con-full e-flex e-con e-child\" data-id=\"1842dac\" data-element_type=\"container\" data-e-type=\"container\">\n\t\t\t\t<div class=\"elementor-element elementor-element-22f072c3 elementor-widget elementor-widget-heading\" data-id=\"22f072c3\" data-element_type=\"widget\" data-e-type=\"widget\" data-widget_type=\"heading.default\">\n\t\t\t\t<div class=\"elementor-widget-container\">\n\t\t\t\t\t<span class=\"elementor-heading-title elementor-size-default\"><a href=\"https:\/\/katedra.sk\/versenyek\/wp-content\/uploads\/archivum\/2018-2019\/2019_06.pdf\" target=\"_blank\">Versenyek-2019-06 (let\u00f6lt\u00e9s)<\/a><\/span>\t\t\t\t<\/div>\n\t\t\t\t<\/div>\n\t\t\t\t<div class=\"elementor-element elementor-element-6a7d6110 elementor-widget elementor-widget-image\" data-id=\"6a7d6110\" data-element_type=\"widget\" data-e-type=\"widget\" data-widget_type=\"image.default\">\n\t\t\t\t<div class=\"elementor-widget-container\">\n\t\t\t\t\t\t\t\t\t\t\t\t\t\t\t\t<a href=\"https:\/\/katedra.sk\/versenyek\/wp-content\/uploads\/archivum\/2018-2019\/2019_06.pdf\">\n\t\t\t\t\t\t\t<img fetchpriority=\"high\" decoding=\"async\" width=\"252\" height=\"350\" src=\"https:\/\/katedra.sk\/versenyek\/wp-content\/uploads\/2023\/11\/Versenyek-archiv-belyeg.jpg\" class=\"attachment-medium_large size-medium_large wp-image-1934\" alt=\"\" \/>\t\t\t\t\t\t\t\t<\/a>\n\t\t\t\t\t\t\t\t\t\t\t\t\t\t\t<\/div>\n\t\t\t\t<\/div>\n\t\t\t\t<\/div>\n\t\t<div class=\"elementor-element elementor-element-34c3595f e-con-full e-flex e-con e-child\" data-id=\"34c3595f\" data-element_type=\"container\" data-e-type=\"container\">\n\t\t\t\t<div class=\"elementor-element elementor-element-2eda056e elementor-widget elementor-widget-heading\" data-id=\"2eda056e\" data-element_type=\"widget\" data-e-type=\"widget\" data-widget_type=\"heading.default\">\n\t\t\t\t<div class=\"elementor-widget-container\">\n\t\t\t\t\t<span class=\"elementor-heading-title elementor-size-default\"><a href=\"https:\/\/katedra.sk\/versenyek\/wp-content\/uploads\/archivum\/2018-2019\/2019_04.pdf\" target=\"_blank\">Versenyek-2019-04 (let\u00f6lt\u00e9s)<\/a><\/span>\t\t\t\t<\/div>\n\t\t\t\t<\/div>\n\t\t\t\t<div class=\"elementor-element elementor-element-74749741 elementor-widget elementor-widget-image\" data-id=\"74749741\" data-element_type=\"widget\" data-e-type=\"widget\" data-widget_type=\"image.default\">\n\t\t\t\t<div class=\"elementor-widget-container\">\n\t\t\t\t\t\t\t\t\t\t\t\t\t\t\t\t<a href=\"https:\/\/katedra.sk\/versenyek\/wp-content\/uploads\/archivum\/2018-2019\/2019_04.pdf\">\n\t\t\t\t\t\t\t<img fetchpriority=\"high\" decoding=\"async\" width=\"252\" height=\"350\" src=\"https:\/\/katedra.sk\/versenyek\/wp-content\/uploads\/2023\/11\/Versenyek-archiv-belyeg.jpg\" class=\"attachment-medium_large size-medium_large wp-image-1934\" alt=\"\" \/>\t\t\t\t\t\t\t\t<\/a>\n\t\t\t\t\t\t\t\t\t\t\t\t\t\t\t<\/div>\n\t\t\t\t<\/div>\n\t\t\t\t<\/div>\n\t\t<div class=\"elementor-element elementor-element-75dd7b e-con-full e-flex e-con e-child\" data-id=\"75dd7b\" data-element_type=\"container\" data-e-type=\"container\">\n\t\t\t\t<div class=\"elementor-element elementor-element-6ecdc89 elementor-widget elementor-widget-heading\" data-id=\"6ecdc89\" data-element_type=\"widget\" data-e-type=\"widget\" data-widget_type=\"heading.default\">\n\t\t\t\t<div class=\"elementor-widget-container\">\n\t\t\t\t\t<span class=\"elementor-heading-title elementor-size-default\"><a href=\"https:\/\/katedra.sk\/versenyek\/wp-content\/uploads\/archivum\/2018-2019\/2019_03.pdf\" target=\"_blank\">Versenyek-2019-03 (let\u00f6lt\u00e9s)<\/a><\/span>\t\t\t\t<\/div>\n\t\t\t\t<\/div>\n\t\t\t\t<div class=\"elementor-element elementor-element-56de0b81 elementor-widget elementor-widget-image\" data-id=\"56de0b81\" data-element_type=\"widget\" data-e-type=\"widget\" data-widget_type=\"image.default\">\n\t\t\t\t<div class=\"elementor-widget-container\">\n\t\t\t\t\t\t\t\t\t\t\t\t\t\t\t\t<a href=\"https:\/\/katedra.sk\/versenyek\/wp-content\/uploads\/archivum\/2018-2019\/2019_03.pdf\">\n\t\t\t\t\t\t\t<img fetchpriority=\"high\" decoding=\"async\" width=\"252\" height=\"350\" src=\"https:\/\/katedra.sk\/versenyek\/wp-content\/uploads\/2023\/11\/Versenyek-archiv-belyeg.jpg\" class=\"attachment-medium_large size-medium_large wp-image-1934\" alt=\"\" \/>\t\t\t\t\t\t\t\t<\/a>\n\t\t\t\t\t\t\t\t\t\t\t\t\t\t\t<\/div>\n\t\t\t\t<\/div>\n\t\t\t\t<\/div>\n\t\t<div class=\"elementor-element elementor-element-11ad353c e-con-full e-flex e-con e-child\" data-id=\"11ad353c\" data-element_type=\"container\" data-e-type=\"container\">\n\t\t\t\t<div class=\"elementor-element elementor-element-5e58cf87 elementor-widget elementor-widget-heading\" data-id=\"5e58cf87\" data-element_type=\"widget\" data-e-type=\"widget\" data-widget_type=\"heading.default\">\n\t\t\t\t<div class=\"elementor-widget-container\">\n\t\t\t\t\t<span class=\"elementor-heading-title elementor-size-default\"><a href=\"https:\/\/katedra.sk\/versenyek\/wp-content\/uploads\/archivum\/2018-2019\/2019_02.pdf\" target=\"_blank\">Versenyek-2019-02 (let\u00f6lt\u00e9s)<\/a><\/span>\t\t\t\t<\/div>\n\t\t\t\t<\/div>\n\t\t\t\t<div class=\"elementor-element elementor-element-b4c3bc5 elementor-widget elementor-widget-image\" data-id=\"b4c3bc5\" data-element_type=\"widget\" data-e-type=\"widget\" data-widget_type=\"image.default\">\n\t\t\t\t<div class=\"elementor-widget-container\">\n\t\t\t\t\t\t\t\t\t\t\t\t\t\t\t\t<a href=\"https:\/\/katedra.sk\/versenyek\/wp-content\/uploads\/archivum\/2018-2019\/2019_02.pdf\">\n\t\t\t\t\t\t\t<img fetchpriority=\"high\" decoding=\"async\" width=\"252\" height=\"350\" src=\"https:\/\/katedra.sk\/versenyek\/wp-content\/uploads\/2023\/11\/Versenyek-archiv-belyeg.jpg\" class=\"attachment-medium_large size-medium_large wp-image-1934\" alt=\"\" \/>\t\t\t\t\t\t\t\t<\/a>\n\t\t\t\t\t\t\t\t\t\t\t\t\t\t\t<\/div>\n\t\t\t\t<\/div>\n\t\t\t\t<\/div>\n\t\t<div class=\"elementor-element elementor-element-5e306493 e-con-full e-flex e-con e-child\" data-id=\"5e306493\" data-element_type=\"container\" data-e-type=\"container\">\n\t\t\t\t<div class=\"elementor-element elementor-element-16985bc5 elementor-widget elementor-widget-heading\" data-id=\"16985bc5\" data-element_type=\"widget\" data-e-type=\"widget\" data-widget_type=\"heading.default\">\n\t\t\t\t<div class=\"elementor-widget-container\">\n\t\t\t\t\t<span class=\"elementor-heading-title elementor-size-default\"><a href=\"https:\/\/katedra.sk\/versenyek\/wp-content\/uploads\/archivum\/2018-2019\/2019_01.pdf\" target=\"_blank\">Versenyek-2019-01 (let\u00f6lt\u00e9s)<\/a><\/span>\t\t\t\t<\/div>\n\t\t\t\t<\/div>\n\t\t\t\t<div class=\"elementor-element elementor-element-70cd6d11 elementor-widget elementor-widget-image\" data-id=\"70cd6d11\" data-element_type=\"widget\" data-e-type=\"widget\" data-widget_type=\"image.default\">\n\t\t\t\t<div class=\"elementor-widget-container\">\n\t\t\t\t\t\t\t\t\t\t\t\t\t\t\t\t<a href=\"https:\/\/katedra.sk\/versenyek\/wp-content\/uploads\/archivum\/2018-2019\/2019_01.pdf\">\n\t\t\t\t\t\t\t<img fetchpriority=\"high\" decoding=\"async\" width=\"252\" height=\"350\" src=\"https:\/\/katedra.sk\/versenyek\/wp-content\/uploads\/2023\/11\/Versenyek-archiv-belyeg.jpg\" class=\"attachment-medium_large size-medium_large wp-image-1934\" alt=\"\" \/>\t\t\t\t\t\t\t\t<\/a>\n\t\t\t\t\t\t\t\t\t\t\t\t\t\t\t<\/div>\n\t\t\t\t<\/div>\n\t\t\t\t<\/div>\n\t\t<div class=\"elementor-element elementor-element-33b1d6a7 e-con-full e-flex e-con e-child\" data-id=\"33b1d6a7\" data-element_type=\"container\" data-e-type=\"container\">\n\t\t\t\t<div class=\"elementor-element elementor-element-437d9a54 elementor-widget elementor-widget-heading\" data-id=\"437d9a54\" data-element_type=\"widget\" data-e-type=\"widget\" data-widget_type=\"heading.default\">\n\t\t\t\t<div class=\"elementor-widget-container\">\n\t\t\t\t\t<span class=\"elementor-heading-title elementor-size-default\"><a href=\"https:\/\/katedra.sk\/versenyek\/wp-content\/uploads\/archivum\/2018-2019\/2018_12.pdf\" target=\"_blank\">Versenyek-2018-12 (let\u00f6lt\u00e9s)<\/a><\/span>\t\t\t\t<\/div>\n\t\t\t\t<\/div>\n\t\t\t\t<div class=\"elementor-element elementor-element-11cf888e elementor-widget elementor-widget-image\" data-id=\"11cf888e\" data-element_type=\"widget\" data-e-type=\"widget\" data-widget_type=\"image.default\">\n\t\t\t\t<div class=\"elementor-widget-container\">\n\t\t\t\t\t\t\t\t\t\t\t\t\t\t\t\t<a href=\"https:\/\/katedra.sk\/versenyek\/wp-content\/uploads\/archivum\/2018-2019\/2018_12.pdf\">\n\t\t\t\t\t\t\t<img fetchpriority=\"high\" decoding=\"async\" width=\"252\" height=\"350\" src=\"https:\/\/katedra.sk\/versenyek\/wp-content\/uploads\/2023\/11\/Versenyek-archiv-belyeg.jpg\" class=\"attachment-medium_large size-medium_large wp-image-1934\" alt=\"\" \/>\t\t\t\t\t\t\t\t<\/a>\n\t\t\t\t\t\t\t\t\t\t\t\t\t\t\t<\/div>\n\t\t\t\t<\/div>\n\t\t\t\t<\/div>\n\t\t<div class=\"elementor-element elementor-element-199c43a1 e-con-full e-flex e-con e-child\" data-id=\"199c43a1\" data-element_type=\"container\" data-e-type=\"container\">\n\t\t\t\t<div class=\"elementor-element elementor-element-644d940a elementor-widget elementor-widget-heading\" data-id=\"644d940a\" data-element_type=\"widget\" data-e-type=\"widget\" data-widget_type=\"heading.default\">\n\t\t\t\t<div class=\"elementor-widget-container\">\n\t\t\t\t\t<span class=\"elementor-heading-title elementor-size-default\"><a href=\"https:\/\/katedra.sk\/versenyek\/wp-content\/uploads\/archivum\/2018-2019\/2018_11.pdf\" target=\"_blank\">Versenyek-2018-11 (let\u00f6lt\u00e9s)<\/a><\/span>\t\t\t\t<\/div>\n\t\t\t\t<\/div>\n\t\t\t\t<div class=\"elementor-element elementor-element-2afbc918 elementor-widget elementor-widget-image\" data-id=\"2afbc918\" data-element_type=\"widget\" data-e-type=\"widget\" data-widget_type=\"image.default\">\n\t\t\t\t<div class=\"elementor-widget-container\">\n\t\t\t\t\t\t\t\t\t\t\t\t\t\t\t\t<a href=\"https:\/\/katedra.sk\/versenyek\/wp-content\/uploads\/archivum\/2018-2019\/2018_11.pdf\">\n\t\t\t\t\t\t\t<img fetchpriority=\"high\" decoding=\"async\" width=\"252\" height=\"350\" src=\"https:\/\/katedra.sk\/versenyek\/wp-content\/uploads\/2023\/11\/Versenyek-archiv-belyeg.jpg\" class=\"attachment-medium_large size-medium_large wp-image-1934\" alt=\"\" \/>\t\t\t\t\t\t\t\t<\/a>\n\t\t\t\t\t\t\t\t\t\t\t\t\t\t\t<\/div>\n\t\t\t\t<\/div>\n\t\t\t\t<\/div>\n\t\t<div class=\"elementor-element elementor-element-36291a12 e-con-full e-flex e-con e-child\" data-id=\"36291a12\" data-element_type=\"container\" data-e-type=\"container\">\n\t\t\t\t<div class=\"elementor-element elementor-element-5f94d521 elementor-widget elementor-widget-heading\" data-id=\"5f94d521\" data-element_type=\"widget\" data-e-type=\"widget\" data-widget_type=\"heading.default\">\n\t\t\t\t<div class=\"elementor-widget-container\">\n\t\t\t\t\t<span class=\"elementor-heading-title elementor-size-default\"><a href=\"https:\/\/katedra.sk\/versenyek\/wp-content\/uploads\/archivum\/2018-2019\/2018_10.pdf\" target=\"_blank\">Versenyek-2018-10 (let\u00f6lt\u00e9s)<\/a><\/span>\t\t\t\t<\/div>\n\t\t\t\t<\/div>\n\t\t\t\t<div class=\"elementor-element elementor-element-75e6ff24 elementor-widget elementor-widget-image\" data-id=\"75e6ff24\" data-element_type=\"widget\" data-e-type=\"widget\" data-widget_type=\"image.default\">\n\t\t\t\t<div class=\"elementor-widget-container\">\n\t\t\t\t\t\t\t\t\t\t\t\t\t\t\t\t<a href=\"https:\/\/katedra.sk\/versenyek\/wp-content\/uploads\/archivum\/2018-2019\/2018_10.pdf\">\n\t\t\t\t\t\t\t<img fetchpriority=\"high\" decoding=\"async\" width=\"252\" height=\"350\" src=\"https:\/\/katedra.sk\/versenyek\/wp-content\/uploads\/2023\/11\/Versenyek-archiv-belyeg.jpg\" class=\"attachment-medium_large size-medium_large wp-image-1934\" alt=\"\" \/>\t\t\t\t\t\t\t\t<\/a>\n\t\t\t\t\t\t\t\t\t\t\t\t\t\t\t<\/div>\n\t\t\t\t<\/div>\n\t\t\t\t<\/div>\n\t\t<div class=\"elementor-element elementor-element-258034c7 e-con-full e-flex e-con e-child\" data-id=\"258034c7\" data-element_type=\"container\" data-e-type=\"container\">\n\t\t\t\t<div class=\"elementor-element elementor-element-425f2936 elementor-widget elementor-widget-heading\" data-id=\"425f2936\" data-element_type=\"widget\" data-e-type=\"widget\" data-widget_type=\"heading.default\">\n\t\t\t\t<div class=\"elementor-widget-container\">\n\t\t\t\t\t<span class=\"elementor-heading-title elementor-size-default\"><a href=\"https:\/\/katedra.sk\/versenyek\/wp-content\/uploads\/archivum\/2018-2019\/2018_09.pdf\" target=\"_blank\">Versenyek-2018-09 (let\u00f6lt\u00e9s)<\/a><\/span>\t\t\t\t<\/div>\n\t\t\t\t<\/div>\n\t\t\t\t<div class=\"elementor-element elementor-element-3cecbaa5 elementor-widget elementor-widget-image\" data-id=\"3cecbaa5\" data-element_type=\"widget\" data-e-type=\"widget\" data-widget_type=\"image.default\">\n\t\t\t\t<div class=\"elementor-widget-container\">\n\t\t\t\t\t\t\t\t\t\t\t\t\t\t\t\t<a href=\"https:\/\/katedra.sk\/versenyek\/wp-content\/uploads\/archivum\/2018-2019\/2018_09.pdf\">\n\t\t\t\t\t\t\t<img fetchpriority=\"high\" decoding=\"async\" width=\"252\" height=\"350\" src=\"https:\/\/katedra.sk\/versenyek\/wp-content\/uploads\/2023\/11\/Versenyek-archiv-belyeg.jpg\" class=\"attachment-medium_large size-medium_large wp-image-1934\" alt=\"\" \/>\t\t\t\t\t\t\t\t<\/a>\n\t\t\t\t\t\t\t\t\t\t\t\t\t\t\t<\/div>\n\t\t\t\t<\/div>\n\t\t\t\t<\/div>\n\t\t\t\t<\/div>\n\t\t\t\t\t<\/div>\n\t\t<\/div>\n\t\t\t\t\t\t<\/div>\n\t\t\t\t<\/div>\n\t\t\t\t\t<\/div>\n\t\t\t\t<\/div>\n\t\t\t\t<\/div>\n\t\t","protected":false},"excerpt":{"rendered":"<p>2018 &#8211; 2019 Versenyek-2019-06 (let\u00f6lt\u00e9s) Versenyek-2019-04 (let\u00f6lt\u00e9s) Versenyek-2019-03 (let\u00f6lt\u00e9s) Versenyek-2019-02 (let\u00f6lt\u00e9s) Versenyek-2019-01 (let\u00f6lt\u00e9s) Versenyek-2018-12 (let\u00f6lt\u00e9s) Versenyek-2018-11 (let\u00f6lt\u00e9s) Versenyek-2018-10 (let\u00f6lt\u00e9s) Versenyek-2018-09 (let\u00f6lt\u00e9s) Versenyek-2019-06 (let\u00f6lt\u00e9s) Versenyek-2019-04 (let\u00f6lt\u00e9s) Versenyek-2019-03 (let\u00f6lt\u00e9s) Versenyek-2019-02 (let\u00f6lt\u00e9s) Versenyek-2019-01 (let\u00f6lt\u00e9s) Versenyek-2018-12 (let\u00f6lt\u00e9s) Versenyek-2018-11 (let\u00f6lt\u00e9s) Versenyek-2018-10 (let\u00f6lt\u00e9s) Versenyek-2018-09 (let\u00f6lt\u00e9s)<\/p>\n","protected":false},"author":2,"featured_media":0,"parent":0,"menu_order":0,"comment_status":"closed","ping_status":"closed","template":"","meta":{"_acf_changed":false,"footnotes":""},"class_list":["post-3199","page","type-page","status-publish","hentry"],"acf":[],"_links":{"self":[{"href":"https:\/\/katedra.sk\/versenyek\/wp-json\/wp\/v2\/pages\/3199","targetHints":{"allow":["GET"]}}],"collection":[{"href":"https:\/\/katedra.sk\/versenyek\/wp-json\/wp\/v2\/pages"}],"about":[{"href":"https:\/\/katedra.sk\/versenyek\/wp-json\/wp\/v2\/types\/page"}],"author":[{"embeddable":true,"href":"https:\/\/katedra.sk\/versenyek\/wp-json\/wp\/v2\/users\/2"}],"replies":[{"embeddable":true,"href":"https:\/\/katedra.sk\/versenyek\/wp-json\/wp\/v2\/comments?post=3199"}],"version-history":[{"count":4,"href":"https:\/\/katedra.sk\/versenyek\/wp-json\/wp\/v2\/pages\/3199\/revisions"}],"predecessor-version":[{"id":3205,"href":"https:\/\/katedra.sk\/versenyek\/wp-json\/wp\/v2\/pages\/3199\/revisions\/3205"}],"wp:attachment":[{"href":"https:\/\/katedra.sk\/versenyek\/wp-json\/wp\/v2\/media?parent=3199"}],"curies":[{"name":"wp","href":"https:\/\/api.w.org\/{rel}","templated":true}]}}