{"id":3207,"date":"2024-03-25T14:55:53","date_gmt":"2024-03-25T13:55:53","guid":{"rendered":"https:\/\/katedra.sk\/versenyek\/?page_id=3207"},"modified":"2024-03-25T14:56:19","modified_gmt":"2024-03-25T13:56:19","slug":"archivum-2017-2018","status":"publish","type":"page","link":"https:\/\/katedra.sk\/versenyek\/archivum-2017-2018\/","title":{"rendered":"Arch\u00edvum \u2013 2017-2018"},"content":{"rendered":"\t\t<div data-elementor-type=\"wp-page\" data-elementor-id=\"3207\" class=\"elementor elementor-3207\" data-elementor-post-type=\"page\">\n\t\t\t\t<div class=\"elementor-element elementor-element-4270d068 e-flex e-con-boxed e-con e-child\" data-id=\"4270d068\" data-element_type=\"container\" data-e-type=\"container\">\n\t\t\t\t\t<div class=\"e-con-inner\">\n\t\t\t\t<div class=\"elementor-element elementor-element-c7828e1 elementor-widget elementor-widget-html\" data-id=\"c7828e1\" data-element_type=\"widget\" data-e-type=\"widget\" data-widget_type=\"html.default\">\n\t\t\t\t<div class=\"elementor-widget-container\">\n\t\t\t\t\t<script>\r\n\/* Control the Elementor Tabs from the URL\r\n* Code from https:\/\/element.how\/elementor-open-specific-tab-toggle-accordion\/\r\n* Copyright 2023 Element.how\r\n* Updated 2023\/12\/05\r\n*\/\r\nwindow.addEventListener('load', () => {\r\nsetTimeout(function () {\r\n\r\nlet scrollOffset = 100; \/* scroll offset from the top of title *\/\r\n\r\nconst tabsAccordionToggleTitles = document.querySelectorAll('.e-n-accordion-item-title, .e-n-tab-title, .elementor-tab-title');\r\n\r\nconst clickTitleWithAnchor = (anchor) => {\r\ntabsAccordionToggleTitles.forEach(title => {\r\nif (title.querySelector(`#${anchor}`) != null || title.id === anchor || (title.closest('details') && title.closest('details').id === anchor)) {\r\nif (title.getAttribute('aria-expanded') !== 'true' && !title.classList.contains('elementor-active')) title.click();\r\nlet timing = 0;\r\nlet scrollTarget = title;\r\nif (getComputedStyle(title.closest('.elementor-element')).getPropertyValue('--n-tabs-direction') == 'row') scrollTarget = title.closest('.elementor-element');\r\nif (title.closest('.e-n-accordion, .elementor-accordion-item, .elementor-toggle-item')) {\r\ntiming = 400;\r\n}\r\nsetTimeout(function () {\r\njQuery('html, body').animate({\r\nscrollTop: jQuery(scrollTarget).offset().top - scrollOffset,\r\n}, 'slow');\r\n}, timing);\r\n}\r\n});\r\n};\r\n\r\ndocument.addEventListener('click', (event) => {\r\nif (event.target.closest('a') && event.target.closest('a').href.includes('#')) {\r\nconst anchor = extractAnchor(event.target.closest('a').href);\r\nif (anchor && isAnchorInTitles(anchor, tabsAccordionToggleTitles)) {\r\nevent.preventDefault();\r\nclickTitleWithAnchor(anchor);\r\n}\r\n}\r\n});\r\n\r\nconst currentAnchor = extractAnchor(window.location.href);\r\nif (currentAnchor) {\r\nclickTitleWithAnchor(currentAnchor);\r\n}\r\n\r\nfunction extractAnchor(url) {\r\nconst match = url.match(\/#([^?]+)\/);\r\nreturn match ? match[1] : null;\r\n};\r\n\r\nfunction isAnchorInTitles(anchor, titles) {\r\nreturn Array.from(titles).some(title => {\r\nreturn title.querySelector(`#${anchor}`) !== null || title.id === anchor || (title.closest('details') && title.closest('details').id === anchor);\r\n});\r\n};\r\n\r\n}, 300);\r\n});\r\n<\/script>\t\t\t\t<\/div>\n\t\t\t\t<\/div>\n\t\t\t\t<div class=\"elementor-element elementor-element-636d92a4 e-n-tabs-mobile elementor-widget elementor-widget-n-tabs\" data-id=\"636d92a4\" data-element_type=\"widget\" data-e-type=\"widget\" data-settings=\"{&quot;tabs_justify_horizontal&quot;:&quot;start&quot;,&quot;horizontal_scroll&quot;:&quot;disable&quot;}\" data-widget_type=\"nested-tabs.default\">\n\t\t\t\t<div class=\"elementor-widget-container\">\n\t\t\t\t\t\t\t<div class=\"e-n-tabs\" data-widget-number=\"1668125348\" aria-label=\"Tabs. Open items with Enter or Space, close with Escape and navigate using the Arrow keys.\">\n\t\t\t<div class=\"e-n-tabs-heading\" role=\"tablist\">\n\t\t\t\t\t<button id=\"2017\" data-tab-title-id=\"e-n-tab-title-16681253481\" class=\"e-n-tab-title\" aria-selected=\"true\" data-tab-index=\"1\" role=\"tab\" tabindex=\"0\" aria-controls=\"e-n-tab-content-16681253481\" style=\"--n-tabs-title-order: 1;\">\n\t\t\t\t\t\t<span class=\"e-n-tab-title-text\">\n\t\t\t\t2017 - 2018\t\t\t<\/span>\n\t\t<\/button>\n\t\t\t\t\t<\/div>\n\t\t\t<div class=\"e-n-tabs-content\">\n\t\t\t\t<div id=\"e-n-tab-content-16681253481\" role=\"tabpanel\" aria-labelledby=\"2017\" data-tab-index=\"1\" style=\"--n-tabs-title-order: 1;\" class=\"e-active elementor-element elementor-element-a5d763b e-con-full e-flex e-con e-child\" data-id=\"a5d763b\" data-element_type=\"container\" data-e-type=\"container\">\n\t\t<div class=\"elementor-element elementor-element-4a3198c e-con-full e-flex e-con e-child\" data-id=\"4a3198c\" data-element_type=\"container\" data-e-type=\"container\">\n\t\t\t\t<div class=\"elementor-element elementor-element-0cd497c elementor-widget elementor-widget-heading\" data-id=\"0cd497c\" data-element_type=\"widget\" data-e-type=\"widget\" data-widget_type=\"heading.default\">\n\t\t\t\t<div class=\"elementor-widget-container\">\n\t\t\t\t\t<span class=\"elementor-heading-title elementor-size-default\"><a href=\"https:\/\/katedra.sk\/versenyek\/wp-content\/uploads\/archivum\/2017-2018\/2018_06.pdf\" target=\"_blank\">Versenyek-2018-06 (let\u00f6lt\u00e9s)<\/a><\/span>\t\t\t\t<\/div>\n\t\t\t\t<\/div>\n\t\t\t\t<div class=\"elementor-element elementor-element-7bdfba7 elementor-widget elementor-widget-image\" data-id=\"7bdfba7\" data-element_type=\"widget\" data-e-type=\"widget\" data-widget_type=\"image.default\">\n\t\t\t\t<div class=\"elementor-widget-container\">\n\t\t\t\t\t\t\t\t\t\t\t\t\t\t\t\t<a href=\"https:\/\/katedra.sk\/versenyek\/wp-content\/uploads\/archivum\/2017-2018\/2018_06.pdf\">\n\t\t\t\t\t\t\t<img fetchpriority=\"high\" decoding=\"async\" width=\"252\" height=\"350\" src=\"https:\/\/katedra.sk\/versenyek\/wp-content\/uploads\/2023\/11\/Versenyek-archiv-belyeg.jpg\" class=\"attachment-medium_large size-medium_large wp-image-1934\" alt=\"\" \/>\t\t\t\t\t\t\t\t<\/a>\n\t\t\t\t\t\t\t\t\t\t\t\t\t\t\t<\/div>\n\t\t\t\t<\/div>\n\t\t\t\t<\/div>\n\t\t<div class=\"elementor-element elementor-element-8682e5e e-con-full e-flex e-con e-child\" data-id=\"8682e5e\" data-element_type=\"container\" data-e-type=\"container\">\n\t\t\t\t<div class=\"elementor-element elementor-element-009f9df elementor-widget elementor-widget-heading\" data-id=\"009f9df\" data-element_type=\"widget\" data-e-type=\"widget\" data-widget_type=\"heading.default\">\n\t\t\t\t<div class=\"elementor-widget-container\">\n\t\t\t\t\t<span class=\"elementor-heading-title elementor-size-default\"><a href=\"https:\/\/katedra.sk\/versenyek\/wp-content\/uploads\/archivum\/2017-2018\/2018_04.pdf\" target=\"_blank\">Versenyek-2018-04 (let\u00f6lt\u00e9s)<\/a><\/span>\t\t\t\t<\/div>\n\t\t\t\t<\/div>\n\t\t\t\t<div class=\"elementor-element elementor-element-83fb820 elementor-widget elementor-widget-image\" data-id=\"83fb820\" data-element_type=\"widget\" data-e-type=\"widget\" data-widget_type=\"image.default\">\n\t\t\t\t<div class=\"elementor-widget-container\">\n\t\t\t\t\t\t\t\t\t\t\t\t\t\t\t\t<a href=\"https:\/\/katedra.sk\/versenyek\/wp-content\/uploads\/archivum\/2017-2018\/2018_04.pdf\">\n\t\t\t\t\t\t\t<img fetchpriority=\"high\" decoding=\"async\" width=\"252\" height=\"350\" src=\"https:\/\/katedra.sk\/versenyek\/wp-content\/uploads\/2023\/11\/Versenyek-archiv-belyeg.jpg\" class=\"attachment-medium_large size-medium_large wp-image-1934\" alt=\"\" \/>\t\t\t\t\t\t\t\t<\/a>\n\t\t\t\t\t\t\t\t\t\t\t\t\t\t\t<\/div>\n\t\t\t\t<\/div>\n\t\t\t\t<\/div>\n\t\t<div class=\"elementor-element elementor-element-39b6337 e-con-full e-flex e-con e-child\" data-id=\"39b6337\" data-element_type=\"container\" data-e-type=\"container\">\n\t\t\t\t<div class=\"elementor-element elementor-element-7d412b8 elementor-widget elementor-widget-heading\" data-id=\"7d412b8\" data-element_type=\"widget\" data-e-type=\"widget\" data-widget_type=\"heading.default\">\n\t\t\t\t<div class=\"elementor-widget-container\">\n\t\t\t\t\t<span class=\"elementor-heading-title elementor-size-default\"><a href=\"https:\/\/katedra.sk\/versenyek\/wp-content\/uploads\/archivum\/2017-2018\/2018_03.pdf\" target=\"_blank\">Versenyek-2018-03 (let\u00f6lt\u00e9s)<\/a><\/span>\t\t\t\t<\/div>\n\t\t\t\t<\/div>\n\t\t\t\t<div class=\"elementor-element elementor-element-3a4fd2f elementor-widget elementor-widget-image\" data-id=\"3a4fd2f\" data-element_type=\"widget\" data-e-type=\"widget\" data-widget_type=\"image.default\">\n\t\t\t\t<div class=\"elementor-widget-container\">\n\t\t\t\t\t\t\t\t\t\t\t\t\t\t\t\t<a href=\"https:\/\/katedra.sk\/versenyek\/wp-content\/uploads\/archivum\/2017-2018\/2018_03.pdf\">\n\t\t\t\t\t\t\t<img fetchpriority=\"high\" decoding=\"async\" width=\"252\" height=\"350\" src=\"https:\/\/katedra.sk\/versenyek\/wp-content\/uploads\/2023\/11\/Versenyek-archiv-belyeg.jpg\" class=\"attachment-medium_large size-medium_large wp-image-1934\" alt=\"\" \/>\t\t\t\t\t\t\t\t<\/a>\n\t\t\t\t\t\t\t\t\t\t\t\t\t\t\t<\/div>\n\t\t\t\t<\/div>\n\t\t\t\t<\/div>\n\t\t<div class=\"elementor-element elementor-element-9a3d71b e-con-full e-flex e-con e-child\" data-id=\"9a3d71b\" data-element_type=\"container\" data-e-type=\"container\">\n\t\t\t\t<div class=\"elementor-element elementor-element-9ad2487 elementor-widget elementor-widget-heading\" data-id=\"9ad2487\" data-element_type=\"widget\" data-e-type=\"widget\" data-widget_type=\"heading.default\">\n\t\t\t\t<div class=\"elementor-widget-container\">\n\t\t\t\t\t<span class=\"elementor-heading-title elementor-size-default\"><a href=\"https:\/\/katedra.sk\/versenyek\/wp-content\/uploads\/archivum\/2017-2018\/2018_02.pdf\" target=\"_blank\">Versenyek-2018-02 (let\u00f6lt\u00e9s)<\/a><\/span>\t\t\t\t<\/div>\n\t\t\t\t<\/div>\n\t\t\t\t<div class=\"elementor-element elementor-element-bfdbc77 elementor-widget elementor-widget-image\" data-id=\"bfdbc77\" data-element_type=\"widget\" data-e-type=\"widget\" data-widget_type=\"image.default\">\n\t\t\t\t<div class=\"elementor-widget-container\">\n\t\t\t\t\t\t\t\t\t\t\t\t\t\t\t\t<a href=\"https:\/\/katedra.sk\/versenyek\/wp-content\/uploads\/archivum\/2017-2018\/2018_02.pdf\">\n\t\t\t\t\t\t\t<img fetchpriority=\"high\" decoding=\"async\" width=\"252\" height=\"350\" src=\"https:\/\/katedra.sk\/versenyek\/wp-content\/uploads\/2023\/11\/Versenyek-archiv-belyeg.jpg\" class=\"attachment-medium_large size-medium_large wp-image-1934\" alt=\"\" \/>\t\t\t\t\t\t\t\t<\/a>\n\t\t\t\t\t\t\t\t\t\t\t\t\t\t\t<\/div>\n\t\t\t\t<\/div>\n\t\t\t\t<\/div>\n\t\t<div class=\"elementor-element elementor-element-6611488 e-con-full e-flex e-con e-child\" data-id=\"6611488\" data-element_type=\"container\" data-e-type=\"container\">\n\t\t\t\t<div class=\"elementor-element elementor-element-a56ca0f elementor-widget elementor-widget-heading\" data-id=\"a56ca0f\" data-element_type=\"widget\" data-e-type=\"widget\" data-widget_type=\"heading.default\">\n\t\t\t\t<div class=\"elementor-widget-container\">\n\t\t\t\t\t<span class=\"elementor-heading-title elementor-size-default\"><a href=\"https:\/\/katedra.sk\/versenyek\/wp-content\/uploads\/archivum\/2017-2018\/2018_01.pdf\" target=\"_blank\">Versenyek-2018-01 (let\u00f6lt\u00e9s)<\/a><\/span>\t\t\t\t<\/div>\n\t\t\t\t<\/div>\n\t\t\t\t<div class=\"elementor-element elementor-element-4926311 elementor-widget elementor-widget-image\" data-id=\"4926311\" data-element_type=\"widget\" data-e-type=\"widget\" data-widget_type=\"image.default\">\n\t\t\t\t<div class=\"elementor-widget-container\">\n\t\t\t\t\t\t\t\t\t\t\t\t\t\t\t\t<a href=\"https:\/\/katedra.sk\/versenyek\/wp-content\/uploads\/archivum\/2017-2018\/2018_01.pdf\">\n\t\t\t\t\t\t\t<img fetchpriority=\"high\" decoding=\"async\" width=\"252\" height=\"350\" src=\"https:\/\/katedra.sk\/versenyek\/wp-content\/uploads\/2023\/11\/Versenyek-archiv-belyeg.jpg\" class=\"attachment-medium_large size-medium_large wp-image-1934\" alt=\"\" \/>\t\t\t\t\t\t\t\t<\/a>\n\t\t\t\t\t\t\t\t\t\t\t\t\t\t\t<\/div>\n\t\t\t\t<\/div>\n\t\t\t\t<\/div>\n\t\t<div class=\"elementor-element elementor-element-c889ec4 e-con-full e-flex e-con e-child\" data-id=\"c889ec4\" data-element_type=\"container\" data-e-type=\"container\">\n\t\t\t\t<div class=\"elementor-element elementor-element-35683d6 elementor-widget elementor-widget-heading\" data-id=\"35683d6\" data-element_type=\"widget\" data-e-type=\"widget\" data-widget_type=\"heading.default\">\n\t\t\t\t<div class=\"elementor-widget-container\">\n\t\t\t\t\t<span class=\"elementor-heading-title elementor-size-default\"><a href=\"https:\/\/katedra.sk\/versenyek\/wp-content\/uploads\/archivum\/2017-2018\/2017_12.pdf\" target=\"_blank\">Versenyek-2017-12 (let\u00f6lt\u00e9s)<\/a><\/span>\t\t\t\t<\/div>\n\t\t\t\t<\/div>\n\t\t\t\t<div class=\"elementor-element elementor-element-d427745 elementor-widget elementor-widget-image\" data-id=\"d427745\" data-element_type=\"widget\" data-e-type=\"widget\" data-widget_type=\"image.default\">\n\t\t\t\t<div class=\"elementor-widget-container\">\n\t\t\t\t\t\t\t\t\t\t\t\t\t\t\t\t<a href=\"https:\/\/katedra.sk\/versenyek\/wp-content\/uploads\/archivum\/2017-2018\/2017_12.pdf\">\n\t\t\t\t\t\t\t<img fetchpriority=\"high\" decoding=\"async\" width=\"252\" height=\"350\" src=\"https:\/\/katedra.sk\/versenyek\/wp-content\/uploads\/2023\/11\/Versenyek-archiv-belyeg.jpg\" class=\"attachment-medium_large size-medium_large wp-image-1934\" alt=\"\" \/>\t\t\t\t\t\t\t\t<\/a>\n\t\t\t\t\t\t\t\t\t\t\t\t\t\t\t<\/div>\n\t\t\t\t<\/div>\n\t\t\t\t<\/div>\n\t\t<div class=\"elementor-element elementor-element-cd6e065 e-con-full e-flex e-con e-child\" data-id=\"cd6e065\" data-element_type=\"container\" data-e-type=\"container\">\n\t\t\t\t<div class=\"elementor-element elementor-element-88d67d2 elementor-widget elementor-widget-heading\" data-id=\"88d67d2\" data-element_type=\"widget\" data-e-type=\"widget\" data-widget_type=\"heading.default\">\n\t\t\t\t<div class=\"elementor-widget-container\">\n\t\t\t\t\t<span class=\"elementor-heading-title elementor-size-default\"><a href=\"https:\/\/katedra.sk\/versenyek\/wp-content\/uploads\/archivum\/2017-2018\/2017_11.pdf\" target=\"_blank\">Versenyek-2017-11 (let\u00f6lt\u00e9s)<\/a><\/span>\t\t\t\t<\/div>\n\t\t\t\t<\/div>\n\t\t\t\t<div class=\"elementor-element elementor-element-de7dcb3 elementor-widget elementor-widget-image\" data-id=\"de7dcb3\" data-element_type=\"widget\" data-e-type=\"widget\" data-widget_type=\"image.default\">\n\t\t\t\t<div class=\"elementor-widget-container\">\n\t\t\t\t\t\t\t\t\t\t\t\t\t\t\t\t<a href=\"https:\/\/katedra.sk\/versenyek\/wp-content\/uploads\/archivum\/2017-2018\/2017_11.pdf\">\n\t\t\t\t\t\t\t<img fetchpriority=\"high\" decoding=\"async\" width=\"252\" height=\"350\" src=\"https:\/\/katedra.sk\/versenyek\/wp-content\/uploads\/2023\/11\/Versenyek-archiv-belyeg.jpg\" class=\"attachment-medium_large size-medium_large wp-image-1934\" alt=\"\" \/>\t\t\t\t\t\t\t\t<\/a>\n\t\t\t\t\t\t\t\t\t\t\t\t\t\t\t<\/div>\n\t\t\t\t<\/div>\n\t\t\t\t<\/div>\n\t\t<div class=\"elementor-element elementor-element-04c1a8a e-con-full e-flex e-con e-child\" data-id=\"04c1a8a\" data-element_type=\"container\" data-e-type=\"container\">\n\t\t\t\t<div class=\"elementor-element elementor-element-0ba26fa elementor-widget elementor-widget-heading\" data-id=\"0ba26fa\" data-element_type=\"widget\" data-e-type=\"widget\" data-widget_type=\"heading.default\">\n\t\t\t\t<div class=\"elementor-widget-container\">\n\t\t\t\t\t<span class=\"elementor-heading-title elementor-size-default\"><a href=\"https:\/\/katedra.sk\/versenyek\/wp-content\/uploads\/archivum\/2017-2018\/2017_10.pdf\" target=\"_blank\">Versenyek-2017-10 (let\u00f6lt\u00e9s)<\/a><\/span>\t\t\t\t<\/div>\n\t\t\t\t<\/div>\n\t\t\t\t<div class=\"elementor-element elementor-element-4d8f348 elementor-widget elementor-widget-image\" data-id=\"4d8f348\" data-element_type=\"widget\" data-e-type=\"widget\" data-widget_type=\"image.default\">\n\t\t\t\t<div class=\"elementor-widget-container\">\n\t\t\t\t\t\t\t\t\t\t\t\t\t\t\t\t<a href=\"https:\/\/katedra.sk\/versenyek\/wp-content\/uploads\/archivum\/2017-2018\/2017_10.pdf\">\n\t\t\t\t\t\t\t<img fetchpriority=\"high\" decoding=\"async\" width=\"252\" height=\"350\" src=\"https:\/\/katedra.sk\/versenyek\/wp-content\/uploads\/2023\/11\/Versenyek-archiv-belyeg.jpg\" class=\"attachment-medium_large size-medium_large wp-image-1934\" alt=\"\" \/>\t\t\t\t\t\t\t\t<\/a>\n\t\t\t\t\t\t\t\t\t\t\t\t\t\t\t<\/div>\n\t\t\t\t<\/div>\n\t\t\t\t<\/div>\n\t\t<div class=\"elementor-element elementor-element-f705c36 e-con-full e-flex e-con e-child\" data-id=\"f705c36\" data-element_type=\"container\" data-e-type=\"container\">\n\t\t\t\t<div class=\"elementor-element elementor-element-989cfa4 elementor-widget elementor-widget-heading\" data-id=\"989cfa4\" data-element_type=\"widget\" data-e-type=\"widget\" data-widget_type=\"heading.default\">\n\t\t\t\t<div class=\"elementor-widget-container\">\n\t\t\t\t\t<span class=\"elementor-heading-title elementor-size-default\"><a href=\"https:\/\/katedra.sk\/versenyek\/wp-content\/uploads\/archivum\/2017-2018\/2017_09.pdf\" target=\"_blank\">Versenyek-2017-09 (let\u00f6lt\u00e9s)<\/a><\/span>\t\t\t\t<\/div>\n\t\t\t\t<\/div>\n\t\t\t\t<div class=\"elementor-element elementor-element-fba9092 elementor-widget elementor-widget-image\" data-id=\"fba9092\" data-element_type=\"widget\" data-e-type=\"widget\" data-widget_type=\"image.default\">\n\t\t\t\t<div class=\"elementor-widget-container\">\n\t\t\t\t\t\t\t\t\t\t\t\t\t\t\t\t<a href=\"https:\/\/katedra.sk\/versenyek\/wp-content\/uploads\/archivum\/2017-2018\/2017_09.pdf\">\n\t\t\t\t\t\t\t<img fetchpriority=\"high\" decoding=\"async\" width=\"252\" height=\"350\" src=\"https:\/\/katedra.sk\/versenyek\/wp-content\/uploads\/2023\/11\/Versenyek-archiv-belyeg.jpg\" class=\"attachment-medium_large size-medium_large wp-image-1934\" alt=\"\" \/>\t\t\t\t\t\t\t\t<\/a>\n\t\t\t\t\t\t\t\t\t\t\t\t\t\t\t<\/div>\n\t\t\t\t<\/div>\n\t\t\t\t<\/div>\n\t\t\t\t<\/div>\n\t\t\t\t\t<\/div>\n\t\t<\/div>\n\t\t\t\t\t\t<\/div>\n\t\t\t\t<\/div>\n\t\t\t\t\t<\/div>\n\t\t\t\t<\/div>\n\t\t\t\t<\/div>\n\t\t","protected":false},"excerpt":{"rendered":"<p>2017 &#8211; 2018 Versenyek-2018-06 (let\u00f6lt\u00e9s) Versenyek-2018-04 (let\u00f6lt\u00e9s) Versenyek-2018-03 (let\u00f6lt\u00e9s) Versenyek-2018-02 (let\u00f6lt\u00e9s) Versenyek-2018-01 (let\u00f6lt\u00e9s) Versenyek-2017-12 (let\u00f6lt\u00e9s) Versenyek-2017-11 (let\u00f6lt\u00e9s) Versenyek-2017-10 (let\u00f6lt\u00e9s) Versenyek-2017-09 (let\u00f6lt\u00e9s) Versenyek-2018-06 (let\u00f6lt\u00e9s) Versenyek-2018-04 (let\u00f6lt\u00e9s) Versenyek-2018-03 (let\u00f6lt\u00e9s) Versenyek-2018-02 (let\u00f6lt\u00e9s) Versenyek-2018-01 (let\u00f6lt\u00e9s) Versenyek-2017-12 (let\u00f6lt\u00e9s) Versenyek-2017-11 (let\u00f6lt\u00e9s) Versenyek-2017-10 (let\u00f6lt\u00e9s) Versenyek-2017-09 (let\u00f6lt\u00e9s)<\/p>\n","protected":false},"author":2,"featured_media":0,"parent":0,"menu_order":0,"comment_status":"closed","ping_status":"closed","template":"","meta":{"_acf_changed":false,"footnotes":""},"class_list":["post-3207","page","type-page","status-publish","hentry"],"acf":[],"_links":{"self":[{"href":"https:\/\/katedra.sk\/versenyek\/wp-json\/wp\/v2\/pages\/3207","targetHints":{"allow":["GET"]}}],"collection":[{"href":"https:\/\/katedra.sk\/versenyek\/wp-json\/wp\/v2\/pages"}],"about":[{"href":"https:\/\/katedra.sk\/versenyek\/wp-json\/wp\/v2\/types\/page"}],"author":[{"embeddable":true,"href":"https:\/\/katedra.sk\/versenyek\/wp-json\/wp\/v2\/users\/2"}],"replies":[{"embeddable":true,"href":"https:\/\/katedra.sk\/versenyek\/wp-json\/wp\/v2\/comments?post=3207"}],"version-history":[{"count":4,"href":"https:\/\/katedra.sk\/versenyek\/wp-json\/wp\/v2\/pages\/3207\/revisions"}],"predecessor-version":[{"id":3213,"href":"https:\/\/katedra.sk\/versenyek\/wp-json\/wp\/v2\/pages\/3207\/revisions\/3213"}],"wp:attachment":[{"href":"https:\/\/katedra.sk\/versenyek\/wp-json\/wp\/v2\/media?parent=3207"}],"curies":[{"name":"wp","href":"https:\/\/api.w.org\/{rel}","templated":true}]}}